{"id":2054,"date":"2023-12-15T09:26:24","date_gmt":"2023-12-15T09:26:24","guid":{"rendered":"https:\/\/purvitis.lv\/apmekle\/"},"modified":"2024-07-25T12:42:20","modified_gmt":"2024-07-25T12:42:20","slug":"apmekle","status":"publish","type":"page","link":"https:\/\/purvitis.lv\/de\/apmekle\/","title":{"rendered":"Besuchen"},"content":{"rendered":"\n<section id=\"hero-block-block_b00cdac046dfd9acf2c193e17b825a19\" class=\"hero-block mb-big mb-m-nor\">\n\n            <div class=\"texts-above-hero \">\n            <div class=\"text-above-hero\"><p>Das Museum befindet sich in<br \/>\n<a href=\"https:\/\/maps.app.goo.gl\/dsazLbwfC5R2B3Vz9\" target=\"_blank\" rel=\"noopener\">Vecjau\u017ei, Gemeinde Taurupe, Kreis Ogre<\/a><\/p>\n<\/div><div class=\"text-above-hero\"><p>F\u00fcr Fragen:<br \/>\n<a href=\"mailto:muzejs@purvisamuzejs.lv\">info@purvitis.lv<\/a><\/p>\n<\/div>        <\/div>\n            \n    <div class=\"hero-block__wrapper\">\n\n        <div class=\"marquee-wrapper\" data-bg-color=\"#fffedd\" data-direction=\"left\"><div class=\"marquee\"><div>2024. von Mai, wenn die Apfelb\u00e4ume bl\u00fchen, bis Oktober, wenn die Natur reiche Farbnuancen bietet.<\/div><\/div><\/div>\n        <div class=\"media\">\n            <img decoding=\"async\" \n                        src=\"https:\/\/purvitis.lv\/app\/uploads\/2024\/01\/map-purvitis.jpg\" \n                        class=\"img-fluid\" \n                        style=\"background-image: url(https:\/\/purvitis.lv\/app\/uploads\/2024\/01\/map-purvitis-150x150.jpg);\"\n                        alt=\"\">\n                        <div class=\"image-wrapper\"><\/div>\n        <\/div>\n        \n        \n                            \n    <\/div>\n\n<\/section>\n\n<script>window.dispatchEvent( new Event('acf\/loaded\/hero-block'));<\/script>\n<section id=\"two-cols-text-block_1a051a411256a4abe75d03b73646c31a\" class=\"two-cols-text mb-big mb-m-nor\">\n\n    <div class=\"col col__first\">\n        <div class=\"col__wrapper\">\n            <h3>Gruppenbesuche<\/h3>\n<p>Gruppenbesuche ab 10 Personen mit vorheriger Anmeldung info@purvitis.lv m\u00f6glich.<br \/>\nPreis: 7 EUR pro Person<\/p>\n<p>&nbsp;<\/p>\n        <\/div>\n    <\/div>\n\n    <div class=\"col col__second\">\n        <div class=\"col__wrapper\">\n            <h3>Besuche f\u00fcr Sch\u00fclerinnen und Sch\u00fcler<\/h3>\n<p>Sch\u00fclergruppen mit vorheriger Anmeldung info@purvitis.lv m\u00f6glich.<br \/>\nPreis: 7 EUR pro Person<\/p>\n        <\/div>\n    <\/div>\n\n<\/section>\n\n<script>window.dispatchEvent( new Event('acf\/loaded\/two-cols-text'));<\/script>\n<section id=\"full-width-image-block_95b63a6154fcdb17e192ef24009c8563\" class=\"full-width-image no-short-line mb-big mb-m-big\">\n\n            \n    <div class=\"mpwbpk-image full-width media\">\n        <img decoding=\"async\" src=\"https:\/\/purvitis.lv\/app\/uploads\/2023\/12\/D92A31F6-BA0C-40CF-9F4E-6679037F2A3E-1.jpeg\" class=\"img-fluid\" alt=\"\">            \n            \n            <\/div>\n\n    <div class=\"text-block-wrapper bottom\"><div class=\"text-block short-line\"><h3>Anfahrt<\/h3>\n<p>Es stehen keine \u00f6ffentlichen Verkehrsmittel zum Museum zur Verf\u00fcgung. Benutzen Sie bitte den Individualverkehr. Es wird empfohlen, die Stra\u00dfe \u201eZaube &#8211; Kli\u0123ene&#8221; zu benutzen, siehe auf der Karte.<\/p>\n<\/div><div class=\"text-block short-line\"><h3>Parken<\/h3>\n<p>Der Pkw-Parkplatz steht w\u00e4hrend des Betriebs der Hauptfreilichtausstellung des Museums zur Verf\u00fcgung \u2013 von Mai, wenn die Apfelb\u00e4ume bl\u00fchen, bis Oktober, wenn die Natur <span style=\"font-weight: 400;\">reiche Farbnuancen bietet. <\/span><\/p>\n<\/div><\/div>    \n<\/section>\n\n<script>window.dispatchEvent( new Event('acf\/loaded\/full-width-image'));<\/script>\n<section id=\"two-cols-image-block_4b4b2d64ba11a4593221cd13404b8d6c\" class=\"two-cols-image no-short-line mb-big mb-m-big\">\n\n\n            <div class=\"image-block\">\n                <img loading=\"lazy\" decoding=\"async\" src=\"https:\/\/purvitis.lv\/app\/uploads\/2023\/12\/1.jpeg\" style=\"background-image: url(https:\/\/purvitis.lv\/app\/uploads\/2023\/12\/1-150x150.jpeg);\" class=\"img-fluid\" width=\"534\" height=\"352\"  alt=\"\"><div class=\"text-block\"><h3>Busse<\/h3>\n<p>Um die sch\u00f6ne und historische Lindenallee, die von der Familie Vilhelms Purv\u012btis angelegt wurde, zu sch\u00fctzen, bitten wir die Besucher, am Ende der Gasse aus den Bussen auszusteigen und die Busse 1,3 km von \u201eVecjau\u017ei&#8221; entfernt an der Stra\u00dfe der \u201eLettischen W\u00e4lder\u201c zu parken.<\/p>\n<p>&nbsp;<\/p>\n<p>&nbsp;<\/p>\n<\/div>            <\/div>\n    \n        \n            <div class=\"image-block\">\n                <img loading=\"lazy\" decoding=\"async\" src=\"https:\/\/purvitis.lv\/app\/uploads\/2023\/12\/2.jpeg\" style=\"background-image: url(https:\/\/purvitis.lv\/app\/uploads\/2023\/12\/2-150x150.jpeg);\" class=\"img-fluid\" width=\"534\" height=\"352\"  alt=\"\"><div class=\"text-block\"><h3>Open Air und Barrierefreiheit<\/h3>\n<p>Die Freilichtausstellung des Museums liegt in der freien Natur und das Museum befindet sich in der Entwicklungsphase. Daher m\u00f6chten wir Sie dar\u00fcber informieren, dass es derzeit keinen Zugang zum Museum f\u00fcr Personen mit eingeschr\u00e4nkter Mobilit\u00e4t gibt.<\/p>\n<p>Von November bis April k\u00f6nnen die Stra\u00dfen des \u201ePurv\u012btis-Museum&#8221; f\u00fcr den Verkehr unpassierbar sein.<\/p>\n<\/div>            <\/div>\n    \n            \n<\/section>\n\n<script>window.dispatchEvent( new Event('acf\/loaded\/two-cols-image'));<\/script>\n<style type=\"text\/css\">\n\n    \n    :root {\n        \/*\n            New BG color\n        --------------------------------------- *\/\n        --new-bg-hue: 58 !important;\n        --new-bg-saturation: 100% !important;\n        --new-bg-light: 88% !important;\n    }\n\n<\/style>\n\n<section id=\"donate-box-block_022a57dfd9b6e3bb775f7ef9f8217833\" class=\"donate-box\">\n    <div class=\"donate-box__inner\" data-bg-color=\"#fffedd\">\n        <p>Rekviz\u012bti:<\/p>\n<p>Biedr\u012bba \u201cPurv\u012b\u0161a muzejs\u201d<\/p>\n<p>Re\u0123.nr. 40008120773<\/p>\n<p>Banka: Swedbank<br \/>\nKonta: LV96HABA0551018616469<\/p>\n<p>&nbsp;<\/p>\n<p>&nbsp;<\/p>\n        <a href=\"\" class=\"cta\">Ziedo muzeja izveidei<\/a>\n    <\/div>\n<\/section>\n\n<script>window.dispatchEvent( new Event('acf\/loaded\/donate-box'));<\/script>","protected":false},"excerpt":{"rendered":"","protected":false},"author":1,"featured_media":0,"parent":0,"menu_order":0,"comment_status":"closed","ping_status":"closed","template":"","meta":{"footnotes":""},"class_list":["post-2054","page","type-page","status-publish","hentry"],"acf":[],"yoast_head":"<!-- This site is optimized with the Yoast SEO plugin v21.9.1 - https:\/\/yoast.com\/wordpress\/plugins\/seo\/ -->\n<title>Besuchen - Purv\u012b\u0161a muzejs<\/title>\n<meta name=\"robots\" content=\"index, follow, max-snippet:-1, max-image-preview:large, max-video-preview:-1\" \/>\n<link rel=\"canonical\" href=\"https:\/\/purvitis.lv\/de\/apmekle\/\" \/>\n<meta property=\"og:locale\" content=\"de_DE\" \/>\n<meta property=\"og:type\" content=\"article\" \/>\n<meta property=\"og:title\" content=\"Besuchen - Purv\u012b\u0161a muzejs\" \/>\n<meta property=\"og:url\" content=\"https:\/\/purvitis.lv\/de\/apmekle\/\" \/>\n<meta property=\"og:site_name\" content=\"Purv\u012b\u0161a muzejs\" \/>\n<meta property=\"article:modified_time\" content=\"2024-07-25T12:42:20+00:00\" \/>\n<meta name=\"twitter:card\" content=\"summary_large_image\" \/>\n<script type=\"application\/ld+json\" class=\"yoast-schema-graph\">{\"@context\":\"https:\/\/schema.org\",\"@graph\":[{\"@type\":\"WebPage\",\"@id\":\"https:\/\/purvitis.lv\/de\/apmekle\/\",\"url\":\"https:\/\/purvitis.lv\/de\/apmekle\/\",\"name\":\"Besuchen - Purv\u012b\u0161a muzejs\",\"isPartOf\":{\"@id\":\"https:\/\/purvitis.lv\/#website\"},\"datePublished\":\"2023-12-15T09:26:24+00:00\",\"dateModified\":\"2024-07-25T12:42:20+00:00\",\"breadcrumb\":{\"@id\":\"https:\/\/purvitis.lv\/de\/apmekle\/#breadcrumb\"},\"inLanguage\":\"de-DE\",\"potentialAction\":[{\"@type\":\"ReadAction\",\"target\":[\"https:\/\/purvitis.lv\/de\/apmekle\/\"]}]},{\"@type\":\"BreadcrumbList\",\"@id\":\"https:\/\/purvitis.lv\/de\/apmekle\/#breadcrumb\",\"itemListElement\":[{\"@type\":\"ListItem\",\"position\":1,\"name\":\"Home\",\"item\":\"https:\/\/purvitis.lv\/de\/\"},{\"@type\":\"ListItem\",\"position\":2,\"name\":\"Besuchen\"}]},{\"@type\":\"WebSite\",\"@id\":\"https:\/\/purvitis.lv\/#website\",\"url\":\"https:\/\/purvitis.lv\/\",\"name\":\"Purv\u012b\u0161a muzejs\",\"description\":\"ir m\u0101jas\",\"potentialAction\":[{\"@type\":\"SearchAction\",\"target\":{\"@type\":\"EntryPoint\",\"urlTemplate\":\"https:\/\/purvitis.lv\/?s={search_term_string}\"},\"query-input\":\"required name=search_term_string\"}],\"inLanguage\":\"de-DE\"}]}<\/script>\n<!-- \/ Yoast SEO plugin. -->","yoast_head_json":{"title":"Besuchen - Purv\u012b\u0161a muzejs","robots":{"index":"index","follow":"follow","max-snippet":"max-snippet:-1","max-image-preview":"max-image-preview:large","max-video-preview":"max-video-preview:-1"},"canonical":"https:\/\/purvitis.lv\/de\/apmekle\/","og_locale":"de_DE","og_type":"article","og_title":"Besuchen - Purv\u012b\u0161a muzejs","og_url":"https:\/\/purvitis.lv\/de\/apmekle\/","og_site_name":"Purv\u012b\u0161a muzejs","article_modified_time":"2024-07-25T12:42:20+00:00","twitter_card":"summary_large_image","schema":{"@context":"https:\/\/schema.org","@graph":[{"@type":"WebPage","@id":"https:\/\/purvitis.lv\/de\/apmekle\/","url":"https:\/\/purvitis.lv\/de\/apmekle\/","name":"Besuchen - Purv\u012b\u0161a muzejs","isPartOf":{"@id":"https:\/\/purvitis.lv\/#website"},"datePublished":"2023-12-15T09:26:24+00:00","dateModified":"2024-07-25T12:42:20+00:00","breadcrumb":{"@id":"https:\/\/purvitis.lv\/de\/apmekle\/#breadcrumb"},"inLanguage":"de-DE","potentialAction":[{"@type":"ReadAction","target":["https:\/\/purvitis.lv\/de\/apmekle\/"]}]},{"@type":"BreadcrumbList","@id":"https:\/\/purvitis.lv\/de\/apmekle\/#breadcrumb","itemListElement":[{"@type":"ListItem","position":1,"name":"Home","item":"https:\/\/purvitis.lv\/de\/"},{"@type":"ListItem","position":2,"name":"Besuchen"}]},{"@type":"WebSite","@id":"https:\/\/purvitis.lv\/#website","url":"https:\/\/purvitis.lv\/","name":"Purv\u012b\u0161a muzejs","description":"ir m\u0101jas","potentialAction":[{"@type":"SearchAction","target":{"@type":"EntryPoint","urlTemplate":"https:\/\/purvitis.lv\/?s={search_term_string}"},"query-input":"required name=search_term_string"}],"inLanguage":"de-DE"}]}},"_links":{"self":[{"href":"https:\/\/purvitis.lv\/de\/wp-json\/wp\/v2\/pages\/2054","targetHints":{"allow":["GET"]}}],"collection":[{"href":"https:\/\/purvitis.lv\/de\/wp-json\/wp\/v2\/pages"}],"about":[{"href":"https:\/\/purvitis.lv\/de\/wp-json\/wp\/v2\/types\/page"}],"author":[{"embeddable":true,"href":"https:\/\/purvitis.lv\/de\/wp-json\/wp\/v2\/users\/1"}],"replies":[{"embeddable":true,"href":"https:\/\/purvitis.lv\/de\/wp-json\/wp\/v2\/comments?post=2054"}],"version-history":[{"count":11,"href":"https:\/\/purvitis.lv\/de\/wp-json\/wp\/v2\/pages\/2054\/revisions"}],"predecessor-version":[{"id":2819,"href":"https:\/\/purvitis.lv\/de\/wp-json\/wp\/v2\/pages\/2054\/revisions\/2819"}],"wp:attachment":[{"href":"https:\/\/purvitis.lv\/de\/wp-json\/wp\/v2\/media?parent=2054"}],"curies":[{"name":"wp","href":"https:\/\/api.w.org\/{rel}","templated":true}]}}