{"id":2057,"date":"2024-02-06T10:39:56","date_gmt":"2024-02-06T10:39:56","guid":{"rendered":"https:\/\/purvitis.lv\/grupu-apmeklejumi\/"},"modified":"2024-02-06T10:39:56","modified_gmt":"2024-02-06T10:39:56","slug":"grupu-apmeklejumi","status":"publish","type":"page","link":"https:\/\/purvitis.lv\/de\/grupu-apmeklejumi\/","title":{"rendered":"Grupu apmeklejumi"},"content":{"rendered":"\n<section id=\"purvitis-text-block_9238d0328861fffde670a3c1260b3b94\" class=\"purvitis-text\">\n\n    <p dir=\"ltr\">\u201cPurv\u012b\u0161a muzejs\u201d ieved m\u016bs kult\u016bras mantojuma un dabas bag\u0101t\u012bbu pasaul\u0113, pied\u0101v\u0101jot ne tikai v\u0113sturiskas atzi\u0146as, bet ar\u012b piedz\u012bvojumu un jaunradi.\u00a0\u0160is muzejs, kas \u0161obr\u012bd atrodas tap\u0161anas posm\u0101, dod iesp\u0113ju ikvienam iepaz\u012bt un baud\u012bt Latvijas skaistumu un v\u0113sturi.<\/p>\n<p dir=\"ltr\">Muzeja akt\u012bv\u0101s darb\u012bbas sezona \u2013 no maija, kad \u0101beles ir ziedon\u012b, l\u012bdz oktobrim, kad daba sniedz bag\u0101t\u012bgas kr\u0101su nianses, \u2013 ir \u012bpa\u0161s laiks, kur\u0101 \u201cPurv\u012b\u0161a muzejs\u201d aicina apmekl\u0113t\u0101jus. \u0160aj\u0101 period\u0101 \u201cVecjau\u017eos\u201d, Vilhelma Purv\u012b\u0161a dzimtaj\u0101 m\u0101j\u0101, var\u0113siet izbaud\u012bt ainavu un piedal\u012bties da\u017e\u0101d\u0101s aktivit\u0101t\u0113s.<\/p>\n<p dir=\"ltr\">Muzejs aicina gan draugu kopas, kas v\u0113las rado\u0161i pavad\u012bt laiku un svin\u0113t sv\u0113tkus, gan \u0123imenes ar b\u0113rniem un vecvec\u0101kiem, lai kop\u012bgi izp\u0113t\u012btu Latvijas skaistumu un v\u0113sturi. Tiek gaid\u012bti ar\u012b zin\u0101tk\u0101ri skolot\u0101ji, m\u0101kslinieki, studenti, p\u0113tnieki un muzeju profesion\u0101\u013ci.<\/p>\n<p dir=\"ltr\">Grupas apmekl\u0113jums kop\u0101 ar muzeja speci\u0101listu sol\u0101s b\u016bt aizraujo\u0161s un informat\u012bvs notikums. Speci\u0101lists j\u016bs sagaid\u012bs \u201cVecjau\u017eos\u201d, lai ar st\u0101st\u012bjumu vestu grupu cauri izst\u0101dei \u201cSepti\u0146i gudrie\u201d, izstaig\u0101tu ainavu taku \u201cPurv\u012b\u0161a ac\u012bm\u201d un apmekl\u0113tu veco \u0101be\u013cd\u0101rzu, kas st\u0101v jau no Purv\u012b\u0161a b\u0113rn\u012bbas laikiem. Pirms rekonstrukcijas ir iesp\u0113jams apskat\u012bt Purv\u012b\u0161u dzimtas celt\u0101s m\u0101jas, kuras ir Latvijas kult\u016bras mantojums.<\/p>\n<p dir=\"ltr\">Apmekl\u0113jot muzeju, ne tikai g\u016bsiet v\u0113rt\u012bgas zin\u0101\u0161anas par m\u0101kslinieka Vilhelma Purv\u012b\u0161a dz\u012bvi un darb\u012bbu, bet ar\u012b piedz\u012bvosiet unik\u0101lu iesp\u0113ju sajust un ieraudz\u012bt to pa\u0161u ainavu, ko vi\u0146\u0161 m\u012bl\u0113ja un no kuras guva iedvesmu savai rado\u0161ajai darb\u012bbai. Ar iesp\u0113ju baud\u012bt t\u0113ju un mieloties ar l\u012bdzi pa\u0146emtiem gardumiem, muzejs pied\u0101v\u0101 ne tikai gar\u012bgu, bet ar\u012b gardo fizisko pieredzi. \u201cPurv\u012b\u0161a muzejs\u201d ir vieta, kur satiekas v\u0113sture un m\u016bsdienu rado\u0161ums, radot vienotu un neaizmirstamu piedz\u012bvojumu.<\/p>\n<p>Grupu apmekl\u0113jums iesp\u0113jams, piesakot viz\u012bti\u00a0<a href=\"mailto:info@purvisamuzejs.lv\" target=\"_blank\" rel=\"noopener\">info@purvisamuzejs.lv<\/a>.Grupu rezerv\u0101cij\u0101m, l\u016bgums sazin\u0101ties zvanot:<\/p>\n<p>7 eiro no personas<\/p>\n    \n<\/section>\n\n<script>window.dispatchEvent( new Event('acf\/loaded\/purvitis-text'));<\/script>","protected":false},"excerpt":{"rendered":"","protected":false},"author":2,"featured_media":0,"parent":0,"menu_order":0,"comment_status":"closed","ping_status":"closed","template":"","meta":{"footnotes":""},"class_list":["post-2057","page","type-page","status-publish","hentry"],"acf":[],"yoast_head":"<!-- This site is optimized with the Yoast SEO plugin v21.9.1 - https:\/\/yoast.com\/wordpress\/plugins\/seo\/ -->\n<title>Grupu apmeklejumi - Purv\u012b\u0161a muzejs<\/title>\n<meta name=\"robots\" content=\"index, follow, max-snippet:-1, max-image-preview:large, max-video-preview:-1\" \/>\n<link rel=\"canonical\" href=\"https:\/\/purvitis.lv\/de\/grupu-apmeklejumi\/\" \/>\n<meta property=\"og:locale\" content=\"de_DE\" \/>\n<meta property=\"og:type\" content=\"article\" \/>\n<meta property=\"og:title\" content=\"Grupu apmeklejumi - Purv\u012b\u0161a muzejs\" \/>\n<meta property=\"og:url\" content=\"https:\/\/purvitis.lv\/de\/grupu-apmeklejumi\/\" \/>\n<meta property=\"og:site_name\" content=\"Purv\u012b\u0161a muzejs\" \/>\n<meta name=\"twitter:card\" content=\"summary_large_image\" \/>\n<script type=\"application\/ld+json\" class=\"yoast-schema-graph\">{\"@context\":\"https:\/\/schema.org\",\"@graph\":[{\"@type\":\"WebPage\",\"@id\":\"https:\/\/purvitis.lv\/de\/grupu-apmeklejumi\/\",\"url\":\"https:\/\/purvitis.lv\/de\/grupu-apmeklejumi\/\",\"name\":\"Grupu apmeklejumi - Purv\u012b\u0161a muzejs\",\"isPartOf\":{\"@id\":\"https:\/\/purvitis.lv\/#website\"},\"datePublished\":\"2024-02-06T10:39:56+00:00\",\"dateModified\":\"2024-02-06T10:39:56+00:00\",\"breadcrumb\":{\"@id\":\"https:\/\/purvitis.lv\/de\/grupu-apmeklejumi\/#breadcrumb\"},\"inLanguage\":\"de-DE\",\"potentialAction\":[{\"@type\":\"ReadAction\",\"target\":[\"https:\/\/purvitis.lv\/de\/grupu-apmeklejumi\/\"]}]},{\"@type\":\"BreadcrumbList\",\"@id\":\"https:\/\/purvitis.lv\/de\/grupu-apmeklejumi\/#breadcrumb\",\"itemListElement\":[{\"@type\":\"ListItem\",\"position\":1,\"name\":\"Home\",\"item\":\"https:\/\/purvitis.lv\/de\/\"},{\"@type\":\"ListItem\",\"position\":2,\"name\":\"Grupu apmeklejumi\"}]},{\"@type\":\"WebSite\",\"@id\":\"https:\/\/purvitis.lv\/#website\",\"url\":\"https:\/\/purvitis.lv\/\",\"name\":\"Purv\u012b\u0161a muzejs\",\"description\":\"ir m\u0101jas\",\"potentialAction\":[{\"@type\":\"SearchAction\",\"target\":{\"@type\":\"EntryPoint\",\"urlTemplate\":\"https:\/\/purvitis.lv\/?s={search_term_string}\"},\"query-input\":\"required name=search_term_string\"}],\"inLanguage\":\"de-DE\"}]}<\/script>\n<!-- \/ Yoast SEO plugin. -->","yoast_head_json":{"title":"Grupu apmeklejumi - Purv\u012b\u0161a muzejs","robots":{"index":"index","follow":"follow","max-snippet":"max-snippet:-1","max-image-preview":"max-image-preview:large","max-video-preview":"max-video-preview:-1"},"canonical":"https:\/\/purvitis.lv\/de\/grupu-apmeklejumi\/","og_locale":"de_DE","og_type":"article","og_title":"Grupu apmeklejumi - Purv\u012b\u0161a muzejs","og_url":"https:\/\/purvitis.lv\/de\/grupu-apmeklejumi\/","og_site_name":"Purv\u012b\u0161a muzejs","twitter_card":"summary_large_image","schema":{"@context":"https:\/\/schema.org","@graph":[{"@type":"WebPage","@id":"https:\/\/purvitis.lv\/de\/grupu-apmeklejumi\/","url":"https:\/\/purvitis.lv\/de\/grupu-apmeklejumi\/","name":"Grupu apmeklejumi - Purv\u012b\u0161a muzejs","isPartOf":{"@id":"https:\/\/purvitis.lv\/#website"},"datePublished":"2024-02-06T10:39:56+00:00","dateModified":"2024-02-06T10:39:56+00:00","breadcrumb":{"@id":"https:\/\/purvitis.lv\/de\/grupu-apmeklejumi\/#breadcrumb"},"inLanguage":"de-DE","potentialAction":[{"@type":"ReadAction","target":["https:\/\/purvitis.lv\/de\/grupu-apmeklejumi\/"]}]},{"@type":"BreadcrumbList","@id":"https:\/\/purvitis.lv\/de\/grupu-apmeklejumi\/#breadcrumb","itemListElement":[{"@type":"ListItem","position":1,"name":"Home","item":"https:\/\/purvitis.lv\/de\/"},{"@type":"ListItem","position":2,"name":"Grupu apmeklejumi"}]},{"@type":"WebSite","@id":"https:\/\/purvitis.lv\/#website","url":"https:\/\/purvitis.lv\/","name":"Purv\u012b\u0161a muzejs","description":"ir m\u0101jas","potentialAction":[{"@type":"SearchAction","target":{"@type":"EntryPoint","urlTemplate":"https:\/\/purvitis.lv\/?s={search_term_string}"},"query-input":"required name=search_term_string"}],"inLanguage":"de-DE"}]}},"_links":{"self":[{"href":"https:\/\/purvitis.lv\/de\/wp-json\/wp\/v2\/pages\/2057","targetHints":{"allow":["GET"]}}],"collection":[{"href":"https:\/\/purvitis.lv\/de\/wp-json\/wp\/v2\/pages"}],"about":[{"href":"https:\/\/purvitis.lv\/de\/wp-json\/wp\/v2\/types\/page"}],"author":[{"embeddable":true,"href":"https:\/\/purvitis.lv\/de\/wp-json\/wp\/v2\/users\/2"}],"replies":[{"embeddable":true,"href":"https:\/\/purvitis.lv\/de\/wp-json\/wp\/v2\/comments?post=2057"}],"version-history":[{"count":0,"href":"https:\/\/purvitis.lv\/de\/wp-json\/wp\/v2\/pages\/2057\/revisions"}],"wp:attachment":[{"href":"https:\/\/purvitis.lv\/de\/wp-json\/wp\/v2\/media?parent=2057"}],"curies":[{"name":"wp","href":"https:\/\/api.w.org\/{rel}","templated":true}]}}