{"id":2058,"date":"2024-02-06T10:50:56","date_gmt":"2024-02-06T10:50:56","guid":{"rendered":"https:\/\/purvitis.lv\/kulturizglitibas-notikums\/"},"modified":"2024-10-09T13:02:45","modified_gmt":"2024-10-09T13:02:45","slug":"kulturizglitibas-notikums","status":"publish","type":"page","link":"https:\/\/purvitis.lv\/de\/kulturizglitibas-notikums\/","title":{"rendered":"Kult\u016brizgl\u012bt\u012bbas notikums"},"content":{"rendered":"\n<section id=\"purvitis-text-block_890ecdc8f588571deec64f52a97de009\" class=\"purvitis-text\">\n\n    <p dir=\"ltr\">2024. gada mart\u0101 \u201cPurv\u012b\u0161a muzejs\u201d pied\u0101v\u0101s pirmo \u201ckult\u016brizgl\u012bt\u012bbas\u201d nodarb\u012bbu Latvijas\u00a0 vidusskolu skol\u0113niem.<\/p>\n<p>Vilhelms Purv\u012btis ir bijis skolot\u0101js daudz\u0101s m\u0101kslas skol\u0101s gan Sankt\u0113terburg\u0101, gan R\u012bg\u0101, gan Tallin\u0101. Kop\u0161 Latvijas M\u0101kslas akad\u0113mijas dibin\u0101\u0161anas 1919. gad\u0101. Jau pirmaj\u0101 dien\u0101 vi\u0146\u0161 aicin\u0101ja savus skolniekus uz c\u012bt\u012bgu darbu, teikdams \u012bsi: \u201cNu, tagad visi uz sav\u0101m klas\u0113m un s\u0101kam m\u0101c\u012bbas.\u201d<\/p>\n    \n<\/section>\n\n<script>window.dispatchEvent( new Event('acf\/loaded\/purvitis-text'));<\/script>","protected":false},"excerpt":{"rendered":"","protected":false},"author":2,"featured_media":0,"parent":0,"menu_order":0,"comment_status":"closed","ping_status":"closed","template":"","meta":{"footnotes":""},"class_list":["post-2058","page","type-page","status-publish","hentry"],"acf":[],"yoast_head":"<!-- This site is optimized with the Yoast SEO plugin v21.9.1 - https:\/\/yoast.com\/wordpress\/plugins\/seo\/ -->\n<title>Kult\u016brizgl\u012bt\u012bbas notikums - Purv\u012b\u0161a muzejs<\/title>\n<meta name=\"robots\" content=\"index, follow, max-snippet:-1, max-image-preview:large, max-video-preview:-1\" \/>\n<link rel=\"canonical\" href=\"https:\/\/purvitis.lv\/de\/kulturizglitibas-notikums\/\" \/>\n<meta property=\"og:locale\" content=\"de_DE\" \/>\n<meta property=\"og:type\" content=\"article\" \/>\n<meta property=\"og:title\" content=\"Kult\u016brizgl\u012bt\u012bbas notikums - Purv\u012b\u0161a muzejs\" \/>\n<meta property=\"og:url\" content=\"https:\/\/purvitis.lv\/de\/kulturizglitibas-notikums\/\" \/>\n<meta property=\"og:site_name\" content=\"Purv\u012b\u0161a muzejs\" \/>\n<meta property=\"article:modified_time\" content=\"2024-10-09T13:02:45+00:00\" \/>\n<meta name=\"twitter:card\" content=\"summary_large_image\" \/>\n<script type=\"application\/ld+json\" class=\"yoast-schema-graph\">{\"@context\":\"https:\/\/schema.org\",\"@graph\":[{\"@type\":\"WebPage\",\"@id\":\"https:\/\/purvitis.lv\/de\/kulturizglitibas-notikums\/\",\"url\":\"https:\/\/purvitis.lv\/de\/kulturizglitibas-notikums\/\",\"name\":\"Kult\u016brizgl\u012bt\u012bbas notikums - Purv\u012b\u0161a muzejs\",\"isPartOf\":{\"@id\":\"https:\/\/purvitis.lv\/#website\"},\"datePublished\":\"2024-02-06T10:50:56+00:00\",\"dateModified\":\"2024-10-09T13:02:45+00:00\",\"breadcrumb\":{\"@id\":\"https:\/\/purvitis.lv\/de\/kulturizglitibas-notikums\/#breadcrumb\"},\"inLanguage\":\"de-DE\",\"potentialAction\":[{\"@type\":\"ReadAction\",\"target\":[\"https:\/\/purvitis.lv\/de\/kulturizglitibas-notikums\/\"]}]},{\"@type\":\"BreadcrumbList\",\"@id\":\"https:\/\/purvitis.lv\/de\/kulturizglitibas-notikums\/#breadcrumb\",\"itemListElement\":[{\"@type\":\"ListItem\",\"position\":1,\"name\":\"Home\",\"item\":\"https:\/\/purvitis.lv\/de\/\"},{\"@type\":\"ListItem\",\"position\":2,\"name\":\"Kult\u016brizgl\u012bt\u012bbas notikums\"}]},{\"@type\":\"WebSite\",\"@id\":\"https:\/\/purvitis.lv\/#website\",\"url\":\"https:\/\/purvitis.lv\/\",\"name\":\"Purv\u012b\u0161a muzejs\",\"description\":\"ir m\u0101jas\",\"potentialAction\":[{\"@type\":\"SearchAction\",\"target\":{\"@type\":\"EntryPoint\",\"urlTemplate\":\"https:\/\/purvitis.lv\/?s={search_term_string}\"},\"query-input\":\"required name=search_term_string\"}],\"inLanguage\":\"de-DE\"}]}<\/script>\n<!-- \/ Yoast SEO plugin. -->","yoast_head_json":{"title":"Kult\u016brizgl\u012bt\u012bbas notikums - Purv\u012b\u0161a muzejs","robots":{"index":"index","follow":"follow","max-snippet":"max-snippet:-1","max-image-preview":"max-image-preview:large","max-video-preview":"max-video-preview:-1"},"canonical":"https:\/\/purvitis.lv\/de\/kulturizglitibas-notikums\/","og_locale":"de_DE","og_type":"article","og_title":"Kult\u016brizgl\u012bt\u012bbas notikums - Purv\u012b\u0161a muzejs","og_url":"https:\/\/purvitis.lv\/de\/kulturizglitibas-notikums\/","og_site_name":"Purv\u012b\u0161a muzejs","article_modified_time":"2024-10-09T13:02:45+00:00","twitter_card":"summary_large_image","schema":{"@context":"https:\/\/schema.org","@graph":[{"@type":"WebPage","@id":"https:\/\/purvitis.lv\/de\/kulturizglitibas-notikums\/","url":"https:\/\/purvitis.lv\/de\/kulturizglitibas-notikums\/","name":"Kult\u016brizgl\u012bt\u012bbas notikums - Purv\u012b\u0161a muzejs","isPartOf":{"@id":"https:\/\/purvitis.lv\/#website"},"datePublished":"2024-02-06T10:50:56+00:00","dateModified":"2024-10-09T13:02:45+00:00","breadcrumb":{"@id":"https:\/\/purvitis.lv\/de\/kulturizglitibas-notikums\/#breadcrumb"},"inLanguage":"de-DE","potentialAction":[{"@type":"ReadAction","target":["https:\/\/purvitis.lv\/de\/kulturizglitibas-notikums\/"]}]},{"@type":"BreadcrumbList","@id":"https:\/\/purvitis.lv\/de\/kulturizglitibas-notikums\/#breadcrumb","itemListElement":[{"@type":"ListItem","position":1,"name":"Home","item":"https:\/\/purvitis.lv\/de\/"},{"@type":"ListItem","position":2,"name":"Kult\u016brizgl\u012bt\u012bbas notikums"}]},{"@type":"WebSite","@id":"https:\/\/purvitis.lv\/#website","url":"https:\/\/purvitis.lv\/","name":"Purv\u012b\u0161a muzejs","description":"ir m\u0101jas","potentialAction":[{"@type":"SearchAction","target":{"@type":"EntryPoint","urlTemplate":"https:\/\/purvitis.lv\/?s={search_term_string}"},"query-input":"required name=search_term_string"}],"inLanguage":"de-DE"}]}},"_links":{"self":[{"href":"https:\/\/purvitis.lv\/de\/wp-json\/wp\/v2\/pages\/2058","targetHints":{"allow":["GET"]}}],"collection":[{"href":"https:\/\/purvitis.lv\/de\/wp-json\/wp\/v2\/pages"}],"about":[{"href":"https:\/\/purvitis.lv\/de\/wp-json\/wp\/v2\/types\/page"}],"author":[{"embeddable":true,"href":"https:\/\/purvitis.lv\/de\/wp-json\/wp\/v2\/users\/2"}],"replies":[{"embeddable":true,"href":"https:\/\/purvitis.lv\/de\/wp-json\/wp\/v2\/comments?post=2058"}],"version-history":[{"count":1,"href":"https:\/\/purvitis.lv\/de\/wp-json\/wp\/v2\/pages\/2058\/revisions"}],"predecessor-version":[{"id":3048,"href":"https:\/\/purvitis.lv\/de\/wp-json\/wp\/v2\/pages\/2058\/revisions\/3048"}],"wp:attachment":[{"href":"https:\/\/purvitis.lv\/de\/wp-json\/wp\/v2\/media?parent=2058"}],"curies":[{"name":"wp","href":"https:\/\/api.w.org\/{rel}","templated":true}]}}