{"id":2059,"date":"2023-12-12T03:54:24","date_gmt":"2023-12-12T03:54:24","guid":{"rendered":"https:\/\/purvitis.lv\/home\/"},"modified":"2025-02-05T11:48:22","modified_gmt":"2025-02-05T11:48:22","slug":"home","status":"publish","type":"page","link":"https:\/\/purvitis.lv\/de\/","title":{"rendered":"Heim"},"content":{"rendered":"\n<section id=\"hero-block-block_613a5ef6ee6532751f9a372bdefe742d\" class=\"hero-block mb-big mb-m-big\">\n\n    \n    <div class=\"hero-block__wrapper\">\n\n        <div class=\"marquee-wrapper\" data-bg-color=\"#e9f6dc\" data-direction=\"left\"><div class=\"marquee\"><div><a href=\"https:\/\/purvitis.lv\/de\/events\/jauno-makslinieku-balva-pavasaris-2024\/\">Jauno m\u0101kslinieku balva PAVASARIS 2024<\/a><\/div><div><a href=\"https:\/\/purvitis.lv\/de\/events\/jauno-makslinieku-balva-pavasaris-2024\/\">Jauno m\u0101kslinieku balva PAVASARIS 2024<\/a><\/div><\/div><\/div>\n        <div class=\"media\">\n            <img decoding=\"async\" \n                        src=\"https:\/\/purvitis.lv\/app\/uploads\/2024\/07\/pleners047_purvitis_11-1084x602.jpg\" \n                        class=\"img-fluid\" \n                        style=\"background-image: url(https:\/\/purvitis.lv\/app\/uploads\/2024\/07\/pleners047_purvitis_11-150x150.jpg);\"\n                        alt=\"\">\n                        <div class=\"image-wrapper\"><\/div>\n        <\/div>\n        \n        \n                <div class=\"media-caption\"><p class=\"caption\"><span>Jauno m\u0101kslinieku balva &#8220;Pavasaris&#8221;, 2024, &#8220;Vecjau\u017ei&#8221;<\/span><\/p><\/div>            \n    <\/div>\n\n<\/section>\n\n<script>window.dispatchEvent( new Event('acf\/loaded\/hero-block'));<\/script>\n\n\n<section id=\"full-width-image-block_c8d0d3c28df3f03215cb5edffe6530eb\" class=\"full-width-image mb-med mb-m-med\">\n\n    <div class=\"text-block-wrapper\"><div class=\"text-block short-line\"><a href=\"https:\/\/purvitis.lv\/de\/museum\/creative-museum-saruna-ar-ziedona-muzeja-un-purvisa-muzeja-iniciativas-veidotaju-zaneti-grendi\/\" class=\"cta\">Creative Museum saruna ar Ziedo\u0146a muzeja un Purv\u012b\u0161a muzeja iniciat\u012bvas veidot\u0101ju \u017daneti Grendi<\/a><\/div><\/div>        \n    <div class=\"mpwbpk-image full-width media\">\n        <a href=\"https:\/\/purvitis.lv\/de\/museum\/creative-museum-saruna-ar-ziedona-muzeja-un-purvisa-muzeja-iniciativas-veidotaju-zaneti-grendi\/\"><img loading=\"lazy\" decoding=\"async\" src=\"https:\/\/purvitis.lv\/app\/uploads\/2024\/07\/WhatsApp-Image-2024-07-11-at-15.11.55-1024x768.jpeg\" style=\"background-image: url(https:\/\/purvitis.lv\/app\/uploads\/2024\/07\/WhatsApp-Image-2024-07-11-at-15.11.55-150x150.jpeg);\" class=\"img-fluid\" width=\"1084\" height=\"600\" alt=\"\"><\/a>            \n            \n        <div class=\"caption\"><\/div>    <\/div>\n\n        \n<\/section>\n\n<script>window.dispatchEvent( new Event('acf\/loaded\/full-width-image'));<\/script>\n\n\n<section id=\"two-cols-image-block_8dfa8b18a8e92b775b6634aa5f9012f6\" class=\"two-cols-image display-2-cols-in-mobile mb-big mb-m-big equal-height\">\n\n\n            <div class=\"image-block\">\n                <div class=\"text-block above\"><p>Grundlegende Exposition<\/p>\n<a href=\"https:\/\/purvitis.lv\/de\/museum\/abeldarzs\/\" class=\"cta\">Der Apfelgarten<\/a><\/div><a href=\"https:\/\/purvitis.lv\/de\/museum\/abeldarzs\/\" class=\"img-wrapper\"><video  autoplay muted loop id=\"myVideo\">\n                                <source src=\"https:\/\/purvitis.lv\/app\/uploads\/2024\/01\/Abeldarzs.mp4\" type=\"video\/mp4\">\n                                <\/video><\/a>            <\/div>\n    \n        \n            <div class=\"image-block\">\n                <div class=\"text-block above\"><p>Grundlegende Exposition<\/p>\n<a href=\"https:\/\/purvitis.lv\/de\/events\/septini-gudrie\/\" class=\"cta\">Die sieben Weisen<\/a><\/div><a href=\"https:\/\/purvitis.lv\/de\/events\/septini-gudrie\/\" class=\"img-wrapper\">\n                                        <img loading=\"lazy\" decoding=\"async\" src=\"https:\/\/purvitis.lv\/app\/uploads\/2024\/02\/AJ102597-768x432.jpg\" style=\"background-image: url(https:\/\/purvitis.lv\/app\/uploads\/2024\/02\/AJ102597-150x150.jpg);\" class=\"img-fluid\" width=\"534\" height=\"352\"  alt=\"\">\n                                    <\/a>            <\/div>\n    \n            \n<\/section>\n\n<script>window.dispatchEvent( new Event('acf\/loaded\/two-cols-image'));<\/script>\n\n\n<section id=\"featured-events-block_1f06050a7fc095b47fa48fd1f375531a\" class=\"featured-events mb-big mb-m-big\">\n\n    <h2>Ereignisse<\/h2>\n\n    <div class=\"events-wrapper\">\n                    <div class=\"event featured\">\n                        <div class=\"event-meta\">\n                            <p class=\"event-date\"><\/p>\n                            <div class=\"event-heading\">\n                                <h3>Kult\u016brtalka<\/h3><a href=\"https:\/\/purvitis.lv\/de\/events\/kulturtalka\/\" class=\"cta\"><\/a>                            <\/div>\n                        <\/div>\n                        <div class=\"event-image\">\n                            <a href=\"https:\/\/purvitis.lv\/de\/events\/kulturtalka\/\"><img loading=\"lazy\" decoding=\"async\" src=\"https:\/\/purvitis.lv\/app\/uploads\/2023\/12\/Kulturtalka-768x576.webp\" style=\"backround-image: url(https:\/\/purvitis.lv\/app\/uploads\/2023\/12\/Kulturtalka-150x150.webp);\" class=\"img-fluid\" width=\"534\" height=\"352\" alt=\"\"><\/a>                        <\/div>\n                    <\/div>\n\n                   \n                    <div class=\"event \">\n                        <div class=\"event-meta\">\n                            <p class=\"event-date\"><\/p>\n                            <div class=\"event-heading\">\n                                <a href=\"https:\/\/purvitis.lv\/de\/events\/makslas-terapijas-sesijas\/\" class=\"cta\">Labb\u016bt\u012bbas sesija<\/a>                            <\/div>\n                        <\/div>\n                        <div class=\"event-image\">\n                            <a href=\"https:\/\/purvitis.lv\/de\/events\/makslas-terapijas-sesijas\/\"><img loading=\"lazy\" decoding=\"async\" src=\"https:\/\/purvitis.lv\/app\/uploads\/2024\/01\/Makslas_terapija_IMG_0466-768x1024.webp\" style=\"backround-image: url(https:\/\/purvitis.lv\/app\/uploads\/2024\/01\/Makslas_terapija_IMG_0466-150x150.webp);\" class=\"img-fluid\" width=\"534\" height=\"352\" alt=\"\"><\/a>                        <\/div>\n                    <\/div>\n\n                   <\/div>    \n<\/section>\n\n<script>window.dispatchEvent( new Event('acf\/loaded\/featured-events'));<\/script>\n\n\n<section id=\"full-width-image-block_8c14068e95b157079cede91d76e9632b\" class=\"full-width-image mb-big mb-m-big\">\n\n    <div class=\"text-block-wrapper\"><div class=\"text-block short-line\"><p>Vilhelms Purv\u012btis  &nbsp;<\/p>\n<\/div><div class=\"text-block short-line\"><p><span style=\"font-weight: 400;\">Landschaftsmaler, P\u00e4dagoge, erster Rektor der Kunstakademie Lettlands und Direktor des Lettischen Nationalen Kunstmuseum Vilhelms Purv\u012btis \u2013 einer der Begr\u00fcnder der lettischen nationalen Malschule.<\/span><\/p>\n<a href=\"https:\/\/purvitis.lv\/de\/purvitis\/\" class=\"cta\">Lernen Sie Vilhelms Purv\u012btis n\u00e4her kennen<\/a><\/div><\/div>        \n    <div class=\"mpwbpk-image full-width media\">\n        <a href=\"https:\/\/purvitis.lv\/de\/purvitis\/\"><img loading=\"lazy\" decoding=\"async\" src=\"https:\/\/purvitis.lv\/app\/uploads\/2024\/02\/PURVI\u0304TIS_BOGRA\u0304FIJA_PORTRETS_BEZ-ROKAS-1024x619.jpg\" style=\"background-image: url(https:\/\/purvitis.lv\/app\/uploads\/2024\/02\/PURVI\u0304TIS_BOGRA\u0304FIJA_PORTRETS_BEZ-ROKAS-150x150.jpg);\" class=\"img-fluid\" width=\"1084\" height=\"600\" alt=\"\"><\/a>            \n            \n            <\/div>\n\n        \n<\/section>\n\n<script>window.dispatchEvent( new Event('acf\/loaded\/full-width-image'));<\/script>\n\n\n<section id=\"featured-museum-posts-block_136ee1d7b1ded1bde6b36d74c723719c\" class=\"featured-museum-posts mb-big mb-m-big\">\n\n    <h2>Muzejs top<\/h2>\n    <div class=\"news-wrapper mb-nor\">                    <div class=\"news\">\n                        <div class=\"news-meta\">\n                            <h3>Purv\u012b\u0161a muzejs atrod Garl\u012bba Mer\u0137e\u013ca akmeni<\/h3>\n                            <a href=\"https:\/\/purvitis.lv\/de\/museum\/purvisa-muzejs-atrod-garliba-merkela-relikviju\/\" class=\"cta\">Lasi vair\u0101k<\/a>\n                        <\/div>\n                        <div class=\"news-image\">\n                            <a href=\"https:\/\/purvitis.lv\/de\/museum\/purvisa-muzejs-atrod-garliba-merkela-relikviju\/\">\n                                <img loading=\"lazy\" decoding=\"async\" src=\"https:\/\/purvitis.lv\/app\/uploads\/2023\/12\/image-7-1.jpeg\" style=\"background-image: url('https:\/\/purvitis.lv\/app\/uploads\/2023\/12\/image-7-1-150x150.jpeg');\" width=\"534\" height=\"352\" class=\"img-fluid\" alt=\"\">\n                            <\/a>\n                        <\/div>\n                    <\/div>\n                                    <div class=\"news\">\n                        <div class=\"news-meta\">\n                            <h3>Muzeja eksped\u012bcija &#8211; Jaunpiebalga I<\/h3>\n                            <a href=\"https:\/\/purvitis.lv\/de\/museum\/muzeja-ekspedicija-2\/\" class=\"cta\">Lasi vair\u0101k<\/a>\n                        <\/div>\n                        <div class=\"news-image\">\n                            <a href=\"https:\/\/purvitis.lv\/de\/museum\/muzeja-ekspedicija-2\/\">\n                                <img loading=\"lazy\" decoding=\"async\" src=\"https:\/\/purvitis.lv\/app\/uploads\/2024\/01\/EKSPEDICIJA_JAUNPIEBALGA_ELINA-KURSITE-min-768x512.webp\" style=\"background-image: url('https:\/\/purvitis.lv\/app\/uploads\/2024\/01\/EKSPEDICIJA_JAUNPIEBALGA_ELINA-KURSITE-min-150x150.webp');\" width=\"534\" height=\"352\" class=\"img-fluid\" alt=\"\">\n                            <\/a>\n                        <\/div>\n                    <\/div>\n                <\/div><a href=\"https:\/\/purvitis.lv\/de\/museum\/\" class=\"cta\">Visi muzeja jaunumi<\/a>    \n<\/section>\n\n<script>window.dispatchEvent( new Event('acf\/loaded\/featured-museum-posts'));<\/script>\n\n\n<section id=\"full-width-image-block_5ac1b9ee6d8a1f338e6619f693303ada\" class=\"full-width-image mb-big mb-m-big\">\n\n    <div class=\"text-block-wrapper\"><div class=\"text-block short-line\"><p>Das \u201ePurv\u012btis-Museum\u201d ist ein Bauernhof<\/p>\n<\/div><div class=\"text-block short-line\"><p>Die Landschaft von Vidzeme (deutsch: Livland), Vilhelms Purv\u012btis und die Geb\u00e4ude von \u201eVecjau\u017ei&#8221; bilden ein einzigartiges Triumvirat, das eine Kombination von landschaftlicher Sch\u00f6nheit, k\u00fcnstlerischer Exzellenz und kulturellem Erbe umfasst.<\/p>\n<a href=\"https:\/\/purvitis.lv\/de\/muzejs\/\" class=\"cta\">Lernen Sie den Bauernhof des Museums kennen<\/a><\/div><\/div>        \n    <div class=\"mpwbpk-image full-width media\">\n        <a href=\"https:\/\/purvitis.lv\/de\/muzejs\/\"><img loading=\"lazy\" decoding=\"async\" src=\"https:\/\/purvitis.lv\/app\/uploads\/2023\/12\/8A3E600A-20CC-4AA2-AAFB-DBB018801DDC-1-1024x571.jpeg\" style=\"background-image: url(https:\/\/purvitis.lv\/app\/uploads\/2023\/12\/8A3E600A-20CC-4AA2-AAFB-DBB018801DDC-1-150x150.jpeg);\" class=\"img-fluid\" width=\"1084\" height=\"600\" alt=\"\"><\/a>            \n            \n            <\/div>\n\n        \n<\/section>\n\n<script>window.dispatchEvent( new Event('acf\/loaded\/full-width-image'));<\/script>\n\n\n<style type=\"text\/css\">\n\n    \n    :root {\n        \/*\n            New BG color\n        --------------------------------------- *\/\n        --new-bg-hue: 90 !important;\n        --new-bg-saturation: 59% !important;\n        --new-bg-light: 86% !important;\n    }\n\n<\/style>\n\n<section id=\"donate-box-block_c73d7e34b5b2ac517f0210a3bb5c9abb\" class=\"donate-box\">\n    <div class=\"donate-box__inner\" data-bg-color=\"#e9f6dc\">\n        <p><span class=\"jCAhz ChMk0b\"><span class=\"ryNqvb\">Verein \u201ePurv\u012btis Museum\u201c<br \/>\nReg.-Nr.<\/span><\/span> <span class=\"jCAhz ChMk0b\"><span class=\"ryNqvb\">40008120773<br \/>\nBank: Swedbank<br \/>\nKonto: LV96HABA0551018616469<\/span><\/span><\/p>\n        <a href=\"\" class=\"cta\">Spenden Sie f\u00fcr die Gr\u00fcndung eines neuen Museums.<\/a>\n    <\/div>\n<\/section>\n\n<script>window.dispatchEvent( new Event('acf\/loaded\/donate-box'));<\/script>\n\n\n<section id=\"purvitis-text-block_d020685e9c29636d148d1b1d48d8e0e7\" class=\"purvitis-text\">\n\n        \n<\/section>\n\n<script>window.dispatchEvent( new Event('acf\/loaded\/purvitis-text'));<\/script>","protected":false},"excerpt":{"rendered":"","protected":false},"author":3,"featured_media":0,"parent":0,"menu_order":0,"comment_status":"closed","ping_status":"closed","template":"template-homepage.php","meta":{"footnotes":""},"class_list":["post-2059","page","type-page","status-publish","hentry"],"acf":[],"yoast_head":"<!-- This site is optimized with the Yoast SEO plugin v21.9.1 - https:\/\/yoast.com\/wordpress\/plugins\/seo\/ -->\n<title>Heim - Purv\u012b\u0161a muzejs<\/title>\n<meta name=\"robots\" content=\"index, follow, max-snippet:-1, max-image-preview:large, max-video-preview:-1\" \/>\n<link rel=\"canonical\" href=\"https:\/\/purvitis.lv\/de\/\" \/>\n<meta property=\"og:locale\" content=\"de_DE\" \/>\n<meta property=\"og:type\" content=\"article\" \/>\n<meta property=\"og:title\" content=\"Heim - Purv\u012b\u0161a muzejs\" \/>\n<meta property=\"og:url\" content=\"https:\/\/purvitis.lv\/de\/\" \/>\n<meta property=\"og:site_name\" content=\"Purv\u012b\u0161a muzejs\" \/>\n<meta property=\"article:modified_time\" content=\"2025-02-05T11:48:22+00:00\" \/>\n<meta name=\"twitter:card\" content=\"summary_large_image\" \/>\n<script type=\"application\/ld+json\" class=\"yoast-schema-graph\">{\"@context\":\"https:\/\/schema.org\",\"@graph\":[{\"@type\":\"WebPage\",\"@id\":\"https:\/\/purvitis.lv\/de\/\",\"url\":\"https:\/\/purvitis.lv\/de\/\",\"name\":\"Heim - Purv\u012b\u0161a muzejs\",\"isPartOf\":{\"@id\":\"https:\/\/purvitis.lv\/#website\"},\"datePublished\":\"2023-12-12T03:54:24+00:00\",\"dateModified\":\"2025-02-05T11:48:22+00:00\",\"breadcrumb\":{\"@id\":\"https:\/\/purvitis.lv\/de\/#breadcrumb\"},\"inLanguage\":\"de-DE\",\"potentialAction\":[{\"@type\":\"ReadAction\",\"target\":[\"https:\/\/purvitis.lv\/de\/\"]}]},{\"@type\":\"BreadcrumbList\",\"@id\":\"https:\/\/purvitis.lv\/de\/#breadcrumb\",\"itemListElement\":[{\"@type\":\"ListItem\",\"position\":1,\"name\":\"Home\",\"item\":\"https:\/\/purvitis.lv\/de\/\"},{\"@type\":\"ListItem\",\"position\":2,\"name\":\"Heim\"}]},{\"@type\":\"WebSite\",\"@id\":\"https:\/\/purvitis.lv\/#website\",\"url\":\"https:\/\/purvitis.lv\/\",\"name\":\"Purv\u012b\u0161a muzejs\",\"description\":\"ir m\u0101jas\",\"potentialAction\":[{\"@type\":\"SearchAction\",\"target\":{\"@type\":\"EntryPoint\",\"urlTemplate\":\"https:\/\/purvitis.lv\/?s={search_term_string}\"},\"query-input\":\"required name=search_term_string\"}],\"inLanguage\":\"de-DE\"}]}<\/script>\n<!-- \/ Yoast SEO plugin. -->","yoast_head_json":{"title":"Heim - Purv\u012b\u0161a muzejs","robots":{"index":"index","follow":"follow","max-snippet":"max-snippet:-1","max-image-preview":"max-image-preview:large","max-video-preview":"max-video-preview:-1"},"canonical":"https:\/\/purvitis.lv\/de\/","og_locale":"de_DE","og_type":"article","og_title":"Heim - Purv\u012b\u0161a muzejs","og_url":"https:\/\/purvitis.lv\/de\/","og_site_name":"Purv\u012b\u0161a muzejs","article_modified_time":"2025-02-05T11:48:22+00:00","twitter_card":"summary_large_image","schema":{"@context":"https:\/\/schema.org","@graph":[{"@type":"WebPage","@id":"https:\/\/purvitis.lv\/de\/","url":"https:\/\/purvitis.lv\/de\/","name":"Heim - Purv\u012b\u0161a muzejs","isPartOf":{"@id":"https:\/\/purvitis.lv\/#website"},"datePublished":"2023-12-12T03:54:24+00:00","dateModified":"2025-02-05T11:48:22+00:00","breadcrumb":{"@id":"https:\/\/purvitis.lv\/de\/#breadcrumb"},"inLanguage":"de-DE","potentialAction":[{"@type":"ReadAction","target":["https:\/\/purvitis.lv\/de\/"]}]},{"@type":"BreadcrumbList","@id":"https:\/\/purvitis.lv\/de\/#breadcrumb","itemListElement":[{"@type":"ListItem","position":1,"name":"Home","item":"https:\/\/purvitis.lv\/de\/"},{"@type":"ListItem","position":2,"name":"Heim"}]},{"@type":"WebSite","@id":"https:\/\/purvitis.lv\/#website","url":"https:\/\/purvitis.lv\/","name":"Purv\u012b\u0161a muzejs","description":"ir m\u0101jas","potentialAction":[{"@type":"SearchAction","target":{"@type":"EntryPoint","urlTemplate":"https:\/\/purvitis.lv\/?s={search_term_string}"},"query-input":"required name=search_term_string"}],"inLanguage":"de-DE"}]}},"_links":{"self":[{"href":"https:\/\/purvitis.lv\/de\/wp-json\/wp\/v2\/pages\/2059","targetHints":{"allow":["GET"]}}],"collection":[{"href":"https:\/\/purvitis.lv\/de\/wp-json\/wp\/v2\/pages"}],"about":[{"href":"https:\/\/purvitis.lv\/de\/wp-json\/wp\/v2\/types\/page"}],"author":[{"embeddable":true,"href":"https:\/\/purvitis.lv\/de\/wp-json\/wp\/v2\/users\/3"}],"replies":[{"embeddable":true,"href":"https:\/\/purvitis.lv\/de\/wp-json\/wp\/v2\/comments?post=2059"}],"version-history":[{"count":42,"href":"https:\/\/purvitis.lv\/de\/wp-json\/wp\/v2\/pages\/2059\/revisions"}],"predecessor-version":[{"id":3479,"href":"https:\/\/purvitis.lv\/de\/wp-json\/wp\/v2\/pages\/2059\/revisions\/3479"}],"wp:attachment":[{"href":"https:\/\/purvitis.lv\/de\/wp-json\/wp\/v2\/media?parent=2059"}],"curies":[{"name":"wp","href":"https:\/\/api.w.org\/{rel}","templated":true}]}}