{"id":2061,"date":"2023-12-15T09:27:38","date_gmt":"2023-12-15T09:27:38","guid":{"rendered":"https:\/\/purvitis.lv\/muzejs\/"},"modified":"2024-07-30T13:53:35","modified_gmt":"2024-07-30T13:53:35","slug":"muzejs","status":"publish","type":"page","link":"https:\/\/purvitis.lv\/de\/muzejs\/","title":{"rendered":"Museum"},"content":{"rendered":"\n<section id=\"full-width-image-block_c24287cbd9daa1de3c9ce03a499719ab\" class=\"full-width-image\">\n\n            \n    <div class=\"mpwbpk-image full-width media\">\n        <img loading=\"lazy\" decoding=\"async\" src=\"https:\/\/purvitis.lv\/app\/uploads\/2024\/06\/WhatsApp-Image-2024-06-20-at-21.44.46-1024x768.jpeg\" style=\"background-image: url(https:\/\/purvitis.lv\/app\/uploads\/2024\/06\/WhatsApp-Image-2024-06-20-at-21.44.46-150x150.jpeg);\" class=\"img-fluid\" width=\"1084\" height=\"600\" alt=\"\"><\/a>            \n            \n        <div class=\"caption\"><p>Purv\u012b\u0161a dzimt\u0101s m\u0101jas &#8220;Vecjau\u017ei&#8221;, pavasaris, 2024.gads. Purv\u012b\u0161a muzeja arh\u012bvs<\/p>\n<\/div>    <\/div>\n\n        \n<\/section>\n\n<script>window.dispatchEvent( new Event('acf\/loaded\/full-width-image'));<\/script>\n<section id=\"featured-museum-posts-block_37d5f1cbed89234ddd0a22adb3c26901\" class=\"featured-museum-posts mb-big mb-m-big\">\n\n    <h2><\/h2>\n    <div class=\"news-wrapper mb-nor\">                    <div class=\"news\">\n                        <div class=\"news-meta\">\n                            <h3>Medic\u012bnas muzeja &#8220;B\u0113rzi&#8221;<\/h3>\n                            <a href=\"https:\/\/purvitis.lv\/de\/museum\/medicinas-muzeja-berzi\/\" class=\"cta\">Lasi vair\u0101k<\/a>\n                        <\/div>\n                        <div class=\"news-image\">\n                            <a href=\"https:\/\/purvitis.lv\/de\/museum\/medicinas-muzeja-berzi\/\">\n                                <img loading=\"lazy\" decoding=\"async\" src=\"https:\/\/purvitis.lv\/app\/uploads\/2024\/06\/Berzi-768x768.jpg\" style=\"background-image: url('https:\/\/purvitis.lv\/app\/uploads\/2024\/06\/Berzi-150x150.jpg');\" width=\"534\" height=\"352\" class=\"img-fluid\" alt=\"\">\n                            <\/a>\n                        <\/div>\n                    <\/div>\n                                    <div class=\"news\">\n                        <div class=\"news-meta\">\n                            <h3>&#8220;R\u012bgas Citadele&#8221; Ogres V\u0113stures un m\u0101kslas muzej\u0101<\/h3>\n                            <a href=\"https:\/\/purvitis.lv\/de\/museum\/rigas-citadele-ogres-vestures-un-makslas-muzeja\/\" class=\"cta\">Lasi vair\u0101k<\/a>\n                        <\/div>\n                        <div class=\"news-image\">\n                            <a href=\"https:\/\/purvitis.lv\/de\/museum\/rigas-citadele-ogres-vestures-un-makslas-muzeja\/\">\n                                <img loading=\"lazy\" decoding=\"async\" src=\"https:\/\/purvitis.lv\/app\/uploads\/2024\/06\/Rigas-citadele_1-768x768.jpg\" style=\"background-image: url('https:\/\/purvitis.lv\/app\/uploads\/2024\/06\/Rigas-citadele_1-150x150.jpg');\" width=\"534\" height=\"352\" class=\"img-fluid\" alt=\"\">\n                            <\/a>\n                        <\/div>\n                    <\/div>\n                                    <div class=\"news\">\n                        <div class=\"news-meta\">\n                            <h3>Intervija ar Elizabeti Beatrisi T\u016bnu balvas &#8220;Pavasaris&#8221; 2023 laure\u0101tu<\/h3>\n                            <a href=\"https:\/\/purvitis.lv\/de\/museum\/intervija-ar-balvas-pavasaris-2023-laureatu\/\" class=\"cta\">Lasi vair\u0101k<\/a>\n                        <\/div>\n                        <div class=\"news-image\">\n                            <a href=\"https:\/\/purvitis.lv\/de\/museum\/intervija-ar-balvas-pavasaris-2023-laureatu\/\">\n                                <img loading=\"lazy\" decoding=\"async\" src=\"https:\/\/purvitis.lv\/app\/uploads\/2024\/07\/MLF9336-768x512.jpg\" style=\"background-image: url('https:\/\/purvitis.lv\/app\/uploads\/2024\/07\/MLF9336-150x150.jpg');\" width=\"534\" height=\"352\" class=\"img-fluid\" alt=\"\">\n                            <\/a>\n                        <\/div>\n                    <\/div>\n                                    <div class=\"news\">\n                        <div class=\"news-meta\">\n                            <h3>Purv\u012b\u0161u aud\u017eu meita: Mariona Vitans<\/h3>\n                            <a href=\"https:\/\/purvitis.lv\/de\/museum\/purvisa-dzimta-mariona\/\" class=\"cta\">Lasi vair\u0101k<\/a>\n                        <\/div>\n                        <div class=\"news-image\">\n                            <a href=\"https:\/\/purvitis.lv\/de\/museum\/purvisa-dzimta-mariona\/\">\n                                <img loading=\"lazy\" decoding=\"async\" src=\"https:\/\/purvitis.lv\/app\/uploads\/2024\/07\/mariona_2-768x512.jpg\" style=\"background-image: url('https:\/\/purvitis.lv\/app\/uploads\/2024\/07\/mariona_2-150x150.jpg');\" width=\"534\" height=\"352\" class=\"img-fluid\" alt=\"\">\n                            <\/a>\n                        <\/div>\n                    <\/div>\n                                    <div class=\"news\">\n                        <div class=\"news-meta\">\n                            <h3>Karol\u012bnas Purv\u012btes dzimta I<\/h3>\n                            <a href=\"https:\/\/purvitis.lv\/de\/museum\/karolinas-purvites-dzimta-i\/\" class=\"cta\">Lasi vair\u0101k<\/a>\n                        <\/div>\n                        <div class=\"news-image\">\n                            <a href=\"https:\/\/purvitis.lv\/de\/museum\/karolinas-purvites-dzimta-i\/\">\n                                <img loading=\"lazy\" decoding=\"async\" src=\"https:\/\/purvitis.lv\/app\/uploads\/2024\/07\/TeodorsOskarsStellmahers_dz1883_JelgavaTrsvienibasVacuDr_53_LVVA_F235_US2_GV974_0010-768x620.jpg\" style=\"background-image: url('https:\/\/purvitis.lv\/app\/uploads\/2024\/07\/TeodorsOskarsStellmahers_dz1883_JelgavaTrsvienibasVacuDr_53_LVVA_F235_US2_GV974_0010-150x150.jpg');\" width=\"534\" height=\"352\" class=\"img-fluid\" alt=\"\">\n                            <\/a>\n                        <\/div>\n                    <\/div>\n                                    <div class=\"news\">\n                        <div class=\"news-meta\">\n                            <h3>Karol\u012bnas Purv\u012btes dzimta II<\/h3>\n                            <a href=\"https:\/\/purvitis.lv\/de\/museum\/karolinas-purvites-dzimta-ii\/\" class=\"cta\">Lasi vair\u0101k<\/a>\n                        <\/div>\n                        <div class=\"news-image\">\n                            <a href=\"https:\/\/purvitis.lv\/de\/museum\/karolinas-purvites-dzimta-ii\/\">\n                                <img loading=\"lazy\" decoding=\"async\" src=\"https:\/\/purvitis.lv\/app\/uploads\/2024\/07\/RuteStelmahere_pase_1-768x597.jpg\" style=\"background-image: url('https:\/\/purvitis.lv\/app\/uploads\/2024\/07\/RuteStelmahere_pase_1-150x150.jpg');\" width=\"534\" height=\"352\" class=\"img-fluid\" alt=\"\">\n                            <\/a>\n                        <\/div>\n                    <\/div>\n                                    <div class=\"news\">\n                        <div class=\"news-meta\">\n                            <h3>&#8220;Purv\u012btis&#8221; k\u0101zu d\u0101van\u0101<\/h3>\n                            <a href=\"https:\/\/purvitis.lv\/de\/museum\/purvitis-kazu-davana\/\" class=\"cta\">Lasi vair\u0101k<\/a>\n                        <\/div>\n                        <div class=\"news-image\">\n                            <a href=\"https:\/\/purvitis.lv\/de\/museum\/purvitis-kazu-davana\/\">\n                                <img loading=\"lazy\" decoding=\"async\" src=\"https:\/\/purvitis.lv\/app\/uploads\/2024\/06\/Inga-Brieze_gleznu-stasti-768x649.jpg\" style=\"background-image: url('https:\/\/purvitis.lv\/app\/uploads\/2024\/06\/Inga-Brieze_gleznu-stasti-150x150.jpg');\" width=\"534\" height=\"352\" class=\"img-fluid\" alt=\"\">\n                            <\/a>\n                        <\/div>\n                    <\/div>\n                                    <div class=\"news\">\n                        <div class=\"news-meta\">\n                            <h3>Boriss Vitans dzimtas koks<\/h3>\n                            <a href=\"https:\/\/purvitis.lv\/de\/museum\/boriss-vitans-dzimtas-koks\/\" class=\"cta\">Lasi vair\u0101k<\/a>\n                        <\/div>\n                        <div class=\"news-image\">\n                            <a href=\"https:\/\/purvitis.lv\/de\/museum\/boriss-vitans-dzimtas-koks\/\">\n                                <img loading=\"lazy\" decoding=\"async\" src=\"https:\/\/purvitis.lv\/app\/uploads\/2024\/06\/Boriss_Vitans_1.jpg\" style=\"background-image: url('https:\/\/purvitis.lv\/app\/uploads\/2024\/06\/Boriss_Vitans_1-150x150.jpg');\" width=\"534\" height=\"352\" class=\"img-fluid\" alt=\"\">\n                            <\/a>\n                        <\/div>\n                    <\/div>\n                                    <div class=\"news\">\n                        <div class=\"news-meta\">\n                            <h3>J\u016brmalas &#8220;Purv\u012b\u0161i&#8221;<\/h3>\n                            <a href=\"https:\/\/purvitis.lv\/de\/museum\/jurmalas-purvisi\/\" class=\"cta\">Lasi vair\u0101k<\/a>\n                        <\/div>\n                        <div class=\"news-image\">\n                            <a href=\"https:\/\/purvitis.lv\/de\/museum\/jurmalas-purvisi\/\">\n                                <img loading=\"lazy\" decoding=\"async\" src=\"https:\/\/purvitis.lv\/app\/uploads\/2024\/05\/E17EE83B-BB0F-471A-B928-E654224989D9-768x585.jpeg\" style=\"background-image: url('https:\/\/purvitis.lv\/app\/uploads\/2024\/05\/E17EE83B-BB0F-471A-B928-E654224989D9-150x150.jpeg');\" width=\"534\" height=\"352\" class=\"img-fluid\" alt=\"\">\n                            <\/a>\n                        <\/div>\n                    <\/div>\n                                    <div class=\"news\">\n                        <div class=\"news-meta\">\n                            <h3>Radio m\u0101jas apsprie\u017eu telpa pie Purv\u012b\u0161a\u00a0<\/h3>\n                            <a href=\"https:\/\/purvitis.lv\/de\/museum\/radio-majas-apspriezu-telpa-pie-purvisa\/\" class=\"cta\">Lasi vair\u0101k<\/a>\n                        <\/div>\n                        <div class=\"news-image\">\n                            <a href=\"https:\/\/purvitis.lv\/de\/museum\/radio-majas-apspriezu-telpa-pie-purvisa\/\">\n                                <img loading=\"lazy\" decoding=\"async\" src=\"https:\/\/purvitis.lv\/app\/uploads\/2024\/06\/RadioMaja_agrs_pavasaris-768x576.jpg\" style=\"background-image: url('https:\/\/purvitis.lv\/app\/uploads\/2024\/06\/RadioMaja_agrs_pavasaris-150x150.jpg');\" width=\"534\" height=\"352\" class=\"img-fluid\" alt=\"\">\n                            <\/a>\n                        <\/div>\n                    <\/div>\n                <\/div><a href=\"https:\/\/purvitis.lv\/de\/museum\/\" class=\"cta\">Visi muzeja jaunumi<\/a>    \n<\/section>\n\n<script>window.dispatchEvent( new Event('acf\/loaded\/featured-museum-posts'));<\/script>\n<section id=\"full-width-image-block_b75c861d5ab1334858677ad035627216\" class=\"full-width-image mb-med mb-m-med\">\n\n    <div class=\"text-block-wrapper\"><div class=\"text-block short-line\"><p>SCH\u00d6NHEIT. NATUR. ARBEIT.<\/p>\n<\/div><\/div>        \n    <div class=\"mpwbpk-image full-width media\">\n        <img decoding=\"async\" src=\"https:\/\/purvitis.lv\/app\/uploads\/2023\/12\/image-19.jpeg\" class=\"img-fluid\" alt=\"\">            \n            \n            <\/div>\n\n        \n<\/section>\n\n<script>window.dispatchEvent( new Event('acf\/loaded\/full-width-image'));<\/script>\n<section id=\"purvitis-text-block_f543647dc2213fae18c140462701166c\" class=\"purvitis-text\">\n\n    <ul>\n<li><em><strong>VISION<\/strong><\/em>: EIN BAUERNHOF, BEI DEM KULTURELLE KREATIVIT\u00c4T IM MITTELPUNKT STEHT!<\/li>\n<\/ul>\n<p>Zu Ehren des gro\u00dfen Meisters und seines Werkes entsteht im Haus der Familie Purv\u012btis \u201eVecjau\u017ei&#8221; ein <a href=\"https:\/\/muzeji.lv\/lv\/specialistiem\/kas-ir-muzejs-starptautiska-muzeju-padome-pienem-jaunu-muzeja-definiciju\" target=\"_blank\" rel=\"noopener\">modernes<\/a>* Museum, das dem Erbe von Vilhelms Purv\u012btis gewidmet ist.<\/p>\n<p>* \u201eEin Museum ist eine dauerhafte Einrichtung, die der \u00d6ffentlichkeit dient, indem sie materielles und immaterielles Erbe erforscht, sammelt, bewahrt, interpretiert und ausstellt und nicht auf Gewinn ausgerichtet ist. Museen f\u00f6rdern Vielfalt und Nachhaltigkeit, sind \u00f6ffentlich zug\u00e4nglich, barrierefrei und inklusiv.<br \/>\nSie arbeiten und kommunizieren ethisch, professionell und unter Beteiligung der Gemeinschaft und bieten vielf\u00e4ltige Erfahrungen in den Bereichen Bildung, emotionale Erfahrung, Reflexion und Wissensaustausch.&#8221;<br \/>\n\/ICOM Definition f\u00fcr Museum\/<\/p>\n<ul>\n<li><em><strong>MISSION<\/strong><\/em>: DAS SCH\u00d6NEN ZUM VORSCHEIN BRINGEN !<\/li>\n<\/ul>\n<p>Die Mission des \u201ePurv\u012btis-Museums&#8221;: Die Pers\u00f6nlichkeit und das Verm\u00e4chtnis von Vilhelms Purv\u012btis zu w\u00fcrdigen und das Familienhaus des K\u00fcnstlers \u201eVecjau\u017ei&#8221; zu einem internationalen Kreativit\u00e4tszentrum zu entwickeln, um das Wohlbefinden der Gesellschaft im Zusammenspiel mit Natur, Kunst und Kultur zu f\u00f6rdern.<\/p>\n<ul>\n<li><em><strong>WERTE:<\/strong><\/em><\/li>\n<\/ul>\n<p>SCH\u00d6NHEIT \u2013 Ergebnis, Harmonie, Vertikalit\u00e4t<br \/>\nNATUR \u2013 Kontext, der Mensch in der Welt<br \/>\nARBEIT \u2013 Prozess, Flei\u00df, Exzellenz.<\/p>\n<ul>\n<li><em><strong>MANIFEST:<\/strong><\/em><\/li>\n<\/ul>\n<p>Wir tun es.<\/p>\n<p>Wir werden Leute von weit und nah herholen<br \/>\nUnd wir werden es tun.<br \/>\nGemeinsam werden wir es schaffen.<\/p>\n<p>Wir werden die Natur erschaffen.<br \/>\nWir werden einen Apfelgarten anlegen, einen Wald errichten,<br \/>\nBlumen auf der Wiese pflanzen<br \/>\nund die Stille am Abend.<br \/>\nWir werden Frieden schaffen.<\/p>\n<p>Wir streben nach dem Sch\u00f6nen.<br \/>\n\u201eH\u00e4nde m\u00fcssen mit der Arbeit vertraut gemacht, der Geist muss geweckt werden.&#8221;<br \/>\nWir werden alles in Harmonie tun.<br \/>\nWir tun es, um die Sch\u00f6nheit Lettlands zum Vorschein zu bringen.<\/p>\n<p>Wir ziehen ein wei\u00dfes Hemd an und graben den Boden um.<br \/>\nWir graben den Boden um, wie ihn noch niemand vor uns umgegraben hat.<br \/>\nWir machen ein Museum, wir bauen einen Tempel.<\/p>\n<p>Und das, was wir tun werden, wird uns pr\u00e4gen.<br \/>\nUnsere Taten werden unsere Wegweiser sein.<br \/>\nWir werden es f\u00fcr uns selbst tun.<\/p>\n<p>Wir werden es tun.<\/p>\n    \n<\/section>\n\n<script>window.dispatchEvent( new Event('acf\/loaded\/purvitis-text'));<\/script>\n<section id=\"full-width-image-block_4045d794cab7cdaf157efa22751daf13\" class=\"full-width-image\">\n\n            \n    <div class=\"mpwbpk-image full-width media\">\n        <img loading=\"lazy\" decoding=\"async\" src=\"https:\/\/purvitis.lv\/app\/uploads\/2024\/02\/purvitis_vestuleatnacejam.jpg\" style=\"background-image: url(https:\/\/purvitis.lv\/app\/uploads\/2024\/02\/purvitis_vestuleatnacejam-150x150.webp);\" class=\"img-fluid\" width=\"1084\" height=\"600\" alt=\"\"><\/a>            \n            \n            <\/div>\n\n        \n<\/section>\n\n<script>window.dispatchEvent( new Event('acf\/loaded\/full-width-image'));<\/script>\n<section id=\"purvitis-text-block_80aaa28b2b2e1fc6fc2c25dbcce95641\" class=\"purvitis-text\">\n\n    <p>Die Sammlung des &#8220;Purv\u012btis-Museums&#8221; umfasst Gegenst\u00e4nde, die eine fesselnde Geschichte \u00fcber &#8220;Vecjau\u017ei&#8221;, das Familienhaus von Purv\u012btis, erz\u00e4hlen. Dort hat der K\u00fcnstler die ersten 14 Jahre seines Lebens verbracht und sich seine Pers\u00f6nlichkeit geformt, Es erz\u00e4hlt \u00fcber die Familie Purv\u012btis und den Werdegang sowie die Werte von Purv\u012btis selbst, wobei die verschiedenen Phasen der kreativen Entwicklung und der Entwicklung der Pers\u00f6nlichkeit des Meisters aufgezeigt werden.<\/p>\n<p><a class=\"cta\" href=\"https:\/\/purvitis.lv\/de\/museum\/die-sammlung\/\" rel=\"noopener\"><a href=\"https:\/\/purvitis.lv\/de\/museum\/die-sammlung\/\">Lasi vair\u0101k<\/a><\/a><\/p>\n    \n<\/section>\n\n<script>window.dispatchEvent( new Event('acf\/loaded\/purvitis-text'));<\/script>\n<section id=\"team-member-block_53a33cbd62547b6808c953c31885ddb5\" class=\"team-member mb-big mb-m-big\">\n\n    <h2>Weiterlesen<\/h2><ul class=\"teams\"><li>\n                        <img decoding=\"async\" src=\"https:\/\/purvitis.lv\/app\/uploads\/2024\/02\/1_Rami_Zanete_1-2-300x212.jpg\" class=\"img-fluid\" alt=\"\">\n                        <div class=\"team-info\">\n                            <h3>\u017danete Grende<\/h3>\n                            <p>Muzeja vad\u012bt\u0101ja<\/p>\n                            <p><a href=\"mailto:info@purvitis.lv\">info@purvitis.lv<\/a><\/p>\n                        <\/div>\n                    <\/li><li>\n                        <img decoding=\"async\" src=\"https:\/\/purvitis.lv\/app\/uploads\/2024\/02\/1_Rami_Velga_1-2-300x212.jpg\" class=\"img-fluid\" alt=\"\">\n                        <div class=\"team-info\">\n                            <h3>Velga V\u012btola-K\u013cava<\/h3>\n                            <p>Kr\u0101juma glab\u0101t\u0101ja <\/p>\n                            <p><a href=\"mailto:velga@purvitis.lv\">velga@purvitis.lv<\/a><\/p>\n                        <\/div>\n                    <\/li><li>\n                        <img decoding=\"async\" src=\"https:\/\/purvitis.lv\/app\/uploads\/2024\/02\/1_Rami_Gorans_1-1-300x212.jpg\" class=\"img-fluid\" alt=\"\">\n                        <div class=\"team-info\">\n                            <h3>J\u0101nis Hol\u0161teins-Upmanis<\/h3>\n                            <p>Rado\u0161ais direktors<\/p>\n                            <p><a href=\"mailto:\"><\/a><\/p>\n                        <\/div>\n                    <\/li><li>\n                        <img decoding=\"async\" src=\"https:\/\/purvitis.lv\/app\/uploads\/2024\/02\/1_Rami_Ilze_2-1-300x212.jpg\" class=\"img-fluid\" alt=\"\">\n                        <div class=\"team-info\">\n                            <h3>Ilze Pr\u016bse<\/h3>\n                            <p>Komunik\u0101cijas vad\u012bt\u0101ja<\/p>\n                            <p><a href=\"mailto:ilze@purvitis.lv\">ilze@purvitis.lv<\/a><\/p>\n                        <\/div>\n                    <\/li><li>\n                        <img decoding=\"async\" src=\"https:\/\/purvitis.lv\/app\/uploads\/2024\/02\/2_Bez-Ramja_Dailina_1-1-300x212.jpg\" class=\"img-fluid\" alt=\"\">\n                        <div class=\"team-info\">\n                            <h3>Daila V\u012bksna<\/h3>\n                            <p>Finan\u0161u direktore<\/p>\n                            <p><a href=\"mailto:\"><\/a><\/p>\n                        <\/div>\n                    <\/li><li>\n                        <img decoding=\"async\" src=\"https:\/\/purvitis.lv\/app\/uploads\/2024\/02\/1_Rami_Ants_4-300x212.jpg\" class=\"img-fluid\" alt=\"\">\n                        <div class=\"team-info\">\n                            <h3>Ants Grende<\/h3>\n                            <p>Tehniskais direktors<\/p>\n                            <p><a href=\"mailto:\"><\/a><\/p>\n                        <\/div>\n                    <\/li><li>\n                        <img decoding=\"async\" src=\"https:\/\/purvitis.lv\/app\/uploads\/2024\/02\/1_Rami_Ezibete_1-300x212.jpg\" class=\"img-fluid\" alt=\"\">\n                        <div class=\"team-info\">\n                            <h3>Elizabete Pavlovska<\/h3>\n                            <p>Muzejpedago\u0123ijas departamenta vad\u012bt\u0101ja<\/p>\n                            <p><a href=\"mailto:\"><\/a><\/p>\n                        <\/div>\n                    <\/li><\/ul>\n<\/section>\n\n<script>window.dispatchEvent( new Event('acf\/loaded\/team-member'));<\/script>\n<section id=\"purvitis-text-block_6ff3997c2a09f4bc1fccfe68971acbcb\" class=\"purvitis-text\">\n\n    <p>Esam pateic\u012bgi muzeja atbalst\u012bt\u0101jiem<\/p>\n<p>&nbsp;<\/p>\n<ul>\n<li><strong>TGS Baltic zv\u0113rin\u0101tu advok\u0101tu birojs<\/strong><\/li>\n<li><strong>Kult\u016bras ministrija<\/strong><\/li>\n<\/ul>\n<p>&nbsp;<\/p>\n    \n<\/section>\n\n<script>window.dispatchEvent( new Event('acf\/loaded\/purvitis-text'));<\/script>\n<style type=\"text\/css\">\n\n    \n    :root {\n        \/*\n            New BG color\n        --------------------------------------- *\/\n        --new-bg-hue: 348 !important;\n        --new-bg-saturation: 26% !important;\n        --new-bg-light: 88% !important;\n    }\n\n<\/style>\n\n<section id=\"donate-box-block_b664022f222b40a0a47cb640c1a34e53\" class=\"donate-box\">\n    <div class=\"donate-box__inner\" data-bg-color=\"#f1e7e9\">\n        <p>Rekviz\u012bti:<\/p>\n<p>Biedr\u012bba \u201cPurv\u012b\u0161a muzejs\u201d<\/p>\n<p>Re\u0123.nr. 40008120773<\/p>\n<p>Banka: Swedbank<br \/>\nKonta: LV96HABA0551018616469<\/p>\n        <a href=\"#\" class=\"cta\">Ziedo muzeja izveidei<\/a>\n    <\/div>\n<\/section>\n\n<script>window.dispatchEvent( new Event('acf\/loaded\/donate-box'));<\/script>","protected":false},"excerpt":{"rendered":"","protected":false},"author":1,"featured_media":0,"parent":0,"menu_order":0,"comment_status":"closed","ping_status":"closed","template":"","meta":{"footnotes":""},"class_list":["post-2061","page","type-page","status-publish","hentry"],"acf":[],"yoast_head":"<!-- This site is optimized with the Yoast SEO plugin v21.9.1 - https:\/\/yoast.com\/wordpress\/plugins\/seo\/ -->\n<title>Museum - Purv\u012b\u0161a muzejs<\/title>\n<meta name=\"robots\" content=\"index, follow, max-snippet:-1, max-image-preview:large, max-video-preview:-1\" \/>\n<link rel=\"canonical\" href=\"https:\/\/purvitis.lv\/de\/muzejs\/\" \/>\n<meta property=\"og:locale\" content=\"de_DE\" \/>\n<meta property=\"og:type\" content=\"article\" \/>\n<meta property=\"og:title\" content=\"Museum - Purv\u012b\u0161a muzejs\" \/>\n<meta property=\"og:url\" content=\"https:\/\/purvitis.lv\/de\/muzejs\/\" \/>\n<meta property=\"og:site_name\" content=\"Purv\u012b\u0161a muzejs\" \/>\n<meta property=\"article:modified_time\" content=\"2024-07-30T13:53:35+00:00\" \/>\n<meta name=\"twitter:card\" content=\"summary_large_image\" \/>\n<script type=\"application\/ld+json\" class=\"yoast-schema-graph\">{\"@context\":\"https:\/\/schema.org\",\"@graph\":[{\"@type\":\"WebPage\",\"@id\":\"https:\/\/purvitis.lv\/de\/muzejs\/\",\"url\":\"https:\/\/purvitis.lv\/de\/muzejs\/\",\"name\":\"Museum - Purv\u012b\u0161a muzejs\",\"isPartOf\":{\"@id\":\"https:\/\/purvitis.lv\/#website\"},\"datePublished\":\"2023-12-15T09:27:38+00:00\",\"dateModified\":\"2024-07-30T13:53:35+00:00\",\"breadcrumb\":{\"@id\":\"https:\/\/purvitis.lv\/de\/muzejs\/#breadcrumb\"},\"inLanguage\":\"de-DE\",\"potentialAction\":[{\"@type\":\"ReadAction\",\"target\":[\"https:\/\/purvitis.lv\/de\/muzejs\/\"]}]},{\"@type\":\"BreadcrumbList\",\"@id\":\"https:\/\/purvitis.lv\/de\/muzejs\/#breadcrumb\",\"itemListElement\":[{\"@type\":\"ListItem\",\"position\":1,\"name\":\"Home\",\"item\":\"https:\/\/purvitis.lv\/de\/\"},{\"@type\":\"ListItem\",\"position\":2,\"name\":\"Museum\"}]},{\"@type\":\"WebSite\",\"@id\":\"https:\/\/purvitis.lv\/#website\",\"url\":\"https:\/\/purvitis.lv\/\",\"name\":\"Purv\u012b\u0161a muzejs\",\"description\":\"ir m\u0101jas\",\"potentialAction\":[{\"@type\":\"SearchAction\",\"target\":{\"@type\":\"EntryPoint\",\"urlTemplate\":\"https:\/\/purvitis.lv\/?s={search_term_string}\"},\"query-input\":\"required name=search_term_string\"}],\"inLanguage\":\"de-DE\"}]}<\/script>\n<!-- \/ Yoast SEO plugin. -->","yoast_head_json":{"title":"Museum - Purv\u012b\u0161a muzejs","robots":{"index":"index","follow":"follow","max-snippet":"max-snippet:-1","max-image-preview":"max-image-preview:large","max-video-preview":"max-video-preview:-1"},"canonical":"https:\/\/purvitis.lv\/de\/muzejs\/","og_locale":"de_DE","og_type":"article","og_title":"Museum - Purv\u012b\u0161a muzejs","og_url":"https:\/\/purvitis.lv\/de\/muzejs\/","og_site_name":"Purv\u012b\u0161a muzejs","article_modified_time":"2024-07-30T13:53:35+00:00","twitter_card":"summary_large_image","schema":{"@context":"https:\/\/schema.org","@graph":[{"@type":"WebPage","@id":"https:\/\/purvitis.lv\/de\/muzejs\/","url":"https:\/\/purvitis.lv\/de\/muzejs\/","name":"Museum - Purv\u012b\u0161a muzejs","isPartOf":{"@id":"https:\/\/purvitis.lv\/#website"},"datePublished":"2023-12-15T09:27:38+00:00","dateModified":"2024-07-30T13:53:35+00:00","breadcrumb":{"@id":"https:\/\/purvitis.lv\/de\/muzejs\/#breadcrumb"},"inLanguage":"de-DE","potentialAction":[{"@type":"ReadAction","target":["https:\/\/purvitis.lv\/de\/muzejs\/"]}]},{"@type":"BreadcrumbList","@id":"https:\/\/purvitis.lv\/de\/muzejs\/#breadcrumb","itemListElement":[{"@type":"ListItem","position":1,"name":"Home","item":"https:\/\/purvitis.lv\/de\/"},{"@type":"ListItem","position":2,"name":"Museum"}]},{"@type":"WebSite","@id":"https:\/\/purvitis.lv\/#website","url":"https:\/\/purvitis.lv\/","name":"Purv\u012b\u0161a muzejs","description":"ir m\u0101jas","potentialAction":[{"@type":"SearchAction","target":{"@type":"EntryPoint","urlTemplate":"https:\/\/purvitis.lv\/?s={search_term_string}"},"query-input":"required name=search_term_string"}],"inLanguage":"de-DE"}]}},"_links":{"self":[{"href":"https:\/\/purvitis.lv\/de\/wp-json\/wp\/v2\/pages\/2061","targetHints":{"allow":["GET"]}}],"collection":[{"href":"https:\/\/purvitis.lv\/de\/wp-json\/wp\/v2\/pages"}],"about":[{"href":"https:\/\/purvitis.lv\/de\/wp-json\/wp\/v2\/types\/page"}],"author":[{"embeddable":true,"href":"https:\/\/purvitis.lv\/de\/wp-json\/wp\/v2\/users\/1"}],"replies":[{"embeddable":true,"href":"https:\/\/purvitis.lv\/de\/wp-json\/wp\/v2\/comments?post=2061"}],"version-history":[{"count":26,"href":"https:\/\/purvitis.lv\/de\/wp-json\/wp\/v2\/pages\/2061\/revisions"}],"predecessor-version":[{"id":2934,"href":"https:\/\/purvitis.lv\/de\/wp-json\/wp\/v2\/pages\/2061\/revisions\/2934"}],"wp:attachment":[{"href":"https:\/\/purvitis.lv\/de\/wp-json\/wp\/v2\/media?parent=2061"}],"curies":[{"name":"wp","href":"https:\/\/api.w.org\/{rel}","templated":true}]}}