{"id":2063,"date":"2023-12-15T09:26:55","date_gmt":"2023-12-15T09:26:55","guid":{"rendered":"https:\/\/purvitis.lv\/notikumi\/"},"modified":"2024-07-19T08:08:47","modified_gmt":"2024-07-19T08:08:47","slug":"notikumi","status":"publish","type":"page","link":"https:\/\/purvitis.lv\/de\/notikumi\/","title":{"rendered":"Ereignisse"},"content":{"rendered":"\n<section id=\"hero-block-block_28890759e3275c3bafffe532ec2cf659\" class=\"hero-block text-above-no-margin mb-m-nor\">\n\n            <div class=\"texts-above-hero \">\n            <div class=\"text-above-hero\"><p>Grundlegende Exposition<\/p>\n<a href=\"https:\/\/purvitis.lv\/de\/events\/pastaigu-taka\/\" class=\"cta\">Wanderpfad <\/a><\/div>        <\/div>\n            \n    <div class=\"hero-block__wrapper\">\n\n        \n        <div class=\"media\">\n            <img decoding=\"async\" \n                        src=\"https:\/\/purvitis.lv\/app\/uploads\/2023\/12\/imsh-1.jpeg\" \n                        class=\"img-fluid\" \n                        style=\"background-image: url(https:\/\/purvitis.lv\/app\/uploads\/2023\/12\/imsh-1-150x150.jpeg);\"\n                        alt=\"\">\n                        <div class=\"image-wrapper\"><\/div>\n        <\/div>\n        <div class=\"marquee-wrapper\" data-bg-color=\"#edd6bd\" data-direction=\"left\"><div class=\"marquee\"><div>von Mai, wenn die Apfelb\u00e4ume bl\u00fchen, bis Oktober, wenn die Natur reiche Farbnuancen bietet.<\/div><\/div><\/div>\n        \n                            \n    <\/div>\n\n<\/section>\n\n<script>window.dispatchEvent( new Event('acf\/loaded\/hero-block'));<\/script>\n<section id=\"two-cols-image-block_1a519863b278bf8d9d170480ff9181c9\" class=\"two-cols-image display-2-cols-in-mobile mb-big mb-m-big equal-height\">\n\n\n            <div class=\"image-block\">\n                <div class=\"text-block above\"><p>Grundlegende Exposition<\/p>\n<a href=\"https:\/\/purvitis.lv\/de\/events\/septini-gudrie\/\" class=\"cta\">Die sieben Weisen<\/a><\/div><a href=\"https:\/\/purvitis.lv\/de\/events\/septini-gudrie\/\" class=\"img-wrapper\">\n                                        <img loading=\"lazy\" decoding=\"async\" src=\"https:\/\/purvitis.lv\/app\/uploads\/2024\/02\/AJ102594-1-768x512.jpg\" style=\"background-image: url(https:\/\/purvitis.lv\/app\/uploads\/2024\/02\/AJ102594-1-150x150.jpg);\" class=\"img-fluid\" width=\"534\" height=\"352\"  alt=\"\">\n                                    <\/a>            <\/div>\n    \n        \n            <div class=\"image-block\">\n                <div class=\"text-block above\"><p>Grundlegende Exposition<\/p>\n<a href=\"https:\/\/purvitis.lv\/de\/museum\/abeldarzs\/\" class=\"cta\">Der Apfelgarten<\/a><\/div><a href=\"https:\/\/purvitis.lv\/de\/museum\/abeldarzs\/\" class=\"img-wrapper\">\n                                        <img loading=\"lazy\" decoding=\"async\" src=\"https:\/\/purvitis.lv\/app\/uploads\/2024\/01\/Abeldarzs_Ants_Grende_PHOTO-2023-05-21-12-54-11-3-768x576.webp\" style=\"background-image: url(https:\/\/purvitis.lv\/app\/uploads\/2024\/01\/Abeldarzs_Ants_Grende_PHOTO-2023-05-21-12-54-11-3-150x150.webp);\" class=\"img-fluid\" width=\"534\" height=\"352\"  alt=\"\">\n                                    <\/a>            <\/div>\n    \n            \n<\/section>\n\n<script>window.dispatchEvent( new Event('acf\/loaded\/two-cols-image'));<\/script>\n<section id=\"featured-events-block_e5c3572cb0385db098586c680b9137a7\" class=\"featured-events\">\n\n    <h2>Ereignisse<\/h2>\n\n    <div class=\"events-wrapper\">\n                    <div class=\"event featured\">\n                        <div class=\"event-meta\">\n                            <p class=\"event-date\"><\/p>\n                            <div class=\"event-heading\">\n                                <h3>Jauno m\u0101kslinieku balva \u201cPavasaris\u201d<\/h3><a href=\"https:\/\/purvitis.lv\/de\/events\/jauno-makslinieku-balva-pavasaris\/\" class=\"cta\"><\/a>                            <\/div>\n                        <\/div>\n                        <div class=\"event-image\">\n                            <a href=\"https:\/\/purvitis.lv\/de\/events\/jauno-makslinieku-balva-pavasaris\/\"><img loading=\"lazy\" decoding=\"async\" src=\"https:\/\/purvitis.lv\/app\/uploads\/2024\/01\/PAVASARIS_Arturs_Jenots_AJ106740-768x512.webp\" style=\"backround-image: url(https:\/\/purvitis.lv\/app\/uploads\/2024\/01\/PAVASARIS_Arturs_Jenots_AJ106740-150x150.webp);\" class=\"img-fluid\" width=\"534\" height=\"352\" alt=\"\"><\/a>                        <\/div>\n                    <\/div>\n\n                   \n                    <div class=\"event \">\n                        <div class=\"event-meta\">\n                            <p class=\"event-date\"><\/p>\n                            <div class=\"event-heading\">\n                                <a href=\"https:\/\/purvitis.lv\/de\/events\/kulturtalka\/\" class=\"cta\">Kult\u016brtalka<\/a>                            <\/div>\n                        <\/div>\n                        <div class=\"event-image\">\n                            <a href=\"https:\/\/purvitis.lv\/de\/events\/kulturtalka\/\"><img loading=\"lazy\" decoding=\"async\" src=\"https:\/\/purvitis.lv\/app\/uploads\/2023\/12\/Kulturtalka-768x576.webp\" style=\"backround-image: url(https:\/\/purvitis.lv\/app\/uploads\/2023\/12\/Kulturtalka-150x150.webp);\" class=\"img-fluid\" width=\"534\" height=\"352\" alt=\"\"><\/a>                        <\/div>\n                    <\/div>\n\n                   \n                    <div class=\"event \">\n                        <div class=\"event-meta\">\n                            <p class=\"event-date\"><\/p>\n                            <div class=\"event-heading\">\n                                <a href=\"https:\/\/purvitis.lv\/de\/events\/makslas-terapijas-sesijas\/\" class=\"cta\">Labb\u016bt\u012bbas sesija<\/a>                            <\/div>\n                        <\/div>\n                        <div class=\"event-image\">\n                            <a href=\"https:\/\/purvitis.lv\/de\/events\/makslas-terapijas-sesijas\/\"><img loading=\"lazy\" decoding=\"async\" src=\"https:\/\/purvitis.lv\/app\/uploads\/2024\/01\/Makslas_terapija_IMG_0466-768x1024.webp\" style=\"backround-image: url(https:\/\/purvitis.lv\/app\/uploads\/2024\/01\/Makslas_terapija_IMG_0466-150x150.webp);\" class=\"img-fluid\" width=\"534\" height=\"352\" alt=\"\"><\/a>                        <\/div>\n                    <\/div>\n\n                   <\/div>    \n<\/section>\n\n<script>window.dispatchEvent( new Event('acf\/loaded\/featured-events'));<\/script>\n<style type=\"text\/css\">\n\n    \n    :root {\n        \/*\n            New BG color\n        --------------------------------------- *\/\n        --new-bg-hue: 31 !important;\n        --new-bg-saturation: 57% !important;\n        --new-bg-light: 79% !important;\n    }\n\n<\/style>\n\n<section id=\"donate-box-block_22d3b49d632fd1a24efc88f9eeca25ef\" class=\"donate-box\">\n    <div class=\"donate-box__inner\" data-bg-color=\"#edd6bd\">\n        <p>Rekviz\u012bti:<\/p>\n<p>Biedr\u012bba \u201cPurv\u012b\u0161a muzejs\u201d<\/p>\n<p>Re\u0123.nr. 40008120773<\/p>\n<p>Banka: Swedbank<br \/>\nKonta: LV96HABA0551018616469<\/p>\n        <a href=\"#\" class=\"cta\">Ziedo muzeja izveidei<\/a>\n    <\/div>\n<\/section>\n\n<script>window.dispatchEvent( new Event('acf\/loaded\/donate-box'));<\/script>","protected":false},"excerpt":{"rendered":"","protected":false},"author":1,"featured_media":0,"parent":0,"menu_order":0,"comment_status":"closed","ping_status":"closed","template":"","meta":{"footnotes":""},"class_list":["post-2063","page","type-page","status-publish","hentry"],"acf":[],"yoast_head":"<!-- This site is optimized with the Yoast SEO plugin v21.9.1 - https:\/\/yoast.com\/wordpress\/plugins\/seo\/ -->\n<title>Ereignisse - Purv\u012b\u0161a muzejs<\/title>\n<meta name=\"robots\" content=\"index, follow, max-snippet:-1, max-image-preview:large, max-video-preview:-1\" \/>\n<link rel=\"canonical\" href=\"https:\/\/purvitis.lv\/de\/notikumi\/\" \/>\n<meta property=\"og:locale\" content=\"de_DE\" \/>\n<meta property=\"og:type\" content=\"article\" \/>\n<meta property=\"og:title\" content=\"Ereignisse - Purv\u012b\u0161a muzejs\" \/>\n<meta property=\"og:url\" content=\"https:\/\/purvitis.lv\/de\/notikumi\/\" \/>\n<meta property=\"og:site_name\" content=\"Purv\u012b\u0161a muzejs\" \/>\n<meta property=\"article:modified_time\" content=\"2024-07-19T08:08:47+00:00\" \/>\n<meta name=\"twitter:card\" content=\"summary_large_image\" \/>\n<script type=\"application\/ld+json\" class=\"yoast-schema-graph\">{\"@context\":\"https:\/\/schema.org\",\"@graph\":[{\"@type\":\"WebPage\",\"@id\":\"https:\/\/purvitis.lv\/de\/notikumi\/\",\"url\":\"https:\/\/purvitis.lv\/de\/notikumi\/\",\"name\":\"Ereignisse - Purv\u012b\u0161a muzejs\",\"isPartOf\":{\"@id\":\"https:\/\/purvitis.lv\/#website\"},\"datePublished\":\"2023-12-15T09:26:55+00:00\",\"dateModified\":\"2024-07-19T08:08:47+00:00\",\"breadcrumb\":{\"@id\":\"https:\/\/purvitis.lv\/de\/notikumi\/#breadcrumb\"},\"inLanguage\":\"de-DE\",\"potentialAction\":[{\"@type\":\"ReadAction\",\"target\":[\"https:\/\/purvitis.lv\/de\/notikumi\/\"]}]},{\"@type\":\"BreadcrumbList\",\"@id\":\"https:\/\/purvitis.lv\/de\/notikumi\/#breadcrumb\",\"itemListElement\":[{\"@type\":\"ListItem\",\"position\":1,\"name\":\"Home\",\"item\":\"https:\/\/purvitis.lv\/de\/\"},{\"@type\":\"ListItem\",\"position\":2,\"name\":\"Ereignisse\"}]},{\"@type\":\"WebSite\",\"@id\":\"https:\/\/purvitis.lv\/#website\",\"url\":\"https:\/\/purvitis.lv\/\",\"name\":\"Purv\u012b\u0161a muzejs\",\"description\":\"ir m\u0101jas\",\"potentialAction\":[{\"@type\":\"SearchAction\",\"target\":{\"@type\":\"EntryPoint\",\"urlTemplate\":\"https:\/\/purvitis.lv\/?s={search_term_string}\"},\"query-input\":\"required name=search_term_string\"}],\"inLanguage\":\"de-DE\"}]}<\/script>\n<!-- \/ Yoast SEO plugin. -->","yoast_head_json":{"title":"Ereignisse - Purv\u012b\u0161a muzejs","robots":{"index":"index","follow":"follow","max-snippet":"max-snippet:-1","max-image-preview":"max-image-preview:large","max-video-preview":"max-video-preview:-1"},"canonical":"https:\/\/purvitis.lv\/de\/notikumi\/","og_locale":"de_DE","og_type":"article","og_title":"Ereignisse - Purv\u012b\u0161a muzejs","og_url":"https:\/\/purvitis.lv\/de\/notikumi\/","og_site_name":"Purv\u012b\u0161a muzejs","article_modified_time":"2024-07-19T08:08:47+00:00","twitter_card":"summary_large_image","schema":{"@context":"https:\/\/schema.org","@graph":[{"@type":"WebPage","@id":"https:\/\/purvitis.lv\/de\/notikumi\/","url":"https:\/\/purvitis.lv\/de\/notikumi\/","name":"Ereignisse - Purv\u012b\u0161a muzejs","isPartOf":{"@id":"https:\/\/purvitis.lv\/#website"},"datePublished":"2023-12-15T09:26:55+00:00","dateModified":"2024-07-19T08:08:47+00:00","breadcrumb":{"@id":"https:\/\/purvitis.lv\/de\/notikumi\/#breadcrumb"},"inLanguage":"de-DE","potentialAction":[{"@type":"ReadAction","target":["https:\/\/purvitis.lv\/de\/notikumi\/"]}]},{"@type":"BreadcrumbList","@id":"https:\/\/purvitis.lv\/de\/notikumi\/#breadcrumb","itemListElement":[{"@type":"ListItem","position":1,"name":"Home","item":"https:\/\/purvitis.lv\/de\/"},{"@type":"ListItem","position":2,"name":"Ereignisse"}]},{"@type":"WebSite","@id":"https:\/\/purvitis.lv\/#website","url":"https:\/\/purvitis.lv\/","name":"Purv\u012b\u0161a muzejs","description":"ir m\u0101jas","potentialAction":[{"@type":"SearchAction","target":{"@type":"EntryPoint","urlTemplate":"https:\/\/purvitis.lv\/?s={search_term_string}"},"query-input":"required name=search_term_string"}],"inLanguage":"de-DE"}]}},"_links":{"self":[{"href":"https:\/\/purvitis.lv\/de\/wp-json\/wp\/v2\/pages\/2063","targetHints":{"allow":["GET"]}}],"collection":[{"href":"https:\/\/purvitis.lv\/de\/wp-json\/wp\/v2\/pages"}],"about":[{"href":"https:\/\/purvitis.lv\/de\/wp-json\/wp\/v2\/types\/page"}],"author":[{"embeddable":true,"href":"https:\/\/purvitis.lv\/de\/wp-json\/wp\/v2\/users\/1"}],"replies":[{"embeddable":true,"href":"https:\/\/purvitis.lv\/de\/wp-json\/wp\/v2\/comments?post=2063"}],"version-history":[{"count":5,"href":"https:\/\/purvitis.lv\/de\/wp-json\/wp\/v2\/pages\/2063\/revisions"}],"predecessor-version":[{"id":2717,"href":"https:\/\/purvitis.lv\/de\/wp-json\/wp\/v2\/pages\/2063\/revisions\/2717"}],"wp:attachment":[{"href":"https:\/\/purvitis.lv\/de\/wp-json\/wp\/v2\/media?parent=2063"}],"curies":[{"name":"wp","href":"https:\/\/api.w.org\/{rel}","templated":true}]}}