{"id":2067,"date":"2023-12-15T09:27:16","date_gmt":"2023-12-15T09:27:16","guid":{"rendered":"https:\/\/purvitis.lv\/purvitis\/"},"modified":"2024-07-18T09:21:19","modified_gmt":"2024-07-18T09:21:19","slug":"purvitis","status":"publish","type":"page","link":"https:\/\/purvitis.lv\/de\/purvitis\/","title":{"rendered":"Purv\u012btis"},"content":{"rendered":"\n<section id=\"hero-block-block_7cb7ce272206293f7e79067456ad36a7\" class=\"hero-block text-above-no-margin mb-med mb-m-nor\">\n\n            <div class=\"texts-above-hero \">\n            <div class=\"text-above-hero\"><p>Vilhelms Purv\u012btis<\/p>\n<\/div>        <\/div>\n            \n    <div class=\"hero-block__wrapper\">\n\n        \n        <div class=\"media\">\n            <img decoding=\"async\" \n                        src=\"https:\/\/purvitis.lv\/app\/uploads\/2023\/12\/Purvitis-2.jpeg\" \n                        class=\"img-fluid\" \n                        style=\"background-image: url(https:\/\/purvitis.lv\/app\/uploads\/2023\/12\/Purvitis-2-150x150.jpeg);\"\n                        alt=\"\">\n                        <div class=\"image-wrapper\"><\/div>\n        <\/div>\n        \n        \n                <div class=\"media-caption\"><p class=\"caption\"><span>Kadrs no dokument\u0101l\u0101s filmas \u201cVilhelms Purv\u012btis\u2019\u2019, 1939. gads. Latvijas Nacion\u0101l\u0101 arh\u012bva materi\u0101ls, LNA_KFFDA_F194_1_592<\/span><\/p><\/div>            \n    <\/div>\n\n<\/section>\n\n<script>window.dispatchEvent( new Event('acf\/loaded\/hero-block'));<\/script>\n\n\n<section id=\"purvitis-text-block_492e6124784fdf126498c0d365985809\" class=\"purvitis-text mb-med mb-m-med\">\n\n    <p>Ainavists, pedagogs, Latvijas M\u0101kslas akad\u0113mijas pirmais rektors un R\u012bgas pils\u0113tas m\u0101kslas muzeja direktors Vilhelms Purv\u012btis &#8211; viens no latvie\u0161u nacion\u0101l\u0101s glezniec\u012bbas skolas aizs\u0101c\u0113jiem. Vi\u0146a diplom\u0101ta sp\u0113jas, asais pr\u0101ts, neatlaid\u012bba un taisn\u012bguma izj\u016bta sp\u0113jusi da\u017e\u0101dos Latvijas okup\u0101cijas laikos nosarg\u0101t nacion\u0101l\u0101s m\u0101kslas v\u0113rt\u012bbas un izaudzin\u0101t sp\u0113c\u012bgus p\u0113cte\u010dus.<\/p>\n    \n<\/section>\n\n<script>window.dispatchEvent( new Event('acf\/loaded\/purvitis-text'));<\/script>\n\n\n<section id=\"full-width-image-block_f2208a268d64ffc3b9742374fdbcb694\" class=\"full-width-image mb-med mb-m-med\">\n\n            \n    <div class=\"mpwbpk-image full-width media\">\n        <img loading=\"lazy\" decoding=\"async\" src=\"https:\/\/purvitis.lv\/app\/uploads\/2024\/01\/purvitis-2-1024x705.webp\" style=\"background-image: url(https:\/\/purvitis.lv\/app\/uploads\/2024\/01\/purvitis-2-150x150.webp);\" class=\"img-fluid\" width=\"1084\" height=\"600\" alt=\"\"><\/a>            \n            \n        <div class=\"caption\"><p>Vilhelms Purv\u012btis, Ziema, ap 1910. gadu. Latvijas Nacion\u0101lais m\u0101kslas muzeja arh\u012bvs, VMM GL-1568<\/p>\n<\/div>    <\/div>\n\n        \n<\/section>\n\n<script>window.dispatchEvent( new Event('acf\/loaded\/full-width-image'));<\/script>\n\n\n<section id=\"two-cols-image-block_2cb89ddfeeff93e1390bff6eebf0273b\" class=\"two-cols-image display-2-cols-in-mobile mb-med mb-m-med\">\n\n\n            <div class=\"image-block\">\n                <img loading=\"lazy\" decoding=\"async\" src=\"https:\/\/purvitis.lv\/app\/uploads\/2024\/02\/PURVI\u0304TIS_BOGRA\u0304FIJA_PORTRETS_BEZ-ROKAS-768x464.jpg\" style=\"background-image: url(https:\/\/purvitis.lv\/app\/uploads\/2024\/02\/PURVI\u0304TIS_BOGRA\u0304FIJA_PORTRETS_BEZ-ROKAS-150x150.jpg);\" class=\"img-fluid\" width=\"534\" height=\"352\"  alt=\"\"><div class=\"text-block caption\">Vilhelms Purv\u012btis, ap 1900. gadu. Rakstniec\u012bbas un m\u016bzikas muzeja arh\u012bvs, RTMM 377545<\/div>            <\/div>\n    \n        \n            <div class=\"image-block\">\n                <img loading=\"lazy\" decoding=\"async\" src=\"https:\/\/purvitis.lv\/app\/uploads\/2024\/01\/PURVITIS_BOGRAFIJA_PORTRETS-1.png\" style=\"background-image: url(https:\/\/purvitis.lv\/app\/uploads\/2024\/01\/PURVITIS_BOGRAFIJA_PORTRETS-1-150x150.png);\" class=\"img-fluid\" width=\"534\" height=\"352\"  alt=\"\"><div class=\"text-block caption\">Vilhelms un Karol\u012bne Purv\u012b\u0161i, 1937. gads. Foto no Kristi\u0101nas \u0100beles monogr\u0101fija par &#8220;Purv\u012bti&#8221;, &#8220;Neputns&#8221; <\/div>            <\/div>\n    \n            \n<\/section>\n\n<script>window.dispatchEvent( new Event('acf\/loaded\/two-cols-image'));<\/script>\n\n\n<section id=\"purvitis-text-block_0b862f1aa922491e1f0252faaea763c6\" class=\"purvitis-text mb-med mb-m-med\">\n\n    <p>Vilhelms Purv\u012btis (1872\u20131945) ir m\u0101kslas filozofs. Vi\u0146a darbu unikalit\u0101te ir gleznu \u201ckompon\u0113\u0161ana\u201d. Teju neviena Purv\u012b\u0161a gleznot\u0101 ainava, kas redzama Nacion\u0101laj\u0101 M\u0101kslas muzej\u0101, Durbes pil\u012b, Valsts prezidenta pil\u012b, priv\u0101t\u0101s kolekcij\u0101s un citur, nav realit\u0101t\u0113 ieraug\u0101ma, jo t\u0101 ir \u201ckompon\u0113ta\u201d \u2013 m\u0101ksl\u012bgi inscen\u0113ta. Sav\u0101s neskait\u0101maj\u0101s studij\u0101s izkopis konkr\u0113tus dabas objektus, Purv\u012btis tos apvienoja vienuviet unik\u0101l\u0101s kompoz\u012bcij\u0101s un vari\u0101cij\u0101s. \u201cOrganiz\u0113t dabu,\u201d teica Purv\u012btis. Kompoz\u012bcijas vajadz\u012bb\u0101m vi\u0146\u0161 ieteica \u201cp\u0101rst\u0101d\u012bt\u201d k\u0101du koku citur vai k\u0101du m\u0101ju \u201cpiekompon\u0113t\u201d.<\/p>\n    \n<\/section>\n\n<script>window.dispatchEvent( new Event('acf\/loaded\/purvitis-text'));<\/script>\n\n\n<section id=\"two-cols-image-block_fcb24492b1e72f960d9d95a33428edba\" class=\"two-cols-image display-2-cols-in-mobile mb-m-nor equal-height\">\n\n\n            <div class=\"image-block\">\n                <img loading=\"lazy\" decoding=\"async\" src=\"https:\/\/purvitis.lv\/app\/uploads\/2023\/12\/image-11.jpeg\" style=\"background-image: url(https:\/\/purvitis.lv\/app\/uploads\/2023\/12\/image-11-150x150.jpeg);\" class=\"img-fluid\" width=\"534\" height=\"352\"  alt=\"\"><div class=\"text-block caption\">Vilhelms Purv\u012btis, Pavasar\u012b, 1933. &#8211; 1934. gads. Latvijas Nacion\u0101lais m\u0101kslas muzeja arh\u012bvs, LMM GL-913<\/div>            <\/div>\n    \n        \n            <div class=\"image-block\">\n                <img loading=\"lazy\" decoding=\"async\" src=\"https:\/\/purvitis.lv\/app\/uploads\/2023\/12\/image-12.jpeg\" style=\"background-image: url(https:\/\/purvitis.lv\/app\/uploads\/2023\/12\/image-12-150x150.jpeg);\" class=\"img-fluid\" width=\"534\" height=\"352\"  alt=\"\"><div class=\"text-block caption\">Vilhelms Purv\u012btis, Rudens saule, ne v\u0113l\u0101k par 1910. gadu. Latvijas Nacion\u0101lais m\u0101kslas muzeja arh\u012bvs, LMM GL-123<\/div>            <\/div>\n    \n            \n<\/section>\n\n<script>window.dispatchEvent( new Event('acf\/loaded\/two-cols-image'));<\/script>\n\n\n<section id=\"two-cols-image-block_9ec5721b4fe601670b5a1dcdbfde7b92\" class=\"two-cols-image display-2-cols-in-mobile mb-med mb-m-nor equal-height\">\n\n\n            <div class=\"image-block\">\n                <img loading=\"lazy\" decoding=\"async\" src=\"https:\/\/purvitis.lv\/app\/uploads\/2023\/12\/image-13.jpeg\" style=\"background-image: url(https:\/\/purvitis.lv\/app\/uploads\/2023\/12\/image-13-150x150.jpeg);\" class=\"img-fluid\" width=\"534\" height=\"352\"  alt=\"\"><div class=\"text-block caption\">Vilhelms Purv\u012btis, Vakars (Kazdangas ainava), ap 1911. &#8211; 1912. gadu. Priv\u0101tkolekcija<\/div>            <\/div>\n    \n        \n            <div class=\"image-block\">\n                <img loading=\"lazy\" decoding=\"async\" src=\"https:\/\/purvitis.lv\/app\/uploads\/2023\/12\/image-14.jpeg\" style=\"background-image: url(https:\/\/purvitis.lv\/app\/uploads\/2023\/12\/image-14-150x150.jpeg);\" class=\"img-fluid\" width=\"534\" height=\"352\"  alt=\"\"><div class=\"text-block caption\">Vilhelms Purv\u012btis, Ainava ar b\u0113rziem, 1910. gads. Latvijas Nacion\u0101lais m\u0101kslas muzeja arh\u012bvs, LMM GL-3434<\/div>            <\/div>\n    \n            \n<\/section>\n\n<script>window.dispatchEvent( new Event('acf\/loaded\/two-cols-image'));<\/script>\n\n\n<section id=\"purvitis-text-block_ed88f4376a668ff368293b825fe3e337\" class=\"purvitis-text mb-med mb-m-med\">\n\n    <p>Vi\u0146a pan\u0101kumu pamat\u0101 vienm\u0113r bijis darbs \u2013 meistars necieta bezdarb\u012bbu. Purv\u012btis uzskat\u012bja, ka \u013coti reti var noteikt, kur\u0161 ir \u012bsts m\u0101kslinieks no dabas un kur\u0161 par t\u0101du k\u013c\u016bs ar smagu darbu. Lai motiv\u0113tu savus studentus str\u0101d\u0101t, vi\u0146\u0161 ar ogli uz sienas uzvilka l\u012bniju un teica: \u201cL\u012bdz \u0161ai vietai nok\u013c\u016bs daudzi no jums, varb\u016bt pat visi, bet p\u0101ri tai tiksiet tikai da\u017ei. Aiz \u0161\u012bs sv\u012btras s\u0101kas m\u0101kslinieks.\u201d<\/p>\n    \n<\/section>\n\n<script>window.dispatchEvent( new Event('acf\/loaded\/purvitis-text'));<\/script>\n\n\n<section id=\"full-width-image-block_d387910bfa840f2c9f1f302647dd9036\" class=\"full-width-image mb-med mb-m-med\">\n\n            \n    <div class=\"mpwbpk-image full-width media\">\n        <img loading=\"lazy\" decoding=\"async\" src=\"https:\/\/purvitis.lv\/app\/uploads\/2023\/12\/image-15-1024x537.jpeg\" style=\"background-image: url(https:\/\/purvitis.lv\/app\/uploads\/2023\/12\/image-15-150x150.jpeg);\" class=\"img-fluid\" width=\"1084\" height=\"600\" alt=\"\"><\/a>            \n            \n        <div class=\"caption\"><p>Vilhelms Purv\u012btis, Pavasara \u016bde\u0146i, ap 1930. &#8211; 1935. gadu. Latvijas Nacion\u0101lais m\u0101kslas muzeja arh\u012bvs, LMM GL-3259<\/p>\n<\/div>    <\/div>\n\n        \n<\/section>\n\n<script>window.dispatchEvent( new Event('acf\/loaded\/full-width-image'));<\/script>\n\n\n<section id=\"purvitis-text-block_413a7f9c892748c296ad319f7f5ce65a\" class=\"purvitis-text mb-med mb-m-med\">\n\n    <p>Bet liel\u0101kais pan\u0101kums m\u0101ksliniekam ir atrast pa\u0161am sevi. Sav\u0101 darbn\u012bc\u0101 Purv\u012btis apm\u0101c\u012bjis virkni 20. gadsimta latvie\u0161u m\u0101kslinieku \u2013 \u0122edertu Eliasu, K\u0101rli Padegu, \u0100riju Skridi, Arv\u012bdu Egli, Miervaldi \u0136emeru, J\u0101ni Gaili, Margrietu Celmi\u0146u, Edgaru V\u0101rdauni, Kurtu Fridrihsonu un daudzus citus. Vi\u0146\u0161 vienm\u0113r uzskat\u012bjis, ka visi vi\u0146a studenti ir apd\u0101vin\u0101ti, bet neviens nedr\u012bkst slinkot, jo \u012bst\u0101 c\u012b\u0146a s\u0101ksies, kad m\u0101kslinieks paliks viens un neb\u016bs kam pras\u012bt padomu. Purv\u012b\u0161a stingrais raksturs, asais pr\u0101ts, smalk\u0101 humora izj\u016bta un ar\u012b trauslums ir tikai da\u017eas no vi\u0146a person\u012bbu veidojo\u0161aj\u0101m \u012bpa\u0161\u012bb\u0101m, bet saviem audz\u0113k\u0146iem vi\u0146a dz\u012bvok\u013ca durvis vienm\u0113r biju\u0161as atv\u0113rtas. Vilhelma students Oto Greb\u017ee atminas: \u201cStudenti Purv\u012bti m\u0113dza saukt par\u2026 veco. T\u0101pat k\u0101 Purv\u012btis savu t\u0113vu.\u201d<\/p>\n    \n<\/section>\n\n<script>window.dispatchEvent( new Event('acf\/loaded\/purvitis-text'));<\/script>\n\n\n<section id=\"two-cols-image-block_e87b47c5402dbfa35c8e96fa9fb0de31\" class=\"two-cols-image display-2-cols-in-mobile mb-m-nor equal-height\">\n\n\n            <div class=\"image-block\">\n                <img loading=\"lazy\" decoding=\"async\" src=\"https:\/\/purvitis.lv\/app\/uploads\/2023\/12\/image-16.jpeg\" style=\"background-image: url(https:\/\/purvitis.lv\/app\/uploads\/2023\/12\/image-16-150x150.jpeg);\" class=\"img-fluid\" width=\"534\" height=\"352\"  alt=\"\"><div class=\"text-block caption\">Vilhelms Purv\u012btis, Pavasara ainava (Marts), 20.gs. 30. gadi. Latvijas Nacion\u0101lais m\u0101kslas muzeja arh\u012bvs, LMM GL-1189<\/div>            <\/div>\n    \n        \n            <div class=\"image-block\">\n                <img loading=\"lazy\" decoding=\"async\" src=\"https:\/\/purvitis.lv\/app\/uploads\/2023\/12\/image-17.jpeg\" style=\"background-image: url(https:\/\/purvitis.lv\/app\/uploads\/2023\/12\/image-17-150x150.jpeg);\" class=\"img-fluid\" width=\"534\" height=\"352\"  alt=\"\"><div class=\"text-block caption\">Vilhelms Purv\u012btis, Vasaras ainava, 20.gs. 20. gadi. Priv\u0101tkolekcija<\/div>            <\/div>\n    \n            \n<\/section>\n\n<script>window.dispatchEvent( new Event('acf\/loaded\/two-cols-image'));<\/script>\n\n\n<section id=\"two-cols-image-block_e06edb316c35f113e0e164955d4ecc87\" class=\"two-cols-image display-2-cols-in-mobile mb-med mb-m-nor equal-height\">\n\n\n            <div class=\"image-block\">\n                <img loading=\"lazy\" decoding=\"async\" src=\"https:\/\/purvitis.lv\/app\/uploads\/2024\/01\/PURVITIS_BIOGRAFIJA_KAPAKMENS-768x576.webp\" style=\"background-image: url(https:\/\/purvitis.lv\/app\/uploads\/2024\/01\/PURVITIS_BIOGRAFIJA_KAPAKMENS-150x150.webp);\" class=\"img-fluid\" width=\"534\" height=\"352\"  alt=\"\"><div class=\"text-block caption\">Vilhelma Purv\u012b\u0161a atdusas vieta Me\u017ea kapos, R\u012bga. Purv\u012b\u0161a muzeja arh\u012bvs<\/div>            <\/div>\n    \n        \n            <div class=\"image-block\">\n                <img loading=\"lazy\" decoding=\"async\" src=\"https:\/\/purvitis.lv\/app\/uploads\/2024\/01\/PURVITIS_BOGRAFIJA_AUDZUMEITA_MARIONA_VITANS-min-768x512.webp\" style=\"background-image: url(https:\/\/purvitis.lv\/app\/uploads\/2024\/01\/PURVITIS_BOGRAFIJA_AUDZUMEITA_MARIONA_VITANS-min-150x150.webp);\" class=\"img-fluid\" width=\"534\" height=\"352\"  alt=\"\"><div class=\"text-block caption\">Vilhelma Purv\u012b\u0161a aud\u017eu meita Mariona Vitans (1922.-2022.). Purv\u012b\u0161a muzeja arh\u012bvs<\/div>            <\/div>\n    \n            \n<\/section>\n\n<script>window.dispatchEvent( new Event('acf\/loaded\/two-cols-image'));<\/script>\n\n\n<section id=\"purvitis-text-block_fc7f6d0996dd7244accec4d11e70df7b\" class=\"purvitis-text\">\n\n    <p><span style=\"font-weight: 400;\">Savu statusu (M\u0101kslas akad\u0113mijas rektors, R\u012bgas pils\u0113tas m\u0101kslas muzeja direktors, pedagogs, vair\u0101ku starptautisku konkursu uzvar\u0113t\u0101js) Purv\u012btis izmantoja, iest\u0101joties par latvie\u0161u nacion\u0101l\u0101s m\u0101kslas saglab\u0101\u0161anu, kop\u0161anu un reiz\u0113m ar\u012b gl\u0101b\u0161anu. V\u0113l\u0101k, dodoties trimdas gait\u0101s, transports, kas uz V\u0101ciju p\u0101rveda ap 900 (par prec\u012bzu gleznu skaitu arh\u012bvi klus\u0113) Purv\u012b\u0161a gleznu, m\u012bklaini izgaisa. Tas Purv\u012btim bija liels trieciens, jo vi\u0146\u0161 uzskat\u012bja, ka bez saviem darbiem vi\u0146\u0161 jau atkal ir nekas un viss j\u0101s\u0101k no s\u0101kuma. Gadu v\u0113l\u0101k vi\u0146\u0161 dev\u0101s m\u016b\u017e\u012bb\u0101. Da\u017e\u0101d\u0101s kolekcij\u0101s \u0161obr\u012bd ir vair\u0101k k\u0101 400, bet prec\u012bzs skaits joproj\u0101m nav zin\u0101ms, vi\u0146a gleznu, kas joproj\u0101m apliecina Vilhelma Purv\u012b\u0161a talantu, meistar\u012bbu un \u0123enialit\u0101ti. <\/span><\/p>\n    \n<\/section>\n\n<script>window.dispatchEvent( new Event('acf\/loaded\/purvitis-text'));<\/script>\n\n\n<section id=\"full-width-image-block_21956acfae8ef10bfc29207b00732908\" class=\"full-width-image no-short-line mb-big mb-m-big\">\n\n            \n    <div class=\"mpwbpk-image full-width media\">\n        <img decoding=\"async\" src=\"https:\/\/purvitis.lv\/app\/uploads\/2024\/02\/Pateiciba_Purvisa_petniekiem-1-1084x602.jpeg\" class=\"img-fluid\" alt=\"\">            \n            \n            <\/div>\n\n    <div class=\"text-block-wrapper bottom\"><div class=\"text-block short-line\"><p>Muzeja p\u0113tniec\u012bba<\/p>\n<\/div><div class=\"text-block short-line\"><p>\u201cPurv\u012b\u0161a muzeja\u201d p\u0113tniec\u012bbas pl\u0101ns balst\u0101s, pateicoties p\u0113tniekiem, kuri izp\u0113t\u012bju\u0161i faktus un zin\u0101\u0161anas, no 19.gs. beig\u0101m l\u012bdz 21.gs. s\u0101kumam. Lai turpin\u0101tu sec\u012bgus so\u013cus Vilhelma Purv\u012b\u0161a dz\u012bves un dai\u013crades p\u0113tniec\u012bb\u0101, tiek izveidots Purv\u012b\u0161a mantojuma digit\u0101lais katalogs.<\/p>\n<p><a class=\"cta\" href=\"https:\/\/purvitis.lv\/museum\/muzeja-petnieciba\/\" rel=\"noopener\">Lasi vair\u0101k<\/a><\/p>\n<\/div><\/div>    \n<\/section>\n\n<script>window.dispatchEvent( new Event('acf\/loaded\/full-width-image'));<\/script>\n\n\n<style type=\"text\/css\">\n\n    \n    :root {\n        \/*\n            New BG color\n        --------------------------------------- *\/\n        --new-bg-hue: 77 !important;\n        --new-bg-saturation: 26% !important;\n        --new-bg-light: 84% !important;\n    }\n\n<\/style>\n\n<section id=\"donate-box-block_96ab5947b719f80747a9ed58ba6dd236\" class=\"donate-box\">\n    <div class=\"donate-box__inner\" data-bg-color=\"#e7ebdd\">\n        <p>&nbsp;<\/p>\n<p>Rekviz\u012bti:<\/p>\n<p>Biedr\u012bba \u201cPurv\u012b\u0161a muzejs\u201d<\/p>\n<p>Re\u0123.nr. 40008120773<\/p>\n<p>Banka: Swedbank<br \/>\nKonta:\u00a0LV96HABA0551018616469<\/p>\n        <a href=\"#\" class=\"cta\">Ziedo muzeja izveidei<\/a>\n    <\/div>\n<\/section>\n\n<script>window.dispatchEvent( new Event('acf\/loaded\/donate-box'));<\/script>","protected":false},"excerpt":{"rendered":"","protected":false},"author":1,"featured_media":0,"parent":0,"menu_order":0,"comment_status":"closed","ping_status":"closed","template":"","meta":{"footnotes":""},"class_list":["post-2067","page","type-page","status-publish","hentry"],"acf":[],"yoast_head":"<!-- This site is optimized with the Yoast SEO plugin v21.9.1 - https:\/\/yoast.com\/wordpress\/plugins\/seo\/ -->\n<title>Purv\u012btis - Purv\u012b\u0161a muzejs<\/title>\n<meta name=\"robots\" content=\"index, follow, max-snippet:-1, max-image-preview:large, max-video-preview:-1\" \/>\n<link rel=\"canonical\" href=\"https:\/\/purvitis.lv\/de\/purvitis\/\" \/>\n<meta property=\"og:locale\" content=\"de_DE\" \/>\n<meta property=\"og:type\" content=\"article\" \/>\n<meta property=\"og:title\" content=\"Purv\u012btis - Purv\u012b\u0161a muzejs\" \/>\n<meta property=\"og:url\" content=\"https:\/\/purvitis.lv\/de\/purvitis\/\" \/>\n<meta property=\"og:site_name\" content=\"Purv\u012b\u0161a muzejs\" \/>\n<meta property=\"article:modified_time\" content=\"2024-07-18T09:21:19+00:00\" \/>\n<meta name=\"twitter:card\" content=\"summary_large_image\" \/>\n<script type=\"application\/ld+json\" class=\"yoast-schema-graph\">{\"@context\":\"https:\/\/schema.org\",\"@graph\":[{\"@type\":\"WebPage\",\"@id\":\"https:\/\/purvitis.lv\/de\/purvitis\/\",\"url\":\"https:\/\/purvitis.lv\/de\/purvitis\/\",\"name\":\"Purv\u012btis - Purv\u012b\u0161a muzejs\",\"isPartOf\":{\"@id\":\"https:\/\/purvitis.lv\/#website\"},\"datePublished\":\"2023-12-15T09:27:16+00:00\",\"dateModified\":\"2024-07-18T09:21:19+00:00\",\"breadcrumb\":{\"@id\":\"https:\/\/purvitis.lv\/de\/purvitis\/#breadcrumb\"},\"inLanguage\":\"de-DE\",\"potentialAction\":[{\"@type\":\"ReadAction\",\"target\":[\"https:\/\/purvitis.lv\/de\/purvitis\/\"]}]},{\"@type\":\"BreadcrumbList\",\"@id\":\"https:\/\/purvitis.lv\/de\/purvitis\/#breadcrumb\",\"itemListElement\":[{\"@type\":\"ListItem\",\"position\":1,\"name\":\"Home\",\"item\":\"https:\/\/purvitis.lv\/de\/\"},{\"@type\":\"ListItem\",\"position\":2,\"name\":\"Purv\u012btis\"}]},{\"@type\":\"WebSite\",\"@id\":\"https:\/\/purvitis.lv\/#website\",\"url\":\"https:\/\/purvitis.lv\/\",\"name\":\"Purv\u012b\u0161a muzejs\",\"description\":\"ir m\u0101jas\",\"potentialAction\":[{\"@type\":\"SearchAction\",\"target\":{\"@type\":\"EntryPoint\",\"urlTemplate\":\"https:\/\/purvitis.lv\/?s={search_term_string}\"},\"query-input\":\"required name=search_term_string\"}],\"inLanguage\":\"de-DE\"}]}<\/script>\n<!-- \/ Yoast SEO plugin. -->","yoast_head_json":{"title":"Purv\u012btis - Purv\u012b\u0161a muzejs","robots":{"index":"index","follow":"follow","max-snippet":"max-snippet:-1","max-image-preview":"max-image-preview:large","max-video-preview":"max-video-preview:-1"},"canonical":"https:\/\/purvitis.lv\/de\/purvitis\/","og_locale":"de_DE","og_type":"article","og_title":"Purv\u012btis - Purv\u012b\u0161a muzejs","og_url":"https:\/\/purvitis.lv\/de\/purvitis\/","og_site_name":"Purv\u012b\u0161a muzejs","article_modified_time":"2024-07-18T09:21:19+00:00","twitter_card":"summary_large_image","schema":{"@context":"https:\/\/schema.org","@graph":[{"@type":"WebPage","@id":"https:\/\/purvitis.lv\/de\/purvitis\/","url":"https:\/\/purvitis.lv\/de\/purvitis\/","name":"Purv\u012btis - Purv\u012b\u0161a muzejs","isPartOf":{"@id":"https:\/\/purvitis.lv\/#website"},"datePublished":"2023-12-15T09:27:16+00:00","dateModified":"2024-07-18T09:21:19+00:00","breadcrumb":{"@id":"https:\/\/purvitis.lv\/de\/purvitis\/#breadcrumb"},"inLanguage":"de-DE","potentialAction":[{"@type":"ReadAction","target":["https:\/\/purvitis.lv\/de\/purvitis\/"]}]},{"@type":"BreadcrumbList","@id":"https:\/\/purvitis.lv\/de\/purvitis\/#breadcrumb","itemListElement":[{"@type":"ListItem","position":1,"name":"Home","item":"https:\/\/purvitis.lv\/de\/"},{"@type":"ListItem","position":2,"name":"Purv\u012btis"}]},{"@type":"WebSite","@id":"https:\/\/purvitis.lv\/#website","url":"https:\/\/purvitis.lv\/","name":"Purv\u012b\u0161a muzejs","description":"ir m\u0101jas","potentialAction":[{"@type":"SearchAction","target":{"@type":"EntryPoint","urlTemplate":"https:\/\/purvitis.lv\/?s={search_term_string}"},"query-input":"required name=search_term_string"}],"inLanguage":"de-DE"}]}},"_links":{"self":[{"href":"https:\/\/purvitis.lv\/de\/wp-json\/wp\/v2\/pages\/2067","targetHints":{"allow":["GET"]}}],"collection":[{"href":"https:\/\/purvitis.lv\/de\/wp-json\/wp\/v2\/pages"}],"about":[{"href":"https:\/\/purvitis.lv\/de\/wp-json\/wp\/v2\/types\/page"}],"author":[{"embeddable":true,"href":"https:\/\/purvitis.lv\/de\/wp-json\/wp\/v2\/users\/1"}],"replies":[{"embeddable":true,"href":"https:\/\/purvitis.lv\/de\/wp-json\/wp\/v2\/comments?post=2067"}],"version-history":[{"count":4,"href":"https:\/\/purvitis.lv\/de\/wp-json\/wp\/v2\/pages\/2067\/revisions"}],"predecessor-version":[{"id":2648,"href":"https:\/\/purvitis.lv\/de\/wp-json\/wp\/v2\/pages\/2067\/revisions\/2648"}],"wp:attachment":[{"href":"https:\/\/purvitis.lv\/de\/wp-json\/wp\/v2\/media?parent=2067"}],"curies":[{"name":"wp","href":"https:\/\/api.w.org\/{rel}","templated":true}]}}