{"id":2068,"date":"2023-12-27T12:25:36","date_gmt":"2023-12-27T12:25:36","guid":{"rendered":"https:\/\/purvitis.lv\/raksta-lapa\/"},"modified":"2023-12-27T12:25:36","modified_gmt":"2023-12-27T12:25:36","slug":"raksta-lapa","status":"publish","type":"page","link":"https:\/\/purvitis.lv\/de\/raksta-lapa\/","title":{"rendered":"Raksta lapa"},"content":{"rendered":"\n<section id=\"purvitis-text-block_977a80bc93136ff8f1d68345cba617b1\" class=\"purvitis-text\">\n\n    <p>Raksta lapa<\/p>\n<p>Purv\u012b\u0161a muzeja komanda p\u0113tniec\u012bbas eksped\u012bcij\u0101 atrod v\u0101cbaltie\u0161u rakstnieka un publicista Garl\u012bba Mer\u0137e\u013ca (1769-1850) relikviju. Zin\u0101ms, ka G. Mer\u0137e\u013ca noz\u012bm\u012bg\u0101kais darbs, publicistisks trakt\u0101ts Latvie\u0161i, sevi\u0161\u0137i Vidzem\u0113, filozofisk\u0101 gadu simte\u0146a beig\u0101s (1796) rad\u012bts C\u0113su novada Annas mui\u017eas apk\u0101rtn\u0113, kur iesp\u0113jams atrasta akmens galda virsma uz kuras publik\u0101cija tapusi.<\/p>\n<p>\u201cLaikos, kad pras\u0101s p\u0113c gaismas, ar mums notiek br\u012bnumaina situ\u0101cija. Veidojot Purv\u012b\u0161a muzeja strat\u0113\u0123ijas st\u016brakme\u0146us, veicot p\u0113tniec\u012bbas darbu, non\u0101c\u0101m C\u0113su novada Skujenes pagasta m\u0101ju Gravas apk\u0101rtn\u0113, kur zem sena nog\u0101zta ozola var\u0113tu b\u016bt zem\u0113 iegrimis Garl\u012bba Mer\u0137e\u013ca akmens rakst\u0101mgalds. Kop\u0101 ar p\u0113tniecisk\u0101s eksped\u012bcijas dal\u012bbniekiem, nol\u0113m\u0101m \u0161o v\u0113sturisko artefaktu izzin\u0101t l\u012bdz galam,\u201d par atkl\u0101jumu st\u0101sta Purv\u012b\u0161a muzeja vad\u012bt\u0101ja \u017danete Grende.<\/p>\n<p>Lai identific\u0113tu akmens autentiskumu, piesaist\u012bta filolo\u0123ijas profesore, zin\u0101tniece Jan\u012bna Kurs\u012bte-Pakule un v\u0113sturnieks, arheolo\u0123ijas profesors Juris Urt\u0101ns. Veicot padzi\u013cin\u0101tu izp\u0113ti secin\u0101ts, ka akmeni ir iesp\u0113jams izrakt. Pateicoties C\u0113su novada lauksaimniekiem, ar smago tehniku tas \u0161\u012b gada 7. septembr\u012b izcelts no zemes dz\u012bl\u0113m. Profesore Jan\u012bna Kurs\u012bte-Pakule koment\u0113 jaunatkl\u0101jumu: \u201cVisam pien\u0101k savs laiks, ar\u012b Mer\u0137elim un akmenim, uz kura vi\u0146\u0161 sarakst\u012bjis Latvie\u0161us. Sakrita viss \u2013 laba komanda, laba diena un tic\u012bba, ka latvie\u0161i to var. Nog\u0101zto akme\u0146u viet\u0101 ir jaunatrakts akmens, kur\u0161 v\u0113sta un iemieso noz\u012bm\u012bgu da\u013cu no latvie\u0161u v\u0113stures.\u201d Profesors Juris Urt\u0101ns uzsver, ka tie\u0161i apst\u0101k\u013cu labv\u0113l\u012bga sakrit\u012bba \u013c\u0101va le\u0123endai par Mer\u0137e\u013ca akmens galdu dz\u012bvot \u2013 t\u0101 ir \u013coti sena akmens pl\u0101ksne, kura nav speci\u0101li apstr\u0101d\u0101ta, bet dabiski p\u0101r\u0161\u0137\u0113lusies. Pl\u0101nots, ka akmens publiskai apskatei b\u016bs pieejams n\u0101kamgad uz Garl\u012bba Mer\u0137e\u013ca 255. gadadienu Annas mui\u017eas teritorij\u0101.<\/p>\n<p>G. Mer\u0137e\u013cis darb\u0101 Latvie\u0161i, sevi\u0161\u0137i Vidzem\u0113, filozofisk\u0101 gadu simte\u0146a beig\u0101s (Die Letten, vorz\u00fcglich in Liefland, am Ende des philosophischen Jahrhunderts) v\u0113r\u0161as pret dzimtb\u016b\u0161anu, atkl\u0101j Vidzemes mui\u017enieku vardarb\u012bbu pret latvie\u0161u zemniekiem, argument\u0113 c\u0113lo\u0146us dzimtb\u016b\u0161anas ekonomiskajai neefektivit\u0101tei un antihum\u0101najam raksturam. Tolaik darbs izrais\u012bja rezonansi Eirop\u0101, bet Baltijas elit\u0113 izpeln\u012bj\u0101s nosod\u012bjumu. Tapa vair\u0101ki pretraksti, un sakar\u0101 ar sp\u0113c\u012bgo opoz\u012bciju dzimtb\u016b\u0161anas kritikai G. Mer\u0137elis bija spiests pamest m\u016bsdienu Latvijas teritoriju un p\u0101rcelties uz V\u0101ciju.<\/p>\n<p>Pla\u0161\u0101k par Vilhelma Purv\u012b\u0161a muzeja tap\u0161anu, p\u0113tniec\u012bbas eksped\u012bcij\u0101m un aktu\u0101lajiem notikumiem iesp\u0113jams uzzin\u0101t Imanta Ziedo\u0146a fonda Viegli soci\u0101lo mediju profilos Facebook un Instagram.<\/p>\n    \n<\/section>\n\n<script>window.dispatchEvent( new Event('acf\/loaded\/purvitis-text'));<\/script>","protected":false},"excerpt":{"rendered":"","protected":false},"author":1,"featured_media":0,"parent":0,"menu_order":0,"comment_status":"closed","ping_status":"closed","template":"","meta":{"footnotes":""},"class_list":["post-2068","page","type-page","status-publish","hentry"],"acf":[],"yoast_head":"<!-- This site is optimized with the Yoast SEO plugin v21.9.1 - https:\/\/yoast.com\/wordpress\/plugins\/seo\/ -->\n<title>Raksta lapa - Purv\u012b\u0161a muzejs<\/title>\n<meta name=\"robots\" content=\"index, follow, max-snippet:-1, max-image-preview:large, max-video-preview:-1\" \/>\n<link rel=\"canonical\" href=\"https:\/\/purvitis.lv\/de\/raksta-lapa\/\" \/>\n<meta property=\"og:locale\" content=\"de_DE\" \/>\n<meta property=\"og:type\" content=\"article\" \/>\n<meta property=\"og:title\" content=\"Raksta lapa - Purv\u012b\u0161a muzejs\" \/>\n<meta property=\"og:url\" content=\"https:\/\/purvitis.lv\/de\/raksta-lapa\/\" \/>\n<meta property=\"og:site_name\" content=\"Purv\u012b\u0161a muzejs\" \/>\n<meta name=\"twitter:card\" content=\"summary_large_image\" \/>\n<script type=\"application\/ld+json\" class=\"yoast-schema-graph\">{\"@context\":\"https:\/\/schema.org\",\"@graph\":[{\"@type\":\"WebPage\",\"@id\":\"https:\/\/purvitis.lv\/de\/raksta-lapa\/\",\"url\":\"https:\/\/purvitis.lv\/de\/raksta-lapa\/\",\"name\":\"Raksta lapa - Purv\u012b\u0161a muzejs\",\"isPartOf\":{\"@id\":\"https:\/\/purvitis.lv\/#website\"},\"datePublished\":\"2023-12-27T12:25:36+00:00\",\"dateModified\":\"2023-12-27T12:25:36+00:00\",\"breadcrumb\":{\"@id\":\"https:\/\/purvitis.lv\/de\/raksta-lapa\/#breadcrumb\"},\"inLanguage\":\"de-DE\",\"potentialAction\":[{\"@type\":\"ReadAction\",\"target\":[\"https:\/\/purvitis.lv\/de\/raksta-lapa\/\"]}]},{\"@type\":\"BreadcrumbList\",\"@id\":\"https:\/\/purvitis.lv\/de\/raksta-lapa\/#breadcrumb\",\"itemListElement\":[{\"@type\":\"ListItem\",\"position\":1,\"name\":\"Home\",\"item\":\"https:\/\/purvitis.lv\/de\/\"},{\"@type\":\"ListItem\",\"position\":2,\"name\":\"Raksta lapa\"}]},{\"@type\":\"WebSite\",\"@id\":\"https:\/\/purvitis.lv\/#website\",\"url\":\"https:\/\/purvitis.lv\/\",\"name\":\"Purv\u012b\u0161a muzejs\",\"description\":\"ir m\u0101jas\",\"potentialAction\":[{\"@type\":\"SearchAction\",\"target\":{\"@type\":\"EntryPoint\",\"urlTemplate\":\"https:\/\/purvitis.lv\/?s={search_term_string}\"},\"query-input\":\"required name=search_term_string\"}],\"inLanguage\":\"de-DE\"}]}<\/script>\n<!-- \/ Yoast SEO plugin. -->","yoast_head_json":{"title":"Raksta lapa - Purv\u012b\u0161a muzejs","robots":{"index":"index","follow":"follow","max-snippet":"max-snippet:-1","max-image-preview":"max-image-preview:large","max-video-preview":"max-video-preview:-1"},"canonical":"https:\/\/purvitis.lv\/de\/raksta-lapa\/","og_locale":"de_DE","og_type":"article","og_title":"Raksta lapa - Purv\u012b\u0161a muzejs","og_url":"https:\/\/purvitis.lv\/de\/raksta-lapa\/","og_site_name":"Purv\u012b\u0161a muzejs","twitter_card":"summary_large_image","schema":{"@context":"https:\/\/schema.org","@graph":[{"@type":"WebPage","@id":"https:\/\/purvitis.lv\/de\/raksta-lapa\/","url":"https:\/\/purvitis.lv\/de\/raksta-lapa\/","name":"Raksta lapa - Purv\u012b\u0161a muzejs","isPartOf":{"@id":"https:\/\/purvitis.lv\/#website"},"datePublished":"2023-12-27T12:25:36+00:00","dateModified":"2023-12-27T12:25:36+00:00","breadcrumb":{"@id":"https:\/\/purvitis.lv\/de\/raksta-lapa\/#breadcrumb"},"inLanguage":"de-DE","potentialAction":[{"@type":"ReadAction","target":["https:\/\/purvitis.lv\/de\/raksta-lapa\/"]}]},{"@type":"BreadcrumbList","@id":"https:\/\/purvitis.lv\/de\/raksta-lapa\/#breadcrumb","itemListElement":[{"@type":"ListItem","position":1,"name":"Home","item":"https:\/\/purvitis.lv\/de\/"},{"@type":"ListItem","position":2,"name":"Raksta lapa"}]},{"@type":"WebSite","@id":"https:\/\/purvitis.lv\/#website","url":"https:\/\/purvitis.lv\/","name":"Purv\u012b\u0161a muzejs","description":"ir m\u0101jas","potentialAction":[{"@type":"SearchAction","target":{"@type":"EntryPoint","urlTemplate":"https:\/\/purvitis.lv\/?s={search_term_string}"},"query-input":"required name=search_term_string"}],"inLanguage":"de-DE"}]}},"_links":{"self":[{"href":"https:\/\/purvitis.lv\/de\/wp-json\/wp\/v2\/pages\/2068","targetHints":{"allow":["GET"]}}],"collection":[{"href":"https:\/\/purvitis.lv\/de\/wp-json\/wp\/v2\/pages"}],"about":[{"href":"https:\/\/purvitis.lv\/de\/wp-json\/wp\/v2\/types\/page"}],"author":[{"embeddable":true,"href":"https:\/\/purvitis.lv\/de\/wp-json\/wp\/v2\/users\/1"}],"replies":[{"embeddable":true,"href":"https:\/\/purvitis.lv\/de\/wp-json\/wp\/v2\/comments?post=2068"}],"version-history":[{"count":0,"href":"https:\/\/purvitis.lv\/de\/wp-json\/wp\/v2\/pages\/2068\/revisions"}],"wp:attachment":[{"href":"https:\/\/purvitis.lv\/de\/wp-json\/wp\/v2\/media?parent=2068"}],"curies":[{"name":"wp","href":"https:\/\/api.w.org\/{rel}","templated":true}]}}