{"id":2070,"date":"2023-12-15T09:27:59","date_gmt":"2023-12-15T09:27:59","guid":{"rendered":"https:\/\/purvitis.lv\/saimnieciba\/"},"modified":"2024-07-25T12:42:45","modified_gmt":"2024-07-25T12:42:45","slug":"saimnieciba","status":"publish","type":"page","link":"https:\/\/purvitis.lv\/de\/saimnieciba\/","title":{"rendered":"Bauernhof"},"content":{"rendered":"\n<section id=\"hero-block-block_7567a97d9b7fdae93c205d5e67c097db\" class=\"hero-block mb-med mb-m-med\">\n\n    \n    <div class=\"hero-block__wrapper\">\n\n        \n        <div class=\"media\">\n            <video  autoplay muted loop id=\"myVideo\">\n                                <source src=\"https:\/\/purvitis.lv\/app\/uploads\/2024\/02\/DJI_0145fhd.mp4\" type=\"video\/mp4\">\n                            <\/video>\n        <\/div>\n        \n        \n                            \n    <\/div>\n\n<\/section>\n\n<script>window.dispatchEvent( new Event('acf\/loaded\/hero-block'));<\/script>\n<section id=\"purvitis-text-block_3a80400bbe808062028c2f7bde26fa35\" class=\"purvitis-text mb-med mb-m-nor\">\n\n    <p><span style=\"font-weight: 400;\">Die Landschaft von Vidzeme (deutsch: Livland), Vilhelms Purv\u012btis und die Geb\u00e4ude von \u201eVecjau\u017ei&#8221; bilden ein einzigartiges Triumvirat, das eine Kombination von landschaftlicher Sch\u00f6nheit, k\u00fcnstlerischer Exzellenz und kulturellem Erbe umfasst. Diese Verbindung erg\u00e4nzt und kennzeichnet die reiche Kulturlandschaft Lettlands, in dem jedes Element ein unvergessliches Gesamtbild schafft.<\/span><\/p>\n<p><span style=\"font-weight: 400;\">Sumpf, W\u00e4lder, Felder, Teiche \u2013 diese Fl\u00e4chen leben, atmen und existieren als kennzeichnendes Landschaftserbe des K\u00fcnstlers Vilhelms Purv\u012btis. Umgeben vom bezaubernden Klang der W\u00e4lder beteiligt sich die Purv\u012btis-Stiftung an dem beeindruckenden Projekt \u201eInvestitionen in die Erweiterung von Waldfl\u00e4chen und Verbesserung der Lebensf\u00e4higkeit von W\u00e4ldern&#8221;. 2023.<\/span>Im Herbst 2023 wurden 3000 Fichten, 1000 Birken und 600 Schwarzerlen gepflanzt. Die Komposition der B\u00e4ume der wiederhergestellten W\u00e4lder wurde als symbolische Widmung an die \u201eLandschaft von Purv\u012btis &#8221; geschaffen, die in den Gem\u00e4lden des K\u00fcnstlers genossen werden kann.<\/p>\n    \n<\/section>\n\n<script>window.dispatchEvent( new Event('acf\/loaded\/purvitis-text'));<\/script>\n<section id=\"full-width-image-block_20dbd8b6a44a525aca046ca4cc48e193\" class=\"full-width-image mb-med mb-m-med\">\n\n            \n    <div class=\"mpwbpk-image full-width media\">\n        <img loading=\"lazy\" decoding=\"async\" src=\"https:\/\/purvitis.lv\/app\/uploads\/2023\/12\/8A3E600A-20CC-4AA2-AAFB-DBB018801DDC-1-1024x571.jpeg\" style=\"background-image: url(https:\/\/purvitis.lv\/app\/uploads\/2023\/12\/8A3E600A-20CC-4AA2-AAFB-DBB018801DDC-1-150x150.jpeg);\" class=\"img-fluid\" width=\"1084\" height=\"600\" alt=\"\"><\/a>            \n            \n            <\/div>\n\n        \n<\/section>\n\n<script>window.dispatchEvent( new Event('acf\/loaded\/full-width-image'));<\/script>\n<section id=\"purvitis-text-block_94d73e90eb6603be42dc55448ca1ec30\" class=\"purvitis-text mb-med mb-m-med\">\n\n    <p><span style=\"font-weight: 400;\">Aber nicht nur W\u00e4lder schm\u00fccken die Landschaften von Purv\u012btis. Neben den H\u00e4usern in \u201eVecjau\u017ei&#8221; wachsen immer noch 22 Apfelb\u00e4ume aus der Zeit von Purv\u012btis. Manchmal scheint es, dass sie Geschichten \u00fcber die vergangene Zeit und gleichzeitig \u00fcber die erstaunliche Zukunft fl\u00fcstern.<\/span><span style=\"font-weight: 400;\"><br \/>\n<\/span><span style=\"font-weight: 400;\">Von \u201eVecjau\u017ei\u201d sieht man auf der anderen Stra\u00dfenseite auf dem H\u00fcgel die neue Apfelplantage mit 600 Apfelmost-B\u00e4umen, die in f\u00fcnf Jahren Fr\u00fcchte tragen werden.<\/span><span style=\"font-weight: 400;\"><br \/>\n<\/span><span style=\"font-weight: 400;\">2024. Im Jahr 2024 ist die Erweiterung des Apfelgartens geplant, damit der Garten weiterhin den bl\u00fchenden Geist des Purv\u012btis-Hauses zum Ausdruck bringen kann. <\/span><span style=\"font-weight: 400;\"><br \/>\n<\/span><span style=\"font-weight: 400;\">Die Teiche, die einst in den Sonnenstrahlen leuchteten und als Flachsr\u00f6ste dienten, werden heute von Bibern \u201ebewirtschaftet\u201d. Es ist geplant, diese Teiche als Symbole f\u00fcr die Kontinuit\u00e4t des Lebens und die zyklischen Ver\u00e4nderungen der Natur wieder herzustellen.<\/span><span style=\"font-weight: 400;\"><br \/>\n<\/span><span style=\"font-weight: 400;\"><br \/>\n<\/span><span style=\"font-weight: 400;\">\u201eVecjau\u017ei&#8221; wurde unter dem Titel<\/span><b>&#8211; <\/b> <span style=\"font-weight: 400;\">&#8220;Das Heimathaus des Malers V. Purv\u012btis&#8221; der Status eines Kulturdenkmals von staatlicher Bedeutung mit einer angrenzenden Schutzzone verliehen. Es ist<\/span><span style=\"font-weight: 400;\"> eine besondere und respektable Bezeichnung, die diesen Ort als wichtigen Teil unseres kulturellen Erbes hervorhebt und nicht nur eine Widmung an die Landschaft von Vidzeme und ihre H\u00fcgel, sondern auch an das k\u00fcnstlerische Erbe von Purv\u012btis ist. Es ist eine Aufforderung f\u00fcr alle, uns gemeinsam um das Haus der Familie Vilhelms Purv\u012btis zu k\u00fcmmern und die wertvolle Verbindung zwischen Vergangenheit und Gegenwart zu pflegen.<\/span><\/p>\n    \n<\/section>\n\n<script>window.dispatchEvent( new Event('acf\/loaded\/purvitis-text'));<\/script>\n<section id=\"hero-block-block_df34d3432a55be6431effde5ba99d74f\" class=\"hero-block mb-big mb-m-big\">\n\n    \n    <div class=\"hero-block__wrapper\">\n\n        \n        <div class=\"media\">\n            <img decoding=\"async\" \n                        src=\"https:\/\/purvitis.lv\/app\/uploads\/2024\/01\/Abeldarzs_pirmais_AbolsPHOTO-2023-08-26-10-54-47-1084x602.webp\" \n                        class=\"img-fluid\" \n                        style=\"background-image: url(https:\/\/purvitis.lv\/app\/uploads\/2024\/01\/Abeldarzs_pirmais_AbolsPHOTO-2023-08-26-10-54-47-150x150.webp);\"\n                        alt=\"\">\n                        <div class=\"image-wrapper\"><\/div>\n        <\/div>\n        \n        \n                <div class=\"media-caption\"><p class=\"caption\"><span>Jaun\u0101 \u0101be\u013cd\u0101rza pirm\u0101 ra\u017ea, 2022.gads<\/span><\/p><\/div>            \n    <\/div>\n\n<\/section>\n\n<script>window.dispatchEvent( new Event('acf\/loaded\/hero-block'));<\/script>\n<style type=\"text\/css\">\n\n    \n    :root {\n        \/*\n            New BG color\n        --------------------------------------- *\/\n        --new-bg-hue: 201 !important;\n        --new-bg-saturation: 28% !important;\n        --new-bg-light: 85% !important;\n    }\n\n<\/style>\n\n<section id=\"donate-box-block_c306a0037bce5057a49d7033e597c8fb\" class=\"donate-box\">\n    <div class=\"donate-box__inner\" data-bg-color=\"#dfe8ed\">\n        <p>Rekviz\u012bti:<\/p>\n<p>Biedr\u012bba \u201cPurv\u012b\u0161a muzejs\u201d<\/p>\n<p>Re\u0123.nr. 40008120773<\/p>\n<p>Banka: Swedbank<br \/>\nKonta: LV96HABA0551018616469<\/p>\n        <a href=\"\" class=\"cta\">Ziedo muzeja izveidei<\/a>\n    <\/div>\n<\/section>\n\n<script>window.dispatchEvent( new Event('acf\/loaded\/donate-box'));<\/script>","protected":false},"excerpt":{"rendered":"","protected":false},"author":1,"featured_media":0,"parent":0,"menu_order":0,"comment_status":"closed","ping_status":"closed","template":"","meta":{"footnotes":""},"class_list":["post-2070","page","type-page","status-publish","hentry"],"acf":[],"yoast_head":"<!-- This site is optimized with the Yoast SEO plugin v21.9.1 - https:\/\/yoast.com\/wordpress\/plugins\/seo\/ -->\n<title>Bauernhof - Purv\u012b\u0161a muzejs<\/title>\n<meta name=\"robots\" content=\"index, follow, max-snippet:-1, max-image-preview:large, max-video-preview:-1\" \/>\n<link rel=\"canonical\" href=\"https:\/\/purvitis.lv\/de\/saimnieciba\/\" \/>\n<meta property=\"og:locale\" content=\"de_DE\" \/>\n<meta property=\"og:type\" content=\"article\" \/>\n<meta property=\"og:title\" content=\"Bauernhof - Purv\u012b\u0161a muzejs\" \/>\n<meta property=\"og:url\" content=\"https:\/\/purvitis.lv\/de\/saimnieciba\/\" \/>\n<meta property=\"og:site_name\" content=\"Purv\u012b\u0161a muzejs\" \/>\n<meta property=\"article:modified_time\" content=\"2024-07-25T12:42:45+00:00\" \/>\n<meta name=\"twitter:card\" content=\"summary_large_image\" \/>\n<script type=\"application\/ld+json\" class=\"yoast-schema-graph\">{\"@context\":\"https:\/\/schema.org\",\"@graph\":[{\"@type\":\"WebPage\",\"@id\":\"https:\/\/purvitis.lv\/de\/saimnieciba\/\",\"url\":\"https:\/\/purvitis.lv\/de\/saimnieciba\/\",\"name\":\"Bauernhof - Purv\u012b\u0161a muzejs\",\"isPartOf\":{\"@id\":\"https:\/\/purvitis.lv\/#website\"},\"datePublished\":\"2023-12-15T09:27:59+00:00\",\"dateModified\":\"2024-07-25T12:42:45+00:00\",\"breadcrumb\":{\"@id\":\"https:\/\/purvitis.lv\/de\/saimnieciba\/#breadcrumb\"},\"inLanguage\":\"de-DE\",\"potentialAction\":[{\"@type\":\"ReadAction\",\"target\":[\"https:\/\/purvitis.lv\/de\/saimnieciba\/\"]}]},{\"@type\":\"BreadcrumbList\",\"@id\":\"https:\/\/purvitis.lv\/de\/saimnieciba\/#breadcrumb\",\"itemListElement\":[{\"@type\":\"ListItem\",\"position\":1,\"name\":\"Home\",\"item\":\"https:\/\/purvitis.lv\/de\/\"},{\"@type\":\"ListItem\",\"position\":2,\"name\":\"Bauernhof\"}]},{\"@type\":\"WebSite\",\"@id\":\"https:\/\/purvitis.lv\/#website\",\"url\":\"https:\/\/purvitis.lv\/\",\"name\":\"Purv\u012b\u0161a muzejs\",\"description\":\"ir m\u0101jas\",\"potentialAction\":[{\"@type\":\"SearchAction\",\"target\":{\"@type\":\"EntryPoint\",\"urlTemplate\":\"https:\/\/purvitis.lv\/?s={search_term_string}\"},\"query-input\":\"required name=search_term_string\"}],\"inLanguage\":\"de-DE\"}]}<\/script>\n<!-- \/ Yoast SEO plugin. -->","yoast_head_json":{"title":"Bauernhof - Purv\u012b\u0161a muzejs","robots":{"index":"index","follow":"follow","max-snippet":"max-snippet:-1","max-image-preview":"max-image-preview:large","max-video-preview":"max-video-preview:-1"},"canonical":"https:\/\/purvitis.lv\/de\/saimnieciba\/","og_locale":"de_DE","og_type":"article","og_title":"Bauernhof - Purv\u012b\u0161a muzejs","og_url":"https:\/\/purvitis.lv\/de\/saimnieciba\/","og_site_name":"Purv\u012b\u0161a muzejs","article_modified_time":"2024-07-25T12:42:45+00:00","twitter_card":"summary_large_image","schema":{"@context":"https:\/\/schema.org","@graph":[{"@type":"WebPage","@id":"https:\/\/purvitis.lv\/de\/saimnieciba\/","url":"https:\/\/purvitis.lv\/de\/saimnieciba\/","name":"Bauernhof - Purv\u012b\u0161a muzejs","isPartOf":{"@id":"https:\/\/purvitis.lv\/#website"},"datePublished":"2023-12-15T09:27:59+00:00","dateModified":"2024-07-25T12:42:45+00:00","breadcrumb":{"@id":"https:\/\/purvitis.lv\/de\/saimnieciba\/#breadcrumb"},"inLanguage":"de-DE","potentialAction":[{"@type":"ReadAction","target":["https:\/\/purvitis.lv\/de\/saimnieciba\/"]}]},{"@type":"BreadcrumbList","@id":"https:\/\/purvitis.lv\/de\/saimnieciba\/#breadcrumb","itemListElement":[{"@type":"ListItem","position":1,"name":"Home","item":"https:\/\/purvitis.lv\/de\/"},{"@type":"ListItem","position":2,"name":"Bauernhof"}]},{"@type":"WebSite","@id":"https:\/\/purvitis.lv\/#website","url":"https:\/\/purvitis.lv\/","name":"Purv\u012b\u0161a muzejs","description":"ir m\u0101jas","potentialAction":[{"@type":"SearchAction","target":{"@type":"EntryPoint","urlTemplate":"https:\/\/purvitis.lv\/?s={search_term_string}"},"query-input":"required name=search_term_string"}],"inLanguage":"de-DE"}]}},"_links":{"self":[{"href":"https:\/\/purvitis.lv\/de\/wp-json\/wp\/v2\/pages\/2070","targetHints":{"allow":["GET"]}}],"collection":[{"href":"https:\/\/purvitis.lv\/de\/wp-json\/wp\/v2\/pages"}],"about":[{"href":"https:\/\/purvitis.lv\/de\/wp-json\/wp\/v2\/types\/page"}],"author":[{"embeddable":true,"href":"https:\/\/purvitis.lv\/de\/wp-json\/wp\/v2\/users\/1"}],"replies":[{"embeddable":true,"href":"https:\/\/purvitis.lv\/de\/wp-json\/wp\/v2\/comments?post=2070"}],"version-history":[{"count":3,"href":"https:\/\/purvitis.lv\/de\/wp-json\/wp\/v2\/pages\/2070\/revisions"}],"predecessor-version":[{"id":2820,"href":"https:\/\/purvitis.lv\/de\/wp-json\/wp\/v2\/pages\/2070\/revisions\/2820"}],"wp:attachment":[{"href":"https:\/\/purvitis.lv\/de\/wp-json\/wp\/v2\/media?parent=2070"}],"curies":[{"name":"wp","href":"https:\/\/api.w.org\/{rel}","templated":true}]}}