{"id":2041,"date":"2023-12-15T09:26:24","date_gmt":"2023-12-15T09:26:24","guid":{"rendered":"https:\/\/purvitis.lv\/apmekle\/"},"modified":"2024-04-15T08:23:57","modified_gmt":"2024-04-15T08:23:57","slug":"apmekle","status":"publish","type":"page","link":"https:\/\/purvitis.lv\/en\/apmekle\/","title":{"rendered":"Visit"},"content":{"rendered":"\n<section id=\"hero-block-block_5898cdd005a324e50f9abcb5d4f263f0\" class=\"hero-block mb-big mb-m-nor\">\n\n            <div class=\"texts-above-hero \">\n            <div class=\"text-above-hero\"><p>The Museum location<br \/>\n<a href=\"https:\/\/maps.app.goo.gl\/dsazLbwfC5R2B3Vz9\" target=\"_blank\" rel=\"noopener\">Vecjau\u017ei, Taurupe district, Ogre region<\/a><\/p>\n<\/div><div class=\"text-above-hero\"><p>For inquiries:<br \/>\n<a href=\"mailto:muzejs@purvisamuzejs.lv\">info@purvitis.lv<\/a><\/p>\n<\/div>        <\/div>\n            \n    <div class=\"hero-block__wrapper\">\n\n        <div class=\"marquee-wrapper\" data-bg-color=\"#fffedd\" data-direction=\"left\"><div class=\"marquee\"><div>2024. Season 2024 runs from May, when the apple trees are in blossom, to October when nature provides rich hues of colour.<\/div><\/div><\/div>\n        <div class=\"media\">\n            <img decoding=\"async\" \n                        src=\"https:\/\/purvitis.lv\/app\/uploads\/2024\/01\/map-purvitis.jpg\" \n                        class=\"img-fluid\" \n                        style=\"background-image: url(https:\/\/purvitis.lv\/app\/uploads\/2024\/01\/map-purvitis-150x150.jpg);\"\n                        alt=\"\">\n                        <div class=\"image-wrapper\"><\/div>\n        <\/div>\n        \n        \n                            \n    <\/div>\n\n<\/section>\n\n<script>window.dispatchEvent( new Event('acf\/loaded\/hero-block'));<\/script>\n<section id=\"two-cols-text-block_98e79f9e69ed7dfaffe1b8c845e7acb0\" class=\"two-cols-text mb-big mb-m-nor\">\n\n    <div class=\"col col__first\">\n        <div class=\"col__wrapper\">\n            <h3>Group visits<\/h3>\n<p>Groups of 10 or more can visit the museum by prior appointment by sending an email to info@purvitis.lv<\/p>\n<p>&nbsp;<\/p>\n        <\/div>\n    <\/div>\n\n    <div class=\"col col__second\">\n        <div class=\"col__wrapper\">\n            <h3>Visits for schoolchildren<\/h3>\n<p>Groups of schoolchildren can visit the museum by prior appointment by sending an email to info@purvitis.lv<br \/>\nPrice: EUR 5 per person<\/p>\n        <\/div>\n    <\/div>\n\n<\/section>\n\n<script>window.dispatchEvent( new Event('acf\/loaded\/two-cols-text'));<\/script>\n<section id=\"full-width-image-block_36871cac4bca7029a27bf80e3e7a57aa\" class=\"full-width-image no-short-line mb-big mb-m-big\">\n\n            \n    <div class=\"mpwbpk-image full-width media\">\n        <img decoding=\"async\" src=\"https:\/\/purvitis.lv\/app\/uploads\/2023\/12\/D92A31F6-BA0C-40CF-9F4E-6679037F2A3E-1.jpeg\" class=\"img-fluid\" alt=\"\">            \n            \n            <\/div>\n\n    <div class=\"text-block-wrapper bottom\"><div class=\"text-block short-line\"><h3>Transport<\/h3>\n<p>There is no public transport connection to the museum. We invite you to use individual transport. It is recommended to use the road \u201cZaube-Kli\u0123ene\u201d, see the map.<\/p>\n<\/div><div class=\"text-block short-line\"><h3>Parking<\/h3>\n<p>Car parking is available during the Museum\u2019s main open-air exhibition \u2013 from May, when the apple trees are in blossom, to October when nature provides rich hues of colour.<span style=\"font-weight: 400;\"><\/span><\/p>\n<\/div><\/div>    \n<\/section>\n\n<script>window.dispatchEvent( new Event('acf\/loaded\/full-width-image'));<\/script>\n<section id=\"two-cols-image-block_4ec64e2de2d400360d135a3f9025c319\" class=\"two-cols-image no-short-line mb-big mb-m-big\">\n\n\n            <div class=\"image-block\">\n                <img loading=\"lazy\" decoding=\"async\" src=\"https:\/\/purvitis.lv\/app\/uploads\/2023\/12\/1.jpeg\" style=\"background-image: url(https:\/\/purvitis.lv\/app\/uploads\/2023\/12\/1-150x150.jpeg);\" class=\"img-fluid\" width=\"534\" height=\"352\"  alt=\"\"><div class=\"text-block\"><h3>For buses<\/h3>\n<p>In order to protect the beautiful and historic linden alley planted by the family of Vilhelms Purv\u012btis, we kindly ask visitors to leave the buses at the end of the alley and park the buses 1.3 km away from the \u201cVecjau\u017ei\u201d house on the Latvian State Forest Road.<\/p>\n<p>&nbsp;<\/p>\n<p>&nbsp;<\/p>\n<\/div>            <\/div>\n    \n        \n            <div class=\"image-block\">\n                <img loading=\"lazy\" decoding=\"async\" src=\"https:\/\/purvitis.lv\/app\/uploads\/2023\/12\/2.jpeg\" style=\"background-image: url(https:\/\/purvitis.lv\/app\/uploads\/2023\/12\/2-150x150.jpeg);\" class=\"img-fluid\" width=\"534\" height=\"352\"  alt=\"\"><div class=\"text-block\"><h3>Open space and accessibility<\/h3>\n<p>The Museum\u2019s open-air exhibition is located in the wild and the Museum is under development, so please note that the Museum is currently not accessible to persons with reduced mobility<\/p>\n<p>From November to April, the roads to Purv\u012btis Museum can be impassable.<\/p>\n<\/div>            <\/div>\n    \n            \n<\/section>\n\n<script>window.dispatchEvent( new Event('acf\/loaded\/two-cols-image'));<\/script>\n<style type=\"text\/css\">\n\n    \n    :root {\n        \/*\n            New BG color\n        --------------------------------------- *\/\n        --new-bg-hue: 58 !important;\n        --new-bg-saturation: 100% !important;\n        --new-bg-light: 88% !important;\n    }\n\n<\/style>\n\n<section id=\"donate-box-block_5902575f5371160e6ac508fd05d1becc\" class=\"donate-box\">\n    <div class=\"donate-box__inner\" data-bg-color=\"#fffedd\">\n        <p>Company details:<\/p>\n<p>Biedr\u012bba \u201cPurv\u012b\u0161a muzejs\u201d<\/p>\n<p>Reg.nr. 40008120773<\/p>\n<p>Bank: Swedbank<br \/>\nAccount nr.: LV96HABA0551018616469<\/p>\n<p>&nbsp;<\/p>\n<p>&nbsp;<\/p>\n        <a href=\"\" class=\"cta\">Support the museum through donations<\/a>\n    <\/div>\n<\/section>\n\n<script>window.dispatchEvent( new Event('acf\/loaded\/donate-box'));<\/script>","protected":false},"excerpt":{"rendered":"","protected":false},"author":1,"featured_media":0,"parent":0,"menu_order":0,"comment_status":"closed","ping_status":"closed","template":"","meta":{"footnotes":""},"class_list":["post-2041","page","type-page","status-publish","hentry"],"acf":[],"yoast_head":"<!-- This site is optimized with the Yoast SEO plugin v21.9.1 - https:\/\/yoast.com\/wordpress\/plugins\/seo\/ -->\n<title>Visit - Purv\u012b\u0161a muzejs<\/title>\n<meta name=\"robots\" content=\"index, follow, max-snippet:-1, max-image-preview:large, max-video-preview:-1\" \/>\n<link rel=\"canonical\" href=\"https:\/\/purvitis.lv\/en\/apmekle\/\" \/>\n<meta property=\"og:locale\" content=\"en_US\" \/>\n<meta property=\"og:type\" content=\"article\" \/>\n<meta property=\"og:title\" content=\"Visit - Purv\u012b\u0161a muzejs\" \/>\n<meta property=\"og:url\" content=\"https:\/\/purvitis.lv\/en\/apmekle\/\" \/>\n<meta property=\"og:site_name\" content=\"Purv\u012b\u0161a muzejs\" \/>\n<meta property=\"article:modified_time\" content=\"2024-04-15T08:23:57+00:00\" \/>\n<meta name=\"twitter:card\" content=\"summary_large_image\" \/>\n<script type=\"application\/ld+json\" class=\"yoast-schema-graph\">{\"@context\":\"https:\/\/schema.org\",\"@graph\":[{\"@type\":\"WebPage\",\"@id\":\"https:\/\/purvitis.lv\/en\/apmekle\/\",\"url\":\"https:\/\/purvitis.lv\/en\/apmekle\/\",\"name\":\"Visit - Purv\u012b\u0161a muzejs\",\"isPartOf\":{\"@id\":\"https:\/\/purvitis.lv\/#website\"},\"datePublished\":\"2023-12-15T09:26:24+00:00\",\"dateModified\":\"2024-04-15T08:23:57+00:00\",\"breadcrumb\":{\"@id\":\"https:\/\/purvitis.lv\/en\/apmekle\/#breadcrumb\"},\"inLanguage\":\"en-US\",\"potentialAction\":[{\"@type\":\"ReadAction\",\"target\":[\"https:\/\/purvitis.lv\/en\/apmekle\/\"]}]},{\"@type\":\"BreadcrumbList\",\"@id\":\"https:\/\/purvitis.lv\/en\/apmekle\/#breadcrumb\",\"itemListElement\":[{\"@type\":\"ListItem\",\"position\":1,\"name\":\"Home\",\"item\":\"https:\/\/purvitis.lv\/en\/\"},{\"@type\":\"ListItem\",\"position\":2,\"name\":\"Visit\"}]},{\"@type\":\"WebSite\",\"@id\":\"https:\/\/purvitis.lv\/#website\",\"url\":\"https:\/\/purvitis.lv\/\",\"name\":\"Purv\u012b\u0161a muzejs\",\"description\":\"ir m\u0101jas\",\"potentialAction\":[{\"@type\":\"SearchAction\",\"target\":{\"@type\":\"EntryPoint\",\"urlTemplate\":\"https:\/\/purvitis.lv\/?s={search_term_string}\"},\"query-input\":\"required name=search_term_string\"}],\"inLanguage\":\"en-US\"}]}<\/script>\n<!-- \/ Yoast SEO plugin. -->","yoast_head_json":{"title":"Visit - Purv\u012b\u0161a muzejs","robots":{"index":"index","follow":"follow","max-snippet":"max-snippet:-1","max-image-preview":"max-image-preview:large","max-video-preview":"max-video-preview:-1"},"canonical":"https:\/\/purvitis.lv\/en\/apmekle\/","og_locale":"en_US","og_type":"article","og_title":"Visit - Purv\u012b\u0161a muzejs","og_url":"https:\/\/purvitis.lv\/en\/apmekle\/","og_site_name":"Purv\u012b\u0161a muzejs","article_modified_time":"2024-04-15T08:23:57+00:00","twitter_card":"summary_large_image","schema":{"@context":"https:\/\/schema.org","@graph":[{"@type":"WebPage","@id":"https:\/\/purvitis.lv\/en\/apmekle\/","url":"https:\/\/purvitis.lv\/en\/apmekle\/","name":"Visit - Purv\u012b\u0161a muzejs","isPartOf":{"@id":"https:\/\/purvitis.lv\/#website"},"datePublished":"2023-12-15T09:26:24+00:00","dateModified":"2024-04-15T08:23:57+00:00","breadcrumb":{"@id":"https:\/\/purvitis.lv\/en\/apmekle\/#breadcrumb"},"inLanguage":"en-US","potentialAction":[{"@type":"ReadAction","target":["https:\/\/purvitis.lv\/en\/apmekle\/"]}]},{"@type":"BreadcrumbList","@id":"https:\/\/purvitis.lv\/en\/apmekle\/#breadcrumb","itemListElement":[{"@type":"ListItem","position":1,"name":"Home","item":"https:\/\/purvitis.lv\/en\/"},{"@type":"ListItem","position":2,"name":"Visit"}]},{"@type":"WebSite","@id":"https:\/\/purvitis.lv\/#website","url":"https:\/\/purvitis.lv\/","name":"Purv\u012b\u0161a muzejs","description":"ir m\u0101jas","potentialAction":[{"@type":"SearchAction","target":{"@type":"EntryPoint","urlTemplate":"https:\/\/purvitis.lv\/?s={search_term_string}"},"query-input":"required name=search_term_string"}],"inLanguage":"en-US"}]}},"_links":{"self":[{"href":"https:\/\/purvitis.lv\/en\/wp-json\/wp\/v2\/pages\/2041","targetHints":{"allow":["GET"]}}],"collection":[{"href":"https:\/\/purvitis.lv\/en\/wp-json\/wp\/v2\/pages"}],"about":[{"href":"https:\/\/purvitis.lv\/en\/wp-json\/wp\/v2\/types\/page"}],"author":[{"embeddable":true,"href":"https:\/\/purvitis.lv\/en\/wp-json\/wp\/v2\/users\/1"}],"replies":[{"embeddable":true,"href":"https:\/\/purvitis.lv\/en\/wp-json\/wp\/v2\/comments?post=2041"}],"version-history":[{"count":4,"href":"https:\/\/purvitis.lv\/en\/wp-json\/wp\/v2\/pages\/2041\/revisions"}],"predecessor-version":[{"id":2158,"href":"https:\/\/purvitis.lv\/en\/wp-json\/wp\/v2\/pages\/2041\/revisions\/2158"}],"wp:attachment":[{"href":"https:\/\/purvitis.lv\/en\/wp-json\/wp\/v2\/media?parent=2041"}],"curies":[{"name":"wp","href":"https:\/\/api.w.org\/{rel}","templated":true}]}}