{"id":2045,"date":"2023-12-12T03:54:24","date_gmt":"2023-12-12T03:54:24","guid":{"rendered":"https:\/\/purvitis.lv\/home\/"},"modified":"2024-04-15T08:07:05","modified_gmt":"2024-04-15T08:07:05","slug":"home","status":"publish","type":"page","link":"https:\/\/purvitis.lv\/en\/","title":{"rendered":"Home"},"content":{"rendered":"\n<section id=\"hero-block-block_a7de70c778dc4eef6332ab73fb9e8c63\" class=\"hero-block mb-big mb-m-big\">\n\n    \n    <div class=\"hero-block__wrapper\">\n\n        <div class=\"marquee-wrapper\" data-bg-color=\"#e9f6dc\" data-direction=\"left\"><div class=\"marquee\"><div><a href=\"https:\/\/purvitis.lv\/en\/museum\/meklet-un-atrast-purviti-vacija\/\">Campaign &#8220;Search and find Purv\u012btis in Germany!&#8221;<\/a><\/div><div><a href=\"https:\/\/purvitis.lv\/en\/museum\/meklet-un-atrast-purviti-vacija\/\">&#8220;The greatest success for an artist is to find himself!&#8221; \/ V.Purv\u012btis<\/a><\/div><\/div><\/div>\n        <div class=\"media\">\n            <img decoding=\"async\" \n                        src=\"https:\/\/purvitis.lv\/app\/uploads\/2024\/02\/555a9b95-e5a5-4485-9f24-ec886d1eae1e-1-1084x602.jpg\" \n                        class=\"img-fluid\" \n                        style=\"background-image: url(https:\/\/purvitis.lv\/app\/uploads\/2024\/02\/555a9b95-e5a5-4485-9f24-ec886d1eae1e-1-150x150.jpg);\"\n                        alt=\"\">\n                        <div class=\"image-wrapper\"><\/div>\n        <\/div>\n        \n        \n                <div class=\"media-caption\"><p class=\"caption\"><span>Vilhelms Purv\u012btis, 1942 Kristi\u0101nas \u0100beles monograph on Purv\u012btis, page 517<\/span><\/p><\/div>            \n    <\/div>\n\n<\/section>\n\n<script>window.dispatchEvent( new Event('acf\/loaded\/hero-block'));<\/script>\n<section id=\"full-width-image-block_94a73c4238ac40611984595278d72c6f\" class=\"full-width-image mb-med mb-m-med\">\n\n    <div class=\"text-block-wrapper\"><div class=\"text-block short-line\"><a href=\"https:\/\/purvitis.lv\/en\/museum\/liepajas-muzejs\/\" class=\"cta\">Liep\u0101ja muzeum &#8220;The story of paintings&#8221;<\/a><\/div><\/div>        \n    <div class=\"mpwbpk-image full-width media\">\n        <a href=\"https:\/\/purvitis.lv\/en\/museum\/liepajas-muzejs\/\"><img loading=\"lazy\" decoding=\"async\" src=\"https:\/\/purvitis.lv\/app\/uploads\/2024\/04\/Liepaja_Pavasaris_IG-1024x699.jpg\" style=\"background-image: url(https:\/\/purvitis.lv\/app\/uploads\/2024\/04\/Liepaja_Pavasaris_IG-150x150.jpg);\" class=\"img-fluid\" width=\"1084\" height=\"600\" alt=\"\"><\/a>            \n            \n        <div class=\"caption\"><\/div>    <\/div>\n\n        \n<\/section>\n\n<script>window.dispatchEvent( new Event('acf\/loaded\/full-width-image'));<\/script>\n<section id=\"two-cols-image-block_5ca631ee46d08b05ef820f8e34765795\" class=\"two-cols-image display-2-cols-in-mobile mb-big mb-m-big equal-height\">\n\n\n            <div class=\"image-block\">\n                <div class=\"text-block above\"><p>Main exhibition<\/p>\n<a href=\"https:\/\/purvitis.lv\/en\/museum\/the-apple-orchard\/\" class=\"cta\">The Apple Orchard<\/a><\/div><a href=\"https:\/\/purvitis.lv\/en\/museum\/the-apple-orchard\/\" class=\"img-wrapper\"><video  autoplay muted loop id=\"myVideo\">\n                                <source src=\"https:\/\/purvitis.lv\/app\/uploads\/2024\/01\/Abeldarzs.mp4\" type=\"video\/mp4\">\n                                <\/video><\/a>            <\/div>\n    \n        \n            <div class=\"image-block\">\n                <div class=\"text-block above\"><p>Main exhibition<\/p>\n<a href=\"https:\/\/purvitis.lv\/en\/events\/septini-gudrie\/\" class=\"cta\">The Seven Wise Men<\/a><\/div><a href=\"https:\/\/purvitis.lv\/en\/events\/septini-gudrie\/\" class=\"img-wrapper\">\n                                        <img loading=\"lazy\" decoding=\"async\" src=\"https:\/\/purvitis.lv\/app\/uploads\/2024\/02\/AJ102597-768x432.jpg\" style=\"background-image: url(https:\/\/purvitis.lv\/app\/uploads\/2024\/02\/AJ102597-150x150.jpg);\" class=\"img-fluid\" width=\"534\" height=\"352\"  alt=\"\">\n                                    <\/a>            <\/div>\n    \n            \n<\/section>\n\n<script>window.dispatchEvent( new Event('acf\/loaded\/two-cols-image'));<\/script>\n<section id=\"featured-events-block_a199deb5c613bcdf80d3ea88f3e139fe\" class=\"featured-events mb-big mb-m-big\">\n\n    <h2>Events<\/h2>\n\n    <div class=\"events-wrapper\">\n                    <div class=\"event featured\">\n                        <div class=\"event-meta\">\n                            <p class=\"event-date\"><\/p>\n                            <div class=\"event-heading\">\n                                <h3>Jauno m\u0101kslinieku balva \u201cPavasaris\u201d<\/h3><a href=\"https:\/\/purvitis.lv\/en\/events\/jauno-makslinieku-balva-pavasaris\/\" class=\"cta\"><\/a>                            <\/div>\n                        <\/div>\n                        <div class=\"event-image\">\n                            <a href=\"https:\/\/purvitis.lv\/en\/events\/jauno-makslinieku-balva-pavasaris\/\"><img loading=\"lazy\" decoding=\"async\" src=\"https:\/\/purvitis.lv\/app\/uploads\/2024\/01\/PAVASARIS_Arturs_Jenots_AJ106740-768x512.webp\" style=\"backround-image: url(https:\/\/purvitis.lv\/app\/uploads\/2024\/01\/PAVASARIS_Arturs_Jenots_AJ106740-150x150.webp);\" class=\"img-fluid\" width=\"534\" height=\"352\" alt=\"\"><\/a>                        <\/div>\n                    <\/div>\n\n                   \n                    <div class=\"event \">\n                        <div class=\"event-meta\">\n                            <p class=\"event-date\"><\/p>\n                            <div class=\"event-heading\">\n                                <a href=\"https:\/\/purvitis.lv\/en\/events\/kulturtalka\/\" class=\"cta\">Kult\u016brtalka<\/a>                            <\/div>\n                        <\/div>\n                        <div class=\"event-image\">\n                            <a href=\"https:\/\/purvitis.lv\/en\/events\/kulturtalka\/\"><img loading=\"lazy\" decoding=\"async\" src=\"https:\/\/purvitis.lv\/app\/uploads\/2023\/12\/Kulturtalka-768x576.webp\" style=\"backround-image: url(https:\/\/purvitis.lv\/app\/uploads\/2023\/12\/Kulturtalka-150x150.webp);\" class=\"img-fluid\" width=\"534\" height=\"352\" alt=\"\"><\/a>                        <\/div>\n                    <\/div>\n\n                   <\/div>    \n<\/section>\n\n<script>window.dispatchEvent( new Event('acf\/loaded\/featured-events'));<\/script>\n<section id=\"full-width-image-block_c4d2acbbbb8dc0d41a72b5ac468ddee9\" class=\"full-width-image mb-big mb-m-big\">\n\n    <div class=\"text-block-wrapper\"><div class=\"text-block short-line\"><p>Vilhelms Purv\u012btis<\/p>\n<p>&nbsp;<\/p>\n<\/div><div class=\"text-block short-line\"><p><span style=\"font-weight: 400;\">Vilhelms Purv\u012btis, landscape painter, teacher, first rector of the Art Academy of Latvia and director of the Latvian National Museum of Art, was one of the founders of the Latvian national school of painting.<\/span><\/p>\n<a href=\"https:\/\/purvitis.lv\/en\/purvitis\/\" class=\"cta\">Get to know Vilhelms Purv\u012btis better<\/a><\/div><\/div>        \n    <div class=\"mpwbpk-image full-width media\">\n        <a href=\"https:\/\/purvitis.lv\/en\/purvitis\/\"><img loading=\"lazy\" decoding=\"async\" src=\"https:\/\/purvitis.lv\/app\/uploads\/2024\/02\/PURVI\u0304TIS_BOGRA\u0304FIJA_PORTRETS_BEZ-ROKAS-1024x619.jpg\" style=\"background-image: url(https:\/\/purvitis.lv\/app\/uploads\/2024\/02\/PURVI\u0304TIS_BOGRA\u0304FIJA_PORTRETS_BEZ-ROKAS-150x150.jpg);\" class=\"img-fluid\" width=\"1084\" height=\"600\" alt=\"\"><\/a>            \n            \n            <\/div>\n\n        \n<\/section>\n\n<script>window.dispatchEvent( new Event('acf\/loaded\/full-width-image'));<\/script>\n<section id=\"featured-museum-posts-block_b718320add3fee78469e908cc83db1d8\" class=\"featured-museum-posts mb-big mb-m-big\">\n\n    <h2>The museum is in the making<\/h2>\n    <div class=\"news-wrapper mb-nor\">                    <div class=\"news\">\n                        <div class=\"news-meta\">\n                            <h3>Purv\u012b\u0161a muzejs atrod Garl\u012bba Mer\u0137e\u013ca akmeni<\/h3>\n                            <a href=\"https:\/\/purvitis.lv\/en\/museum\/purvisa-muzejs-atrod-garliba-merkela-relikviju\/\" class=\"cta\">Lasi vair\u0101k<\/a>\n                        <\/div>\n                        <div class=\"news-image\">\n                            <a href=\"https:\/\/purvitis.lv\/en\/museum\/purvisa-muzejs-atrod-garliba-merkela-relikviju\/\">\n                                <img loading=\"lazy\" decoding=\"async\" src=\"https:\/\/purvitis.lv\/app\/uploads\/2023\/12\/image-7-1.jpeg\" style=\"background-image: url('https:\/\/purvitis.lv\/app\/uploads\/2023\/12\/image-7-1-150x150.jpeg');\" width=\"534\" height=\"352\" class=\"img-fluid\" alt=\"\">\n                            <\/a>\n                        <\/div>\n                    <\/div>\n                                    <div class=\"news\">\n                        <div class=\"news-meta\">\n                            <h3>Muzeja eksped\u012bcija &#8211; Jaunpiebalga I<\/h3>\n                            <a href=\"https:\/\/purvitis.lv\/en\/museum\/muzeja-ekspedicija-2\/\" class=\"cta\">Lasi vair\u0101k<\/a>\n                        <\/div>\n                        <div class=\"news-image\">\n                            <a href=\"https:\/\/purvitis.lv\/en\/museum\/muzeja-ekspedicija-2\/\">\n                                <img loading=\"lazy\" decoding=\"async\" src=\"https:\/\/purvitis.lv\/app\/uploads\/2024\/01\/EKSPEDICIJA_JAUNPIEBALGA_ELINA-KURSITE-min-768x512.webp\" style=\"background-image: url('https:\/\/purvitis.lv\/app\/uploads\/2024\/01\/EKSPEDICIJA_JAUNPIEBALGA_ELINA-KURSITE-min-150x150.webp');\" width=\"534\" height=\"352\" class=\"img-fluid\" alt=\"\">\n                            <\/a>\n                        <\/div>\n                    <\/div>\n                <\/div><a href=\"https:\/\/purvitis.lv\/en\/museum\/\" class=\"cta\">Visi muzeja jaunumi<\/a>    \n<\/section>\n\n<script>window.dispatchEvent( new Event('acf\/loaded\/featured-museum-posts'));<\/script>\n<section id=\"full-width-image-block_aa3eccdd5f6c218f990a9de2357f5011\" class=\"full-width-image mb-big mb-m-big\">\n\n    <div class=\"text-block-wrapper\"><div class=\"text-block short-line\"><p>Purv\u012btis Museum is a household<\/p>\n<\/div><div class=\"text-block short-line\"><p>The Vidzeme landscape, Vilhelms Purv\u012btis and the \u201cVecjau\u017ei\u201d house form a unique triumvirate, combining scenic beauty, artistic excellence and cultural heritage.<\/p>\n<a href=\"https:\/\/purvitis.lv\/en\/muzejs\/\" class=\"cta\">Explore the Museum household<\/a><\/div><\/div>        \n    <div class=\"mpwbpk-image full-width media\">\n        <a href=\"https:\/\/purvitis.lv\/en\/muzejs\/\"><img loading=\"lazy\" decoding=\"async\" src=\"https:\/\/purvitis.lv\/app\/uploads\/2023\/12\/8A3E600A-20CC-4AA2-AAFB-DBB018801DDC-1-1024x571.jpeg\" style=\"background-image: url(https:\/\/purvitis.lv\/app\/uploads\/2023\/12\/8A3E600A-20CC-4AA2-AAFB-DBB018801DDC-1-150x150.jpeg);\" class=\"img-fluid\" width=\"1084\" height=\"600\" alt=\"\"><\/a>            \n            \n            <\/div>\n\n        \n<\/section>\n\n<script>window.dispatchEvent( new Event('acf\/loaded\/full-width-image'));<\/script>\n<style type=\"text\/css\">\n\n    \n    :root {\n        \/*\n            New BG color\n        --------------------------------------- *\/\n        --new-bg-hue: 90 !important;\n        --new-bg-saturation: 59% !important;\n        --new-bg-light: 86% !important;\n    }\n\n<\/style>\n\n<section id=\"donate-box-block_017bbc757e46f8556779c6603e2ababd\" class=\"donate-box\">\n    <div class=\"donate-box__inner\" data-bg-color=\"#e9f6dc\">\n        <p>Company details:<\/p>\n<p>Biedr\u012bba \u201cPurv\u012b\u0161a muzejs\u201d<\/p>\n<p>Reg.nr. 40008120773<\/p>\n<p>Bank: Swedbank<br \/>\nAccount nr.: LV96HABA0551018616469<\/p>\n<p>&nbsp;<\/p>\n        <a href=\"\" class=\"cta\">Support the museum through donations<\/a>\n    <\/div>\n<\/section>\n\n<script>window.dispatchEvent( new Event('acf\/loaded\/donate-box'));<\/script>\n<section id=\"purvitis-text-block_30e518242744e88181f713f0926f0458\" class=\"purvitis-text\">\n\n        \n<\/section>\n\n<script>window.dispatchEvent( new Event('acf\/loaded\/purvitis-text'));<\/script>","protected":false},"excerpt":{"rendered":"","protected":false},"author":3,"featured_media":0,"parent":0,"menu_order":0,"comment_status":"closed","ping_status":"closed","template":"template-homepage.php","meta":{"footnotes":""},"class_list":["post-2045","page","type-page","status-publish","hentry"],"acf":[],"yoast_head":"<!-- This site is optimized with the Yoast SEO plugin v21.9.1 - https:\/\/yoast.com\/wordpress\/plugins\/seo\/ -->\n<title>Home - Purv\u012b\u0161a muzejs<\/title>\n<meta name=\"robots\" content=\"index, follow, max-snippet:-1, max-image-preview:large, max-video-preview:-1\" \/>\n<link rel=\"canonical\" href=\"https:\/\/purvitis.lv\/en\/\" \/>\n<meta property=\"og:locale\" content=\"en_US\" \/>\n<meta property=\"og:type\" content=\"article\" \/>\n<meta property=\"og:title\" content=\"Home - Purv\u012b\u0161a muzejs\" \/>\n<meta property=\"og:url\" content=\"https:\/\/purvitis.lv\/en\/\" \/>\n<meta property=\"og:site_name\" content=\"Purv\u012b\u0161a muzejs\" \/>\n<meta property=\"article:modified_time\" content=\"2024-04-15T08:07:05+00:00\" \/>\n<meta name=\"twitter:card\" content=\"summary_large_image\" \/>\n<script type=\"application\/ld+json\" class=\"yoast-schema-graph\">{\"@context\":\"https:\/\/schema.org\",\"@graph\":[{\"@type\":\"WebPage\",\"@id\":\"https:\/\/purvitis.lv\/en\/\",\"url\":\"https:\/\/purvitis.lv\/en\/\",\"name\":\"Home - Purv\u012b\u0161a muzejs\",\"isPartOf\":{\"@id\":\"https:\/\/purvitis.lv\/#website\"},\"datePublished\":\"2023-12-12T03:54:24+00:00\",\"dateModified\":\"2024-04-15T08:07:05+00:00\",\"breadcrumb\":{\"@id\":\"https:\/\/purvitis.lv\/en\/#breadcrumb\"},\"inLanguage\":\"en-US\",\"potentialAction\":[{\"@type\":\"ReadAction\",\"target\":[\"https:\/\/purvitis.lv\/en\/\"]}]},{\"@type\":\"BreadcrumbList\",\"@id\":\"https:\/\/purvitis.lv\/en\/#breadcrumb\",\"itemListElement\":[{\"@type\":\"ListItem\",\"position\":1,\"name\":\"Home\",\"item\":\"https:\/\/purvitis.lv\/en\/\"},{\"@type\":\"ListItem\",\"position\":2,\"name\":\"Home\"}]},{\"@type\":\"WebSite\",\"@id\":\"https:\/\/purvitis.lv\/#website\",\"url\":\"https:\/\/purvitis.lv\/\",\"name\":\"Purv\u012b\u0161a muzejs\",\"description\":\"ir m\u0101jas\",\"potentialAction\":[{\"@type\":\"SearchAction\",\"target\":{\"@type\":\"EntryPoint\",\"urlTemplate\":\"https:\/\/purvitis.lv\/?s={search_term_string}\"},\"query-input\":\"required name=search_term_string\"}],\"inLanguage\":\"en-US\"}]}<\/script>\n<!-- \/ Yoast SEO plugin. -->","yoast_head_json":{"title":"Home - Purv\u012b\u0161a muzejs","robots":{"index":"index","follow":"follow","max-snippet":"max-snippet:-1","max-image-preview":"max-image-preview:large","max-video-preview":"max-video-preview:-1"},"canonical":"https:\/\/purvitis.lv\/en\/","og_locale":"en_US","og_type":"article","og_title":"Home - Purv\u012b\u0161a muzejs","og_url":"https:\/\/purvitis.lv\/en\/","og_site_name":"Purv\u012b\u0161a muzejs","article_modified_time":"2024-04-15T08:07:05+00:00","twitter_card":"summary_large_image","schema":{"@context":"https:\/\/schema.org","@graph":[{"@type":"WebPage","@id":"https:\/\/purvitis.lv\/en\/","url":"https:\/\/purvitis.lv\/en\/","name":"Home - Purv\u012b\u0161a muzejs","isPartOf":{"@id":"https:\/\/purvitis.lv\/#website"},"datePublished":"2023-12-12T03:54:24+00:00","dateModified":"2024-04-15T08:07:05+00:00","breadcrumb":{"@id":"https:\/\/purvitis.lv\/en\/#breadcrumb"},"inLanguage":"en-US","potentialAction":[{"@type":"ReadAction","target":["https:\/\/purvitis.lv\/en\/"]}]},{"@type":"BreadcrumbList","@id":"https:\/\/purvitis.lv\/en\/#breadcrumb","itemListElement":[{"@type":"ListItem","position":1,"name":"Home","item":"https:\/\/purvitis.lv\/en\/"},{"@type":"ListItem","position":2,"name":"Home"}]},{"@type":"WebSite","@id":"https:\/\/purvitis.lv\/#website","url":"https:\/\/purvitis.lv\/","name":"Purv\u012b\u0161a muzejs","description":"ir m\u0101jas","potentialAction":[{"@type":"SearchAction","target":{"@type":"EntryPoint","urlTemplate":"https:\/\/purvitis.lv\/?s={search_term_string}"},"query-input":"required name=search_term_string"}],"inLanguage":"en-US"}]}},"_links":{"self":[{"href":"https:\/\/purvitis.lv\/en\/wp-json\/wp\/v2\/pages\/2045","targetHints":{"allow":["GET"]}}],"collection":[{"href":"https:\/\/purvitis.lv\/en\/wp-json\/wp\/v2\/pages"}],"about":[{"href":"https:\/\/purvitis.lv\/en\/wp-json\/wp\/v2\/types\/page"}],"author":[{"embeddable":true,"href":"https:\/\/purvitis.lv\/en\/wp-json\/wp\/v2\/users\/3"}],"replies":[{"embeddable":true,"href":"https:\/\/purvitis.lv\/en\/wp-json\/wp\/v2\/comments?post=2045"}],"version-history":[{"count":18,"href":"https:\/\/purvitis.lv\/en\/wp-json\/wp\/v2\/pages\/2045\/revisions"}],"predecessor-version":[{"id":2154,"href":"https:\/\/purvitis.lv\/en\/wp-json\/wp\/v2\/pages\/2045\/revisions\/2154"}],"wp:attachment":[{"href":"https:\/\/purvitis.lv\/en\/wp-json\/wp\/v2\/media?parent=2045"}],"curies":[{"name":"wp","href":"https:\/\/api.w.org\/{rel}","templated":true}]}}