{"id":2046,"date":"2023-12-15T09:27:38","date_gmt":"2023-12-15T09:27:38","guid":{"rendered":"https:\/\/purvitis.lv\/muzejs\/"},"modified":"2024-04-16T12:20:30","modified_gmt":"2024-04-16T12:20:30","slug":"muzejs","status":"publish","type":"page","link":"https:\/\/purvitis.lv\/en\/muzejs\/","title":{"rendered":"Museum"},"content":{"rendered":"\n<section id=\"full-width-image-block_5e0929ecb83ee13ada7a630d879e05f7\" class=\"full-width-image\">\n\n            \n    <div class=\"mpwbpk-image full-width media\">\n        <img loading=\"lazy\" decoding=\"async\" src=\"https:\/\/purvitis.lv\/app\/uploads\/2024\/03\/Vecjauzi_Ziema_2024.jpeg\" style=\"background-image: url(https:\/\/purvitis.lv\/app\/uploads\/2024\/03\/Vecjauzi_Ziema_2024-150x150.jpeg);\" class=\"img-fluid\" width=\"1084\" height=\"600\" alt=\"\"><\/a>            \n            \n        <div class=\"caption\"><p>Home of Purv\u012btis family &#8220;Vecjau\u017ei&#8221;, winter, 2024. Archive of the Purv\u012b\u0161a Museum<\/p>\n<\/div>    <\/div>\n\n        \n<\/section>\n\n<script>window.dispatchEvent( new Event('acf\/loaded\/full-width-image'));<\/script>\n<section id=\"featured-museum-posts-block_9ee8f629a449ac867f80ba1488fa13d9\" class=\"featured-museum-posts mb-big mb-m-big\">\n\n    <h2><\/h2>\n    <div class=\"news-wrapper mb-nor\">                    <div class=\"news\">\n                        <div class=\"news-meta\">\n                            <h3>Prezidenta pils &#8220;Gleznu st\u0101sts&#8221;<\/h3>\n                            <a href=\"https:\/\/purvitis.lv\/en\/museum\/prezidenta-pils-gleznu-stasts\/\" class=\"cta\">Lasi vair\u0101k<\/a>\n                        <\/div>\n                        <div class=\"news-image\">\n                            <a href=\"https:\/\/purvitis.lv\/en\/museum\/prezidenta-pils-gleznu-stasts\/\">\n                                <img loading=\"lazy\" decoding=\"async\" src=\"https:\/\/purvitis.lv\/app\/uploads\/2024\/03\/Prezidenta-pils_2.png\" style=\"background-image: url('https:\/\/purvitis.lv\/app\/uploads\/2024\/03\/Prezidenta-pils_2-150x150.png');\" width=\"534\" height=\"352\" class=\"img-fluid\" alt=\"\">\n                            <\/a>\n                        <\/div>\n                    <\/div>\n                                    <div class=\"news\">\n                        <div class=\"news-meta\">\n                            <h3>Purv\u012b\u0161a muzejs atrod Garl\u012bba Mer\u0137e\u013ca akmeni<\/h3>\n                            <a href=\"https:\/\/purvitis.lv\/en\/museum\/purvisa-muzejs-atrod-garliba-merkela-relikviju\/\" class=\"cta\">Lasi vair\u0101k<\/a>\n                        <\/div>\n                        <div class=\"news-image\">\n                            <a href=\"https:\/\/purvitis.lv\/en\/museum\/purvisa-muzejs-atrod-garliba-merkela-relikviju\/\">\n                                <img loading=\"lazy\" decoding=\"async\" src=\"https:\/\/purvitis.lv\/app\/uploads\/2023\/12\/image-7-1.jpeg\" style=\"background-image: url('https:\/\/purvitis.lv\/app\/uploads\/2023\/12\/image-7-1-150x150.jpeg');\" width=\"534\" height=\"352\" class=\"img-fluid\" alt=\"\">\n                            <\/a>\n                        <\/div>\n                    <\/div>\n                                    <div class=\"news\">\n                        <div class=\"news-meta\">\n                            <h3>Muzeja eksped\u012bcija<\/h3>\n                            <a href=\"https:\/\/purvitis.lv\/en\/museum\/muzeja-ekspedicija\/\" class=\"cta\">Lasi vair\u0101k<\/a>\n                        <\/div>\n                        <div class=\"news-image\">\n                            <a href=\"https:\/\/purvitis.lv\/en\/museum\/muzeja-ekspedicija\/\">\n                                <img loading=\"lazy\" decoding=\"async\" src=\"https:\/\/purvitis.lv\/app\/uploads\/2023\/12\/EKSPEDICIJA_REZEKNE_ELINA_KURSITE-min-768x512.webp\" style=\"background-image: url('https:\/\/purvitis.lv\/app\/uploads\/2023\/12\/EKSPEDICIJA_REZEKNE_ELINA_KURSITE-min-150x150.webp');\" width=\"534\" height=\"352\" class=\"img-fluid\" alt=\"\">\n                            <\/a>\n                        <\/div>\n                    <\/div>\n                                    <div class=\"news\">\n                        <div class=\"news-meta\">\n                            <h3>Muzeja eksped\u012bcija &#8211; Jaunpiebalga I<\/h3>\n                            <a href=\"https:\/\/purvitis.lv\/en\/museum\/muzeja-ekspedicija-2\/\" class=\"cta\">Lasi vair\u0101k<\/a>\n                        <\/div>\n                        <div class=\"news-image\">\n                            <a href=\"https:\/\/purvitis.lv\/en\/museum\/muzeja-ekspedicija-2\/\">\n                                <img loading=\"lazy\" decoding=\"async\" src=\"https:\/\/purvitis.lv\/app\/uploads\/2024\/01\/EKSPEDICIJA_JAUNPIEBALGA_ELINA-KURSITE-min-768x512.webp\" style=\"background-image: url('https:\/\/purvitis.lv\/app\/uploads\/2024\/01\/EKSPEDICIJA_JAUNPIEBALGA_ELINA-KURSITE-min-150x150.webp');\" width=\"534\" height=\"352\" class=\"img-fluid\" alt=\"\">\n                            <\/a>\n                        <\/div>\n                    <\/div>\n                                    <div class=\"news\">\n                        <div class=\"news-meta\">\n                            <h3>Muzeja eksped\u012bcija &#8211; Zaube<\/h3>\n                            <a href=\"https:\/\/purvitis.lv\/en\/museum\/muzeja-ekspedicija-zaube\/\" class=\"cta\">Lasi vair\u0101k<\/a>\n                        <\/div>\n                        <div class=\"news-image\">\n                            <a href=\"https:\/\/purvitis.lv\/en\/museum\/muzeja-ekspedicija-zaube\/\">\n                                <img loading=\"lazy\" decoding=\"async\" src=\"https:\/\/purvitis.lv\/app\/uploads\/2024\/01\/EKSPEDICIJA_ZAUBE_ELINA-KURSITE-DSC_3437-768x512.webp\" style=\"background-image: url('https:\/\/purvitis.lv\/app\/uploads\/2024\/01\/EKSPEDICIJA_ZAUBE_ELINA-KURSITE-DSC_3437-150x150.webp');\" width=\"534\" height=\"352\" class=\"img-fluid\" alt=\"\">\n                            <\/a>\n                        <\/div>\n                    <\/div>\n                <\/div><a href=\"https:\/\/purvitis.lv\/en\/museum\/\" class=\"cta\">Visi muzeja jaunumi<\/a>    \n<\/section>\n\n<script>window.dispatchEvent( new Event('acf\/loaded\/featured-museum-posts'));<\/script>\n<section id=\"full-width-image-block_bdb9cb49b46310b8e733a670a1bc2813\" class=\"full-width-image mb-med mb-m-med\">\n\n    <div class=\"text-block-wrapper\"><div class=\"text-block short-line\"><p>BEAUTY. NATURE. WORK.<\/p>\n<\/div><\/div>        \n    <div class=\"mpwbpk-image full-width media\">\n        <img decoding=\"async\" src=\"https:\/\/purvitis.lv\/app\/uploads\/2023\/12\/image-19.jpeg\" class=\"img-fluid\" alt=\"\">            \n            \n            <\/div>\n\n        \n<\/section>\n\n<script>window.dispatchEvent( new Event('acf\/loaded\/full-width-image'));<\/script>\n<section id=\"purvitis-text-block_92531643082b38c2cd9cabfb2d3736a4\" class=\"purvitis-text\">\n\n    <ul>\n<li><em><strong>VISION:<\/strong><\/em> A FARMSTEAD WITH CULTURAL CREATION AT ITS HEART!<\/li>\n<\/ul>\n<p>To honour the greatness of the Master and his works, a <a href=\"https:\/\/muzeji.lv\/lv\/specialistiem\/kas-ir-muzejs-starptautiska-muzeju-padome-pienem-jaunu-muzeja-definiciju\" target=\"_blank\" rel=\"noopener\">modern<\/a>* museum is being built in the Purv\u012btis family home \u201cVecjau\u017ei\u201d, dedicated to the legacy of Vilhelms Purv\u012btis.<\/p>\n<p>* \u201cA museum is a permanent institution that serves the public by studying, collecting, preserving, interpreting and exhibiting tangible and intangible heritage, and its purpose is not for profit. Museums promote diversity and sustainability, as well as are open, accessible and inclusive. They act and communicate ethically, professionally and with community participation, offering a diverse experience of education, emotional experience, reflection and knowledge exchange.\u201d \/ICOM definition of museums\/ Museums promote diversity and sustainability, as well as are open, accessible and inclusive.<br \/>\nThey act and communicate ethically, professionally and with community participation, offering a diverse experience of education, emotional experience, reflection and knowledge exchange.\u201d<br \/>\n\/ICOM definition of museums\/<\/p>\n<ul>\n<li><em><strong>MISSION:<\/strong><\/em> TO HELP THE BEAUTY TO BE REVEALED!<\/li>\n<\/ul>\n<p>The mission of Purv\u012btis Museum: To honour the personality and legacy of Vilhelms Purv\u012btis by developing the artist\u2019s family home \u201cVecjau\u017ei\u201d into an international centre of creativity to promote the well-being of society in interaction with nature, art and culture.<\/p>\n<ul>\n<li><em><strong>VALUES:<\/strong><\/em><\/li>\n<\/ul>\n<p>BEAUTY \u2013 result, harmony, vertical<br \/>\nNATURE \u2013 context, a man in the world<br \/>\nWORK \u2013 process, diligence, excellence<\/p>\n<ul>\n<li><em><strong>MANIFESTO:<\/strong><\/em><\/li>\n<\/ul>\n<p>We will do.<\/p>\n<p>We will call people from near and far<br \/>\nand we will do.<br \/>\nTogether we will create.<\/p>\n<p>We will do nature.<br \/>\nWe will do an apple tree orchard, we will do a forest,<br \/>\nwe will do a flower in the meadow.<br \/>\nSilence in the evening.<br \/>\nPeace we will do.<\/p>\n<p>We will strive for the beautiful.<br \/>\n\u201cHands must be trained, minds must be awakened.\u201d<br \/>\nWe will do all things harmonious.<br \/>\nWe will do to make Latvia\u2019s beauty shine through.<\/p>\n<p>We will put a white shirt on and dig the earth.<br \/>\nWe will dig the earth like no one before us has ever dug it.<br \/>\nWe will do the museum, we will do the temple.<\/p>\n<p>And our work will create us.<br \/>\nThe works will be our signposts.<br \/>\nWe will do ourselves.<\/p>\n<p>We will do.<\/p>\n    \n<\/section>\n\n<script>window.dispatchEvent( new Event('acf\/loaded\/purvitis-text'));<\/script>\n<section id=\"full-width-image-block_36e41d7f204a3d9959e4c31640b75f45\" class=\"full-width-image\">\n\n            \n    <div class=\"mpwbpk-image full-width media\">\n        <img loading=\"lazy\" decoding=\"async\" src=\"https:\/\/purvitis.lv\/app\/uploads\/2024\/02\/purvitis_vestuleatnacejam.jpg\" style=\"background-image: url(https:\/\/purvitis.lv\/app\/uploads\/2024\/02\/purvitis_vestuleatnacejam-150x150.webp);\" class=\"img-fluid\" width=\"1084\" height=\"600\" alt=\"\"><\/a>            \n            \n            <\/div>\n\n        \n<\/section>\n\n<script>window.dispatchEvent( new Event('acf\/loaded\/full-width-image'));<\/script>\n<section id=\"purvitis-text-block_cbd79f0e57d44912fd80a7f671fd1138\" class=\"purvitis-text\">\n\n    <p>The objects in the collection of Purv\u012btis Museum form a compelling narrative about the Purv\u012btis family home \u201cVecjau\u017ei\u201d, where the artist spent the first 14 years of his life and formed his personality, the Purv\u012btis family and the life and values of Purv\u012btis himself, revealing the stages of the Master\u2019s creative evolution and personal development.<\/p>\n<p><a class=\"cta\" href=\"https:\/\/purvitis.lv\/museum\/krajums\/\" rel=\"noopener\">Read more<\/a><\/p>\n    \n<\/section>\n\n<script>window.dispatchEvent( new Event('acf\/loaded\/purvitis-text'));<\/script>\n<section id=\"team-member-block_3d07b8681799f6707850d4585c946c99\" class=\"team-member mb-big mb-m-big\">\n\n    <h2>The museum team<\/h2><ul class=\"teams\"><li>\n                        <img decoding=\"async\" src=\"https:\/\/purvitis.lv\/app\/uploads\/2024\/02\/1_Rami_Zanete_1-2-300x212.jpg\" class=\"img-fluid\" alt=\"\">\n                        <div class=\"team-info\">\n                            <h3>\u017danete Grende<\/h3>\n                            <p>The museum director<\/p>\n                            <p><a href=\"mailto:info@purvitis.lv\">info@purvitis.lv<\/a><\/p>\n                        <\/div>\n                    <\/li><li>\n                        <img decoding=\"async\" src=\"https:\/\/purvitis.lv\/app\/uploads\/2024\/02\/1_Rami_Velga_1-2-300x212.jpg\" class=\"img-fluid\" alt=\"\">\n                        <div class=\"team-info\">\n                            <h3>Velga V\u012btola-K\u013cava<\/h3>\n                            <p>The museum&#8217;s collection custodian <\/p>\n                            <p><a href=\"mailto:velga@purvitis.lv\">velga@purvitis.lv<\/a><\/p>\n                        <\/div>\n                    <\/li><li>\n                        <img decoding=\"async\" src=\"https:\/\/purvitis.lv\/app\/uploads\/2024\/02\/1_Rami_Gorans_1-1-300x212.jpg\" class=\"img-fluid\" alt=\"\">\n                        <div class=\"team-info\">\n                            <h3>J\u0101nis Hol\u0161teins-Upmanis<\/h3>\n                            <p>The creative director<\/p>\n                            <p><a href=\"mailto:\"><\/a><\/p>\n                        <\/div>\n                    <\/li><li>\n                        <img decoding=\"async\" src=\"https:\/\/purvitis.lv\/app\/uploads\/2024\/02\/1_Rami_Ilze_2-1-300x212.jpg\" class=\"img-fluid\" alt=\"\">\n                        <div class=\"team-info\">\n                            <h3>Ilze Pr\u016bse<\/h3>\n                            <p>The communication manager<\/p>\n                            <p><a href=\"mailto:ilze@purvitis.lv\">ilze@purvitis.lv<\/a><\/p>\n                        <\/div>\n                    <\/li><li>\n                        <img decoding=\"async\" src=\"https:\/\/purvitis.lv\/app\/uploads\/2024\/02\/2_Bez-Ramja_Dailina_1-1-300x212.jpg\" class=\"img-fluid\" alt=\"\">\n                        <div class=\"team-info\">\n                            <h3>Daila V\u012bksna<\/h3>\n                            <p>The finance director<\/p>\n                            <p><a href=\"mailto:\"><\/a><\/p>\n                        <\/div>\n                    <\/li><li>\n                        <img decoding=\"async\" src=\"https:\/\/purvitis.lv\/app\/uploads\/2024\/02\/1_Rami_Ants_4-300x212.jpg\" class=\"img-fluid\" alt=\"\">\n                        <div class=\"team-info\">\n                            <h3>Ants Grende<\/h3>\n                            <p>The technical director<\/p>\n                            <p><a href=\"mailto:\"><\/a><\/p>\n                        <\/div>\n                    <\/li><li>\n                        <img decoding=\"async\" src=\"https:\/\/purvitis.lv\/app\/uploads\/2024\/02\/1_Rami_Ezibete_1-300x212.jpg\" class=\"img-fluid\" alt=\"\">\n                        <div class=\"team-info\">\n                            <h3>Elizabete Pavlovska<\/h3>\n                            <p>The head of the museum education department<\/p>\n                            <p><a href=\"mailto:\"><\/a><\/p>\n                        <\/div>\n                    <\/li><\/ul>\n<\/section>\n\n<script>window.dispatchEvent( new Event('acf\/loaded\/team-member'));<\/script>\n<section id=\"purvitis-text-block_f3b43e19789b093dfe58e9f30693bdf8\" class=\"purvitis-text\">\n\n    <p>We are grateful to the supporters of the museum<\/p>\n<p>&nbsp;<\/p>\n<ul>\n<li><strong>TGS Baltic law firm<\/strong><\/li>\n<li><strong>Ministry of Culture<\/strong><\/li>\n<\/ul>\n<p>&nbsp;<\/p>\n    \n<\/section>\n\n<script>window.dispatchEvent( new Event('acf\/loaded\/purvitis-text'));<\/script>\n<style type=\"text\/css\">\n\n    \n    :root {\n        \/*\n            New BG color\n        --------------------------------------- *\/\n        --new-bg-hue: 348 !important;\n        --new-bg-saturation: 26% !important;\n        --new-bg-light: 88% !important;\n    }\n\n<\/style>\n\n<section id=\"donate-box-block_5e729e09256501b64aa1430ae7c84bc2\" class=\"donate-box\">\n    <div class=\"donate-box__inner\" data-bg-color=\"#f1e7e9\">\n        <p>Company details:<\/p>\n<p>Biedr\u012bba \u201cPurv\u012b\u0161a muzejs\u201d<\/p>\n<p>Reg.nr. 40008120773<\/p>\n<p>Bank: Swedbank<br \/>\nAccount nr.: LV96HABA0551018616469<\/p>\n        <a href=\"#\" class=\"cta\">Support the museum through donations<\/a>\n    <\/div>\n<\/section>\n\n<script>window.dispatchEvent( new Event('acf\/loaded\/donate-box'));<\/script>","protected":false},"excerpt":{"rendered":"","protected":false},"author":1,"featured_media":0,"parent":0,"menu_order":0,"comment_status":"closed","ping_status":"closed","template":"","meta":{"footnotes":""},"class_list":["post-2046","page","type-page","status-publish","hentry"],"acf":[],"yoast_head":"<!-- This site is optimized with the Yoast SEO plugin v21.9.1 - https:\/\/yoast.com\/wordpress\/plugins\/seo\/ -->\n<title>Museum - Purv\u012b\u0161a muzejs<\/title>\n<meta name=\"robots\" content=\"index, follow, max-snippet:-1, max-image-preview:large, max-video-preview:-1\" \/>\n<link rel=\"canonical\" href=\"https:\/\/purvitis.lv\/en\/muzejs\/\" \/>\n<meta property=\"og:locale\" content=\"en_US\" \/>\n<meta property=\"og:type\" content=\"article\" \/>\n<meta property=\"og:title\" content=\"Museum - Purv\u012b\u0161a muzejs\" \/>\n<meta property=\"og:url\" content=\"https:\/\/purvitis.lv\/en\/muzejs\/\" \/>\n<meta property=\"og:site_name\" content=\"Purv\u012b\u0161a muzejs\" \/>\n<meta property=\"article:modified_time\" content=\"2024-04-16T12:20:30+00:00\" \/>\n<meta name=\"twitter:card\" content=\"summary_large_image\" \/>\n<script type=\"application\/ld+json\" class=\"yoast-schema-graph\">{\"@context\":\"https:\/\/schema.org\",\"@graph\":[{\"@type\":\"WebPage\",\"@id\":\"https:\/\/purvitis.lv\/en\/muzejs\/\",\"url\":\"https:\/\/purvitis.lv\/en\/muzejs\/\",\"name\":\"Museum - Purv\u012b\u0161a muzejs\",\"isPartOf\":{\"@id\":\"https:\/\/purvitis.lv\/#website\"},\"datePublished\":\"2023-12-15T09:27:38+00:00\",\"dateModified\":\"2024-04-16T12:20:30+00:00\",\"breadcrumb\":{\"@id\":\"https:\/\/purvitis.lv\/en\/muzejs\/#breadcrumb\"},\"inLanguage\":\"en-US\",\"potentialAction\":[{\"@type\":\"ReadAction\",\"target\":[\"https:\/\/purvitis.lv\/en\/muzejs\/\"]}]},{\"@type\":\"BreadcrumbList\",\"@id\":\"https:\/\/purvitis.lv\/en\/muzejs\/#breadcrumb\",\"itemListElement\":[{\"@type\":\"ListItem\",\"position\":1,\"name\":\"Home\",\"item\":\"https:\/\/purvitis.lv\/en\/\"},{\"@type\":\"ListItem\",\"position\":2,\"name\":\"Museum\"}]},{\"@type\":\"WebSite\",\"@id\":\"https:\/\/purvitis.lv\/#website\",\"url\":\"https:\/\/purvitis.lv\/\",\"name\":\"Purv\u012b\u0161a muzejs\",\"description\":\"ir m\u0101jas\",\"potentialAction\":[{\"@type\":\"SearchAction\",\"target\":{\"@type\":\"EntryPoint\",\"urlTemplate\":\"https:\/\/purvitis.lv\/?s={search_term_string}\"},\"query-input\":\"required name=search_term_string\"}],\"inLanguage\":\"en-US\"}]}<\/script>\n<!-- \/ Yoast SEO plugin. -->","yoast_head_json":{"title":"Museum - Purv\u012b\u0161a muzejs","robots":{"index":"index","follow":"follow","max-snippet":"max-snippet:-1","max-image-preview":"max-image-preview:large","max-video-preview":"max-video-preview:-1"},"canonical":"https:\/\/purvitis.lv\/en\/muzejs\/","og_locale":"en_US","og_type":"article","og_title":"Museum - Purv\u012b\u0161a muzejs","og_url":"https:\/\/purvitis.lv\/en\/muzejs\/","og_site_name":"Purv\u012b\u0161a muzejs","article_modified_time":"2024-04-16T12:20:30+00:00","twitter_card":"summary_large_image","schema":{"@context":"https:\/\/schema.org","@graph":[{"@type":"WebPage","@id":"https:\/\/purvitis.lv\/en\/muzejs\/","url":"https:\/\/purvitis.lv\/en\/muzejs\/","name":"Museum - Purv\u012b\u0161a muzejs","isPartOf":{"@id":"https:\/\/purvitis.lv\/#website"},"datePublished":"2023-12-15T09:27:38+00:00","dateModified":"2024-04-16T12:20:30+00:00","breadcrumb":{"@id":"https:\/\/purvitis.lv\/en\/muzejs\/#breadcrumb"},"inLanguage":"en-US","potentialAction":[{"@type":"ReadAction","target":["https:\/\/purvitis.lv\/en\/muzejs\/"]}]},{"@type":"BreadcrumbList","@id":"https:\/\/purvitis.lv\/en\/muzejs\/#breadcrumb","itemListElement":[{"@type":"ListItem","position":1,"name":"Home","item":"https:\/\/purvitis.lv\/en\/"},{"@type":"ListItem","position":2,"name":"Museum"}]},{"@type":"WebSite","@id":"https:\/\/purvitis.lv\/#website","url":"https:\/\/purvitis.lv\/","name":"Purv\u012b\u0161a muzejs","description":"ir m\u0101jas","potentialAction":[{"@type":"SearchAction","target":{"@type":"EntryPoint","urlTemplate":"https:\/\/purvitis.lv\/?s={search_term_string}"},"query-input":"required name=search_term_string"}],"inLanguage":"en-US"}]}},"_links":{"self":[{"href":"https:\/\/purvitis.lv\/en\/wp-json\/wp\/v2\/pages\/2046","targetHints":{"allow":["GET"]}}],"collection":[{"href":"https:\/\/purvitis.lv\/en\/wp-json\/wp\/v2\/pages"}],"about":[{"href":"https:\/\/purvitis.lv\/en\/wp-json\/wp\/v2\/types\/page"}],"author":[{"embeddable":true,"href":"https:\/\/purvitis.lv\/en\/wp-json\/wp\/v2\/users\/1"}],"replies":[{"embeddable":true,"href":"https:\/\/purvitis.lv\/en\/wp-json\/wp\/v2\/comments?post=2046"}],"version-history":[{"count":12,"href":"https:\/\/purvitis.lv\/en\/wp-json\/wp\/v2\/pages\/2046\/revisions"}],"predecessor-version":[{"id":2192,"href":"https:\/\/purvitis.lv\/en\/wp-json\/wp\/v2\/pages\/2046\/revisions\/2192"}],"wp:attachment":[{"href":"https:\/\/purvitis.lv\/en\/wp-json\/wp\/v2\/media?parent=2046"}],"curies":[{"name":"wp","href":"https:\/\/api.w.org\/{rel}","templated":true}]}}