{"id":2049,"date":"2023-12-15T09:27:16","date_gmt":"2023-12-15T09:27:16","guid":{"rendered":"https:\/\/purvitis.lv\/purvitis\/"},"modified":"2024-04-16T12:24:57","modified_gmt":"2024-04-16T12:24:57","slug":"purvitis","status":"publish","type":"page","link":"https:\/\/purvitis.lv\/en\/purvitis\/","title":{"rendered":"Purv\u012btis"},"content":{"rendered":"\n<section id=\"hero-block-block_a5807d677c5ccd2bcd0bdf4d98f878e6\" class=\"hero-block text-above-no-margin mb-med mb-m-nor\">\n\n            <div class=\"texts-above-hero \">\n            <div class=\"text-above-hero\"><p>Vilhelms Purv\u012btis<\/p>\n<\/div>        <\/div>\n            \n    <div class=\"hero-block__wrapper\">\n\n        \n        <div class=\"media\">\n            <img decoding=\"async\" \n                        src=\"https:\/\/purvitis.lv\/app\/uploads\/2023\/12\/Purvitis-2.jpeg\" \n                        class=\"img-fluid\" \n                        style=\"background-image: url(https:\/\/purvitis.lv\/app\/uploads\/2023\/12\/Purvitis-2-150x150.jpeg);\"\n                        alt=\"\">\n                        <div class=\"image-wrapper\"><\/div>\n        <\/div>\n        \n        \n                <div class=\"media-caption\"><p class=\"caption\"><span>A frame from the documentary film &#8220;Vilhelms Purv\u012btis&#8221;, 1939. Material of the National Archives of Latvia, LNA_KFFDA_F194_1_592<\/span><\/p><\/div>            \n    <\/div>\n\n<\/section>\n\n<script>window.dispatchEvent( new Event('acf\/loaded\/hero-block'));<\/script>\n<section id=\"purvitis-text-block_d8adf224e34bcc368fe410d5d7e38dc6\" class=\"purvitis-text mb-med mb-m-med\">\n\n    <p>Vilhelms Purv\u012btis, landscape painter, teacher, first rector of the Art Academy of Latvia and director of the Latvian National Museum of Art, was one of the founders of the Latvian national school of painting. His diplomatic skills, sharp mind, perseverance and sense of justice enabled the preservation of Latvia\u2019s national art values during various times of occupation and the rise of strong successors.<\/p>\n    \n<\/section>\n\n<script>window.dispatchEvent( new Event('acf\/loaded\/purvitis-text'));<\/script>\n<section id=\"full-width-image-block_928e80c1966bdf4b90c27b5af2a82240\" class=\"full-width-image mb-med mb-m-med\">\n\n            \n    <div class=\"mpwbpk-image full-width media\">\n        <img loading=\"lazy\" decoding=\"async\" src=\"https:\/\/purvitis.lv\/app\/uploads\/2024\/01\/purvitis-2-1024x705.webp\" style=\"background-image: url(https:\/\/purvitis.lv\/app\/uploads\/2024\/01\/purvitis-2-150x150.webp);\" class=\"img-fluid\" width=\"1084\" height=\"600\" alt=\"\"><\/a>            \n            \n        <div class=\"caption\"><p>Vilhelms Purv\u012btis, Winter, around 1910. Archives of the Latvian National Art Museum, VMM GL-1568<\/p>\n<\/div>    <\/div>\n\n        \n<\/section>\n\n<script>window.dispatchEvent( new Event('acf\/loaded\/full-width-image'));<\/script>\n<section id=\"two-cols-image-block_6241c272f27c4b827529194a9ab3e6bb\" class=\"two-cols-image display-2-cols-in-mobile mb-med mb-m-med\">\n\n\n            <div class=\"image-block\">\n                <img loading=\"lazy\" decoding=\"async\" src=\"https:\/\/purvitis.lv\/app\/uploads\/2024\/02\/PURVI\u0304TIS_BOGRA\u0304FIJA_PORTRETS_BEZ-ROKAS-768x464.jpg\" style=\"background-image: url(https:\/\/purvitis.lv\/app\/uploads\/2024\/02\/PURVI\u0304TIS_BOGRA\u0304FIJA_PORTRETS_BEZ-ROKAS-150x150.jpg);\" class=\"img-fluid\" width=\"534\" height=\"352\"  alt=\"\"><div class=\"text-block caption\">Vilhelms Purv\u012btis around 1910. Archives of the Museum of Literature and Music, RTMM 377545<\/div>            <\/div>\n    \n        \n            <div class=\"image-block\">\n                <img loading=\"lazy\" decoding=\"async\" src=\"https:\/\/purvitis.lv\/app\/uploads\/2024\/01\/PURVITIS_BOGRAFIJA_PORTRETS-1.png\" style=\"background-image: url(https:\/\/purvitis.lv\/app\/uploads\/2024\/01\/PURVITIS_BOGRAFIJA_PORTRETS-1-150x150.png);\" class=\"img-fluid\" width=\"534\" height=\"352\"  alt=\"\"><div class=\"text-block caption\">Vilhelms and Karol\u012bne Purv\u012b\u0161i, 1939. Photo from Kristiana Abeles monograph on &#8220;Purv\u012btis&#8221;,&#8221;Neptuns&#8221; <\/div>            <\/div>\n    \n            \n<\/section>\n\n<script>window.dispatchEvent( new Event('acf\/loaded\/two-cols-image'));<\/script>\n<section id=\"purvitis-text-block_5c40ee0008de697f9035471e14925d21\" class=\"purvitis-text mb-med mb-m-med\">\n\n    <p>Vilhelms Purv\u012btis (1872\u20131945) was a philosopher of art. The uniqueness of his work is the \u201ccomposing\u201d of his paintings. Almost none of the landscapes painted by Purv\u012btis that can be seen in the National Museum of Art, Durbe Palace, the Presidential Palace, private collections and elsewhere can be seen in reality because they are \u201ccomposed\u201d \u2013 artificially staged. In his countless studies, Purv\u012btis nurtured specific natural objects and brought them together in unique compositions and variations. \u201cTo organise the nature\u201d, said Purv\u012btis. For composition purposes, he suggested \u201ctransplanting\u201d a tree elsewhere or \u201cadding\u201d a house.<\/p>\n    \n<\/section>\n\n<script>window.dispatchEvent( new Event('acf\/loaded\/purvitis-text'));<\/script>\n<section id=\"two-cols-image-block_50368eb1b3bbad8db9ef5cc5ac68d16f\" class=\"two-cols-image display-2-cols-in-mobile mb-m-nor equal-height\">\n\n\n            <div class=\"image-block\">\n                <img loading=\"lazy\" decoding=\"async\" src=\"https:\/\/purvitis.lv\/app\/uploads\/2023\/12\/image-11.jpeg\" style=\"background-image: url(https:\/\/purvitis.lv\/app\/uploads\/2023\/12\/image-11-150x150.jpeg);\" class=\"img-fluid\" width=\"534\" height=\"352\"  alt=\"\"><div class=\"text-block caption\">Vilhelms Purv\u012btis, In Spring, &#8211; 1934. 1933 &#8211; 1934 Archives of the Latvian National Art Museum, LMM GL-913<\/div>            <\/div>\n    \n        \n            <div class=\"image-block\">\n                <img loading=\"lazy\" decoding=\"async\" src=\"https:\/\/purvitis.lv\/app\/uploads\/2023\/12\/image-12.jpeg\" style=\"background-image: url(https:\/\/purvitis.lv\/app\/uploads\/2023\/12\/image-12-150x150.jpeg);\" class=\"img-fluid\" width=\"534\" height=\"352\"  alt=\"\"><div class=\"text-block caption\">Vilhelms Purv\u012btis, Autumn sun, around 1910. Archives of the Latvian National Art Museum, LMM GL-123<\/div>            <\/div>\n    \n            \n<\/section>\n\n<script>window.dispatchEvent( new Event('acf\/loaded\/two-cols-image'));<\/script>\n<section id=\"two-cols-image-block_8cf74f1ec0b7f61ab7ba1174fec7cce8\" class=\"two-cols-image display-2-cols-in-mobile mb-med mb-m-nor equal-height\">\n\n\n            <div class=\"image-block\">\n                <img loading=\"lazy\" decoding=\"async\" src=\"https:\/\/purvitis.lv\/app\/uploads\/2023\/12\/image-13.jpeg\" style=\"background-image: url(https:\/\/purvitis.lv\/app\/uploads\/2023\/12\/image-13-150x150.jpeg);\" class=\"img-fluid\" width=\"534\" height=\"352\"  alt=\"\"><div class=\"text-block caption\">Vilhelms Purv\u012btis, Evening (Kazdangas landscape), &#8211; 1912. around 1911 &#8211; 1912 Private collection<\/div>            <\/div>\n    \n        \n            <div class=\"image-block\">\n                <img loading=\"lazy\" decoding=\"async\" src=\"https:\/\/purvitis.lv\/app\/uploads\/2023\/12\/image-14.jpeg\" style=\"background-image: url(https:\/\/purvitis.lv\/app\/uploads\/2023\/12\/image-14-150x150.jpeg);\" class=\"img-fluid\" width=\"534\" height=\"352\"  alt=\"\"><div class=\"text-block caption\">Vilhelms Purv\u012btis, Landscape with birch trees, 1939. Archives of the Latvian National Art Museum, LMM GL-3434<\/div>            <\/div>\n    \n            \n<\/section>\n\n<script>window.dispatchEvent( new Event('acf\/loaded\/two-cols-image'));<\/script>\n<section id=\"purvitis-text-block_da756b0d54052f9f4c7cfd03463d1c5d\" class=\"purvitis-text mb-med mb-m-med\">\n\n    <p>His success was always based on work \u2013 the master did not tolerate idleness. Purv\u012btis believed that it is very rare to determine who is a true artist by nature and who will become one through hard work. To motivate his students to work, he drew a line on the wall with charcoal and said: \u201cMany of you will get to this point, maybe even all of you, but only a few of you will get past it. Beyond this line, the artist begins.\u201d<\/p>\n    \n<\/section>\n\n<script>window.dispatchEvent( new Event('acf\/loaded\/purvitis-text'));<\/script>\n<section id=\"full-width-image-block_37136833bda42b24172067a6e7142d20\" class=\"full-width-image mb-med mb-m-med\">\n\n            \n    <div class=\"mpwbpk-image full-width media\">\n        <img loading=\"lazy\" decoding=\"async\" src=\"https:\/\/purvitis.lv\/app\/uploads\/2023\/12\/image-15-1024x537.jpeg\" style=\"background-image: url(https:\/\/purvitis.lv\/app\/uploads\/2023\/12\/image-15-150x150.jpeg);\" class=\"img-fluid\" width=\"1084\" height=\"600\" alt=\"\"><\/a>            \n            \n        <div class=\"caption\"><p>Vilhelms Purv\u012btis, Spring waters, &#8211; 1935. around 1930 &#8211; 1935 Archives of the Latvian National Art Museum LMM GL-3259<\/p>\n<\/div>    <\/div>\n\n        \n<\/section>\n\n<script>window.dispatchEvent( new Event('acf\/loaded\/full-width-image'));<\/script>\n<section id=\"purvitis-text-block_ab6de8aa4f0a74b6b6524abdfb0a4c48\" class=\"purvitis-text mb-med mb-m-med\">\n\n    <p>But the greatest success for an artist is to find oneself. Purv\u012btis trained a number of 20th-century Latvian artists in his studio \u2013 \u0122ederts Eliass, K\u0101rlis Padegs, \u0100rija Skride, Arv\u012bds Egle, Miervaldis \u0136emers, J\u0101nis Gailis, Margrieta Celmi\u0146a, Edgars V\u0101rdaunis, Kurts Fridrihsons and many others. He always believed that all his students were gifted, but no one should be lazy, because the real struggle would start when the artist was alone and had no one to ask for advice. Purv\u012btis\u2019 strong character, sharp mind, subtle sense of humour and also fragility are just some of the qualities that make up his personality, but the door of his apartment was always open to his students. Oto Greb\u017ee, a student of Vilhelms remembers: \u201cStudents used to call Purv\u012btis&#8230; the old chap. Just like what Purv\u012btis would call his father.\u201d<\/p>\n    \n<\/section>\n\n<script>window.dispatchEvent( new Event('acf\/loaded\/purvitis-text'));<\/script>\n<section id=\"two-cols-image-block_20ee5477e3b6406227e4f618437d6823\" class=\"two-cols-image display-2-cols-in-mobile mb-m-nor equal-height\">\n\n\n            <div class=\"image-block\">\n                <img loading=\"lazy\" decoding=\"async\" src=\"https:\/\/purvitis.lv\/app\/uploads\/2023\/12\/image-16.jpeg\" style=\"background-image: url(https:\/\/purvitis.lv\/app\/uploads\/2023\/12\/image-16-150x150.jpeg);\" class=\"img-fluid\" width=\"534\" height=\"352\"  alt=\"\"><div class=\"text-block caption\">Vilhelms Purv\u012btis, Spring landscape (March), 30. 20th century Archives of the Latvian National Art Museum, LMM GL-1189<\/div>            <\/div>\n    \n        \n            <div class=\"image-block\">\n                <img loading=\"lazy\" decoding=\"async\" src=\"https:\/\/purvitis.lv\/app\/uploads\/2023\/12\/image-17.jpeg\" style=\"background-image: url(https:\/\/purvitis.lv\/app\/uploads\/2023\/12\/image-17-150x150.jpeg);\" class=\"img-fluid\" width=\"534\" height=\"352\"  alt=\"\"><div class=\"text-block caption\">Vilhelms Purv\u012btis, Summer landscape, 20. 20th century Private collection<\/div>            <\/div>\n    \n            \n<\/section>\n\n<script>window.dispatchEvent( new Event('acf\/loaded\/two-cols-image'));<\/script>\n<section id=\"two-cols-image-block_a03ccc5684030bba3c0aaafd6a71dd80\" class=\"two-cols-image display-2-cols-in-mobile mb-med mb-m-nor equal-height\">\n\n\n            <div class=\"image-block\">\n                <img loading=\"lazy\" decoding=\"async\" src=\"https:\/\/purvitis.lv\/app\/uploads\/2024\/01\/PURVITIS_BIOGRAFIJA_KAPAKMENS-768x576.webp\" style=\"background-image: url(https:\/\/purvitis.lv\/app\/uploads\/2024\/01\/PURVITIS_BIOGRAFIJA_KAPAKMENS-150x150.webp);\" class=\"img-fluid\" width=\"534\" height=\"352\"  alt=\"\"><div class=\"text-block caption\">Vilhelms Purv\u012btis resting place in Me\u017ea kapi, Riga. Archive of the Purv\u012b\u0161a Museum<\/div>            <\/div>\n    \n        \n            <div class=\"image-block\">\n                <img loading=\"lazy\" decoding=\"async\" src=\"https:\/\/purvitis.lv\/app\/uploads\/2024\/01\/PURVITIS_BOGRAFIJA_AUDZUMEITA_MARIONA_VITANS-min-768x512.webp\" style=\"background-image: url(https:\/\/purvitis.lv\/app\/uploads\/2024\/01\/PURVITIS_BOGRAFIJA_AUDZUMEITA_MARIONA_VITANS-min-150x150.webp);\" class=\"img-fluid\" width=\"534\" height=\"352\"  alt=\"\"><div class=\"text-block caption\">Mariona Vitans, foster daughter of Vilhelms Purv\u012btis (1922-2022). Archive of the Purv\u012b\u0161a Museum<\/div>            <\/div>\n    \n            \n<\/section>\n\n<script>window.dispatchEvent( new Event('acf\/loaded\/two-cols-image'));<\/script>\n<section id=\"purvitis-text-block_4b3dc1ae1b33114911fff63b8dda7ab7\" class=\"purvitis-text\">\n\n    <p><span style=\"font-weight: 400;\">Purv\u012btis used his status (rector of the Art Academy, director of the Art Museum, teacher, winner of several international competitions) to advocate for the preservation, nurturing and sometimes also the salvation of Latvian national art. Later, during his exile, the transport that carried around 900 (the archives are silent on the exact number of paintings) of Purv\u012btis\u2019 paintings to Germany, mysteriously disappeared. This was a significant blow for Purv\u012btis because he believed that without his works he was nothing again and he had to start all over once more. He passed away a year later. There are now more than 400, the exact number is still unknown, of his paintings in various collections, which are still a testament to the talent, craftsmanship and genius of Vilhelms Purv\u012btis. <\/span><\/p>\n    \n<\/section>\n\n<script>window.dispatchEvent( new Event('acf\/loaded\/purvitis-text'));<\/script>\n<section id=\"full-width-image-block_aac8f031c1c7517b913570156fae4df9\" class=\"full-width-image no-short-line mb-big mb-m-big\">\n\n            \n    <div class=\"mpwbpk-image full-width media\">\n        <img decoding=\"async\" src=\"https:\/\/purvitis.lv\/app\/uploads\/2024\/02\/Pateiciba_Purvisa_petniekiem-1-1084x602.jpeg\" class=\"img-fluid\" alt=\"\">            \n            \n            <\/div>\n\n    <div class=\"text-block-wrapper bottom\"><div class=\"text-block short-line\"><p>Muzeum research<\/p>\n<\/div><div class=\"text-block short-line\"><p>The research plan of the &#8220;Purv\u012b\u0161a Museum&#8221; is based on researchers who studied facts and knowledge from the 19th century till beginning of 21st century. In order to continue successive steps in the research of the life and works of Vilhelms Purv\u012btis, a digital catalog of Purv\u012btis heritage is being created.<\/p>\n<p><a class=\"cta\" href=\"https:\/\/purvitis.lv\/museum\/muzeja-petnieciba\/\" rel=\"noopener\">Read more<\/a><\/p>\n<\/div><\/div>    \n<\/section>\n\n<script>window.dispatchEvent( new Event('acf\/loaded\/full-width-image'));<\/script>\n<style type=\"text\/css\">\n\n    \n    :root {\n        \/*\n            New BG color\n        --------------------------------------- *\/\n        --new-bg-hue: 77 !important;\n        --new-bg-saturation: 26% !important;\n        --new-bg-light: 84% !important;\n    }\n\n<\/style>\n\n<section id=\"donate-box-block_a3c06f939838e5a6628e17c98b3c63a4\" class=\"donate-box\">\n    <div class=\"donate-box__inner\" data-bg-color=\"#e7ebdd\">\n        <p>&nbsp;<\/p>\n<p>Company details:<\/p>\n<p>Biedr\u012bba \u201cPurv\u012b\u0161a muzejs\u201d<\/p>\n<p>Reg.nr. 40008120773<\/p>\n<p>Bank: Swedbank<br \/>\nAccount nr.: LV96HABA0551018616469<\/p>\n        <a href=\"#\" class=\"cta\">Support the museum through donations<\/a>\n    <\/div>\n<\/section>\n\n<script>window.dispatchEvent( new Event('acf\/loaded\/donate-box'));<\/script>","protected":false},"excerpt":{"rendered":"","protected":false},"author":1,"featured_media":0,"parent":0,"menu_order":0,"comment_status":"closed","ping_status":"closed","template":"","meta":{"footnotes":""},"class_list":["post-2049","page","type-page","status-publish","hentry"],"acf":[],"yoast_head":"<!-- This site is optimized with the Yoast SEO plugin v21.9.1 - https:\/\/yoast.com\/wordpress\/plugins\/seo\/ -->\n<title>Purv\u012btis - Purv\u012b\u0161a muzejs<\/title>\n<meta name=\"robots\" content=\"index, follow, max-snippet:-1, max-image-preview:large, max-video-preview:-1\" \/>\n<link rel=\"canonical\" href=\"https:\/\/purvitis.lv\/en\/purvitis\/\" \/>\n<meta property=\"og:locale\" content=\"en_US\" \/>\n<meta property=\"og:type\" content=\"article\" \/>\n<meta property=\"og:title\" content=\"Purv\u012btis - Purv\u012b\u0161a muzejs\" \/>\n<meta property=\"og:url\" content=\"https:\/\/purvitis.lv\/en\/purvitis\/\" \/>\n<meta property=\"og:site_name\" content=\"Purv\u012b\u0161a muzejs\" \/>\n<meta property=\"article:modified_time\" content=\"2024-04-16T12:24:57+00:00\" \/>\n<meta name=\"twitter:card\" content=\"summary_large_image\" \/>\n<script type=\"application\/ld+json\" class=\"yoast-schema-graph\">{\"@context\":\"https:\/\/schema.org\",\"@graph\":[{\"@type\":\"WebPage\",\"@id\":\"https:\/\/purvitis.lv\/en\/purvitis\/\",\"url\":\"https:\/\/purvitis.lv\/en\/purvitis\/\",\"name\":\"Purv\u012btis - Purv\u012b\u0161a muzejs\",\"isPartOf\":{\"@id\":\"https:\/\/purvitis.lv\/#website\"},\"datePublished\":\"2023-12-15T09:27:16+00:00\",\"dateModified\":\"2024-04-16T12:24:57+00:00\",\"breadcrumb\":{\"@id\":\"https:\/\/purvitis.lv\/en\/purvitis\/#breadcrumb\"},\"inLanguage\":\"en-US\",\"potentialAction\":[{\"@type\":\"ReadAction\",\"target\":[\"https:\/\/purvitis.lv\/en\/purvitis\/\"]}]},{\"@type\":\"BreadcrumbList\",\"@id\":\"https:\/\/purvitis.lv\/en\/purvitis\/#breadcrumb\",\"itemListElement\":[{\"@type\":\"ListItem\",\"position\":1,\"name\":\"Home\",\"item\":\"https:\/\/purvitis.lv\/en\/\"},{\"@type\":\"ListItem\",\"position\":2,\"name\":\"Purv\u012btis\"}]},{\"@type\":\"WebSite\",\"@id\":\"https:\/\/purvitis.lv\/#website\",\"url\":\"https:\/\/purvitis.lv\/\",\"name\":\"Purv\u012b\u0161a muzejs\",\"description\":\"ir m\u0101jas\",\"potentialAction\":[{\"@type\":\"SearchAction\",\"target\":{\"@type\":\"EntryPoint\",\"urlTemplate\":\"https:\/\/purvitis.lv\/?s={search_term_string}\"},\"query-input\":\"required name=search_term_string\"}],\"inLanguage\":\"en-US\"}]}<\/script>\n<!-- \/ Yoast SEO plugin. -->","yoast_head_json":{"title":"Purv\u012btis - Purv\u012b\u0161a muzejs","robots":{"index":"index","follow":"follow","max-snippet":"max-snippet:-1","max-image-preview":"max-image-preview:large","max-video-preview":"max-video-preview:-1"},"canonical":"https:\/\/purvitis.lv\/en\/purvitis\/","og_locale":"en_US","og_type":"article","og_title":"Purv\u012btis - Purv\u012b\u0161a muzejs","og_url":"https:\/\/purvitis.lv\/en\/purvitis\/","og_site_name":"Purv\u012b\u0161a muzejs","article_modified_time":"2024-04-16T12:24:57+00:00","twitter_card":"summary_large_image","schema":{"@context":"https:\/\/schema.org","@graph":[{"@type":"WebPage","@id":"https:\/\/purvitis.lv\/en\/purvitis\/","url":"https:\/\/purvitis.lv\/en\/purvitis\/","name":"Purv\u012btis - Purv\u012b\u0161a muzejs","isPartOf":{"@id":"https:\/\/purvitis.lv\/#website"},"datePublished":"2023-12-15T09:27:16+00:00","dateModified":"2024-04-16T12:24:57+00:00","breadcrumb":{"@id":"https:\/\/purvitis.lv\/en\/purvitis\/#breadcrumb"},"inLanguage":"en-US","potentialAction":[{"@type":"ReadAction","target":["https:\/\/purvitis.lv\/en\/purvitis\/"]}]},{"@type":"BreadcrumbList","@id":"https:\/\/purvitis.lv\/en\/purvitis\/#breadcrumb","itemListElement":[{"@type":"ListItem","position":1,"name":"Home","item":"https:\/\/purvitis.lv\/en\/"},{"@type":"ListItem","position":2,"name":"Purv\u012btis"}]},{"@type":"WebSite","@id":"https:\/\/purvitis.lv\/#website","url":"https:\/\/purvitis.lv\/","name":"Purv\u012b\u0161a muzejs","description":"ir m\u0101jas","potentialAction":[{"@type":"SearchAction","target":{"@type":"EntryPoint","urlTemplate":"https:\/\/purvitis.lv\/?s={search_term_string}"},"query-input":"required name=search_term_string"}],"inLanguage":"en-US"}]}},"_links":{"self":[{"href":"https:\/\/purvitis.lv\/en\/wp-json\/wp\/v2\/pages\/2049","targetHints":{"allow":["GET"]}}],"collection":[{"href":"https:\/\/purvitis.lv\/en\/wp-json\/wp\/v2\/pages"}],"about":[{"href":"https:\/\/purvitis.lv\/en\/wp-json\/wp\/v2\/types\/page"}],"author":[{"embeddable":true,"href":"https:\/\/purvitis.lv\/en\/wp-json\/wp\/v2\/users\/1"}],"replies":[{"embeddable":true,"href":"https:\/\/purvitis.lv\/en\/wp-json\/wp\/v2\/comments?post=2049"}],"version-history":[{"count":15,"href":"https:\/\/purvitis.lv\/en\/wp-json\/wp\/v2\/pages\/2049\/revisions"}],"predecessor-version":[{"id":2195,"href":"https:\/\/purvitis.lv\/en\/wp-json\/wp\/v2\/pages\/2049\/revisions\/2195"}],"wp:attachment":[{"href":"https:\/\/purvitis.lv\/en\/wp-json\/wp\/v2\/media?parent=2049"}],"curies":[{"name":"wp","href":"https:\/\/api.w.org\/{rel}","templated":true}]}}