{"id":2051,"date":"2023-12-15T09:27:59","date_gmt":"2023-12-15T09:27:59","guid":{"rendered":"https:\/\/purvitis.lv\/saimnieciba\/"},"modified":"2024-04-16T12:38:59","modified_gmt":"2024-04-16T12:38:59","slug":"saimnieciba","status":"publish","type":"page","link":"https:\/\/purvitis.lv\/en\/saimnieciba\/","title":{"rendered":"Farmsted"},"content":{"rendered":"\n<section id=\"hero-block-block_796f77a39aa1bbc69b763fbef6f705d9\" class=\"hero-block mb-med mb-m-med\">\n\n    \n    <div class=\"hero-block__wrapper\">\n\n        \n        <div class=\"media\">\n            <video  autoplay muted loop id=\"myVideo\">\n                                <source src=\"https:\/\/purvitis.lv\/app\/uploads\/2024\/02\/DJI_0145fhd.mp4\" type=\"video\/mp4\">\n                            <\/video>\n        <\/div>\n        \n        \n                            \n    <\/div>\n\n<\/section>\n\n<script>window.dispatchEvent( new Event('acf\/loaded\/hero-block'));<\/script>\n<section id=\"purvitis-text-block_86aa0bf24f310ddc5c38b8f414c1fed9\" class=\"purvitis-text mb-med mb-m-nor\">\n\n    <p><span style=\"font-weight: 400;\">The Vidzeme landscape, Vilhelms Purv\u012btis and the \u201cVecjau\u017ei\u201d house form a unique triumvirate, combining scenic beauty, artistic excellence and cultural heritage. This link complements and highlights Latvia\u2019s rich cultural environment, where each element creates an unforgettable overall picture.<\/span><\/p>\n<p><span style=\"font-weight: 400;\">Marshland, forests, fields, ponds \u2013 these lands live, breathe and exist as a unique landscape heritage of the artist Vilhelms Purv\u012btis. The Purv\u012btis Foundation, surrounded by the suggestive sound of forests, participates in an impressive project \u201cInvestments in the expansion of forest areas and improvement of forest viability\u201d. 2023.<\/span>Autumn 2023 saw the planting of 3000 spruce, 1000 birch and 600 alder trees in the area. The composition of the restored forest trees was created as a symbolic tribute to the \u201cPurv\u012btis landscape\u201d, which can be enjoyed in the artist\u2019s paintings.<\/p>\n    \n<\/section>\n\n<script>window.dispatchEvent( new Event('acf\/loaded\/purvitis-text'));<\/script>\n<section id=\"full-width-image-block_0f532898813ffbe088b6d8c0547d2021\" class=\"full-width-image mb-med mb-m-med\">\n\n            \n    <div class=\"mpwbpk-image full-width media\">\n        <img loading=\"lazy\" decoding=\"async\" src=\"https:\/\/purvitis.lv\/app\/uploads\/2023\/12\/8A3E600A-20CC-4AA2-AAFB-DBB018801DDC-1-1024x571.jpeg\" style=\"background-image: url(https:\/\/purvitis.lv\/app\/uploads\/2023\/12\/8A3E600A-20CC-4AA2-AAFB-DBB018801DDC-1-150x150.jpeg);\" class=\"img-fluid\" width=\"1084\" height=\"600\" alt=\"\"><\/a>            \n            \n            <\/div>\n\n        \n<\/section>\n\n<script>window.dispatchEvent( new Event('acf\/loaded\/full-width-image'));<\/script>\n<section id=\"purvitis-text-block_59488c4fef22587cbccecefc8ed896bf\" class=\"purvitis-text mb-med mb-m-med\">\n\n    <p><span style=\"font-weight: 400;\">But it\u2019s not just forests that make the Purv\u012btis landscape magnificent. The \u201cVecjau\u017ei\u201d house is also home to 22 Purv\u012btis-era apple trees. At times, they seem to whisper stories of times gone by, and at the same time, of surprising futures.<\/span><span style=\"font-weight: 400;\"><br \/>\n<\/span><span style=\"font-weight: 400;\">On the hill across the road from the \u201cVecjau\u017ei\u201d house, you can also see the new apple orchard with 600 cider apple trees, which will bear fruit in five years.<\/span><span style=\"font-weight: 400;\"><br \/>\n<\/span><span style=\"font-weight: 400;\">2024. In 2024, the apple orchard will be expanded to continue to express the blossoming spirit of the Purv\u012btis home. <\/span><span style=\"font-weight: 400;\"><br \/>\n<\/span><span style=\"font-weight: 400;\">Ponds that once basked in the sunshine and served as flax marshes have now been taken over by beavers. As symbols of the continuity of life and the cyclical changes of nature, they are to be restored.<\/span><span style=\"font-weight: 400;\"><br \/>\n<\/span><span style=\"font-weight: 400;\"><br \/>\n<\/span><span style=\"font-weight: 400;\">\u201cVecjau\u017ei&#8221; has been granted the status<\/span><b>\u2013<\/b> <span style=\"font-weight: 400;\">of a cultural monument of national importance \u201cBirthplace of the painter V. Purv\u012btis\u201d with an adjacent protection zone. It is a<\/span><span style=\"font-weight: 400;\"> special and honourable designation, which highlights the site as an important part of our cultural heritage and honours not only the Vidzeme landscape and its hills but also Purv\u012btis\u2019 artistic legacy. It is an invitation to all of us to take care of the Vilhelms Purv\u012btis family home and to maintain the precious link between the past and the present.<\/span><\/p>\n    \n<\/section>\n\n<script>window.dispatchEvent( new Event('acf\/loaded\/purvitis-text'));<\/script>\n<section id=\"hero-block-block_5c2ef8e6d2d7b522487a170571913cce\" class=\"hero-block mb-big mb-m-big\">\n\n    \n    <div class=\"hero-block__wrapper\">\n\n        \n        <div class=\"media\">\n            <img decoding=\"async\" \n                        src=\"https:\/\/purvitis.lv\/app\/uploads\/2024\/01\/Abeldarzs_pirmais_AbolsPHOTO-2023-08-26-10-54-47-1084x602.webp\" \n                        class=\"img-fluid\" \n                        style=\"background-image: url(https:\/\/purvitis.lv\/app\/uploads\/2024\/01\/Abeldarzs_pirmais_AbolsPHOTO-2023-08-26-10-54-47-150x150.webp);\"\n                        alt=\"\">\n                        <div class=\"image-wrapper\"><\/div>\n        <\/div>\n        \n        \n                <div class=\"media-caption\"><p class=\"caption\"><span>The first harvest of the new apple orchard, 2022<\/span><\/p><\/div>            \n    <\/div>\n\n<\/section>\n\n<script>window.dispatchEvent( new Event('acf\/loaded\/hero-block'));<\/script>\n<style type=\"text\/css\">\n\n    \n    :root {\n        \/*\n            New BG color\n        --------------------------------------- *\/\n        --new-bg-hue: 201 !important;\n        --new-bg-saturation: 28% !important;\n        --new-bg-light: 85% !important;\n    }\n\n<\/style>\n\n<section id=\"donate-box-block_4dccc7a1f2d5a2a34cdbba2301e6d8a7\" class=\"donate-box\">\n    <div class=\"donate-box__inner\" data-bg-color=\"#dfe8ed\">\n        <p>Company details:<\/p>\n<p>Biedr\u012bba \u201cPurv\u012b\u0161a muzejs\u201d<\/p>\n<p>Reg.nr. 40008120773<\/p>\n<p>Bank: Swedbank<br \/>\nAccount nr.: LV96HABA0551018616469<\/p>\n        <a href=\"\" class=\"cta\">Support the museum through donations<\/a>\n    <\/div>\n<\/section>\n\n<script>window.dispatchEvent( new Event('acf\/loaded\/donate-box'));<\/script>","protected":false},"excerpt":{"rendered":"","protected":false},"author":1,"featured_media":0,"parent":0,"menu_order":0,"comment_status":"closed","ping_status":"closed","template":"","meta":{"footnotes":""},"class_list":["post-2051","page","type-page","status-publish","hentry"],"acf":[],"yoast_head":"<!-- This site is optimized with the Yoast SEO plugin v21.9.1 - https:\/\/yoast.com\/wordpress\/plugins\/seo\/ -->\n<title>Farmsted - Purv\u012b\u0161a muzejs<\/title>\n<meta name=\"robots\" content=\"index, follow, max-snippet:-1, max-image-preview:large, max-video-preview:-1\" \/>\n<link rel=\"canonical\" href=\"https:\/\/purvitis.lv\/en\/saimnieciba\/\" \/>\n<meta property=\"og:locale\" content=\"en_US\" \/>\n<meta property=\"og:type\" content=\"article\" \/>\n<meta property=\"og:title\" content=\"Farmsted - Purv\u012b\u0161a muzejs\" \/>\n<meta property=\"og:url\" content=\"https:\/\/purvitis.lv\/en\/saimnieciba\/\" \/>\n<meta property=\"og:site_name\" content=\"Purv\u012b\u0161a muzejs\" \/>\n<meta property=\"article:modified_time\" content=\"2024-04-16T12:38:59+00:00\" \/>\n<meta name=\"twitter:card\" content=\"summary_large_image\" \/>\n<script type=\"application\/ld+json\" class=\"yoast-schema-graph\">{\"@context\":\"https:\/\/schema.org\",\"@graph\":[{\"@type\":\"WebPage\",\"@id\":\"https:\/\/purvitis.lv\/en\/saimnieciba\/\",\"url\":\"https:\/\/purvitis.lv\/en\/saimnieciba\/\",\"name\":\"Farmsted - Purv\u012b\u0161a muzejs\",\"isPartOf\":{\"@id\":\"https:\/\/purvitis.lv\/#website\"},\"datePublished\":\"2023-12-15T09:27:59+00:00\",\"dateModified\":\"2024-04-16T12:38:59+00:00\",\"breadcrumb\":{\"@id\":\"https:\/\/purvitis.lv\/en\/saimnieciba\/#breadcrumb\"},\"inLanguage\":\"en-US\",\"potentialAction\":[{\"@type\":\"ReadAction\",\"target\":[\"https:\/\/purvitis.lv\/en\/saimnieciba\/\"]}]},{\"@type\":\"BreadcrumbList\",\"@id\":\"https:\/\/purvitis.lv\/en\/saimnieciba\/#breadcrumb\",\"itemListElement\":[{\"@type\":\"ListItem\",\"position\":1,\"name\":\"Home\",\"item\":\"https:\/\/purvitis.lv\/en\/\"},{\"@type\":\"ListItem\",\"position\":2,\"name\":\"Farmsted\"}]},{\"@type\":\"WebSite\",\"@id\":\"https:\/\/purvitis.lv\/#website\",\"url\":\"https:\/\/purvitis.lv\/\",\"name\":\"Purv\u012b\u0161a muzejs\",\"description\":\"ir m\u0101jas\",\"potentialAction\":[{\"@type\":\"SearchAction\",\"target\":{\"@type\":\"EntryPoint\",\"urlTemplate\":\"https:\/\/purvitis.lv\/?s={search_term_string}\"},\"query-input\":\"required name=search_term_string\"}],\"inLanguage\":\"en-US\"}]}<\/script>\n<!-- \/ Yoast SEO plugin. -->","yoast_head_json":{"title":"Farmsted - Purv\u012b\u0161a muzejs","robots":{"index":"index","follow":"follow","max-snippet":"max-snippet:-1","max-image-preview":"max-image-preview:large","max-video-preview":"max-video-preview:-1"},"canonical":"https:\/\/purvitis.lv\/en\/saimnieciba\/","og_locale":"en_US","og_type":"article","og_title":"Farmsted - Purv\u012b\u0161a muzejs","og_url":"https:\/\/purvitis.lv\/en\/saimnieciba\/","og_site_name":"Purv\u012b\u0161a muzejs","article_modified_time":"2024-04-16T12:38:59+00:00","twitter_card":"summary_large_image","schema":{"@context":"https:\/\/schema.org","@graph":[{"@type":"WebPage","@id":"https:\/\/purvitis.lv\/en\/saimnieciba\/","url":"https:\/\/purvitis.lv\/en\/saimnieciba\/","name":"Farmsted - Purv\u012b\u0161a muzejs","isPartOf":{"@id":"https:\/\/purvitis.lv\/#website"},"datePublished":"2023-12-15T09:27:59+00:00","dateModified":"2024-04-16T12:38:59+00:00","breadcrumb":{"@id":"https:\/\/purvitis.lv\/en\/saimnieciba\/#breadcrumb"},"inLanguage":"en-US","potentialAction":[{"@type":"ReadAction","target":["https:\/\/purvitis.lv\/en\/saimnieciba\/"]}]},{"@type":"BreadcrumbList","@id":"https:\/\/purvitis.lv\/en\/saimnieciba\/#breadcrumb","itemListElement":[{"@type":"ListItem","position":1,"name":"Home","item":"https:\/\/purvitis.lv\/en\/"},{"@type":"ListItem","position":2,"name":"Farmsted"}]},{"@type":"WebSite","@id":"https:\/\/purvitis.lv\/#website","url":"https:\/\/purvitis.lv\/","name":"Purv\u012b\u0161a muzejs","description":"ir m\u0101jas","potentialAction":[{"@type":"SearchAction","target":{"@type":"EntryPoint","urlTemplate":"https:\/\/purvitis.lv\/?s={search_term_string}"},"query-input":"required name=search_term_string"}],"inLanguage":"en-US"}]}},"_links":{"self":[{"href":"https:\/\/purvitis.lv\/en\/wp-json\/wp\/v2\/pages\/2051","targetHints":{"allow":["GET"]}}],"collection":[{"href":"https:\/\/purvitis.lv\/en\/wp-json\/wp\/v2\/pages"}],"about":[{"href":"https:\/\/purvitis.lv\/en\/wp-json\/wp\/v2\/types\/page"}],"author":[{"embeddable":true,"href":"https:\/\/purvitis.lv\/en\/wp-json\/wp\/v2\/users\/1"}],"replies":[{"embeddable":true,"href":"https:\/\/purvitis.lv\/en\/wp-json\/wp\/v2\/comments?post=2051"}],"version-history":[{"count":6,"href":"https:\/\/purvitis.lv\/en\/wp-json\/wp\/v2\/pages\/2051\/revisions"}],"predecessor-version":[{"id":2201,"href":"https:\/\/purvitis.lv\/en\/wp-json\/wp\/v2\/pages\/2051\/revisions\/2201"}],"wp:attachment":[{"href":"https:\/\/purvitis.lv\/en\/wp-json\/wp\/v2\/media?parent=2051"}],"curies":[{"name":"wp","href":"https:\/\/api.w.org\/{rel}","templated":true}]}}